{"id":21505,"date":"2023-02-15T02:34:21","date_gmt":"2023-02-15T02:34:21","guid":{"rendered":"https:\/\/www.blush-rose.com\/polityka-prywatnosci\/"},"modified":"2024-05-09T13:22:37","modified_gmt":"2024-05-09T13:22:37","slug":"polityka-prywatnosci","status":"publish","type":"page","link":"https:\/\/www.blush-rose.com\/pl\/polityka-prywatnosci\/","title":{"rendered":"Polityka prywatno\u015bci"},"content":{"rendered":"\n\n[et_pb_section fb_built=&#8221;1&#8243; theme_builder_area=&#8221;post_content&#8221; _builder_version=&#8221;4.17.3&#8243; _module_preset=&#8221;default&#8221;][et_pb_row _builder_version=&#8221;4.17.3&#8243; _module_preset=&#8221;default&#8221; theme_builder_area=&#8221;post_content&#8221;][et_pb_column _builder_version=&#8221;4.17.3&#8243; _module_preset=&#8221;default&#8221; type=&#8221;4_4&#8243; theme_builder_area=&#8221;post_content&#8221;][et_pb_text _builder_version=&#8221;4.17.3&#8243; _module_preset=&#8221;default&#8221; theme_builder_area=&#8221;post_content&#8221; hover_enabled=&#8221;0&#8243; sticky_enabled=&#8221;0&#8243;]\n          <div class=\"et_pb_module et_pb_text et_pb_text_0 et_pb_text_align_left et_pb_bg_layout_light\" style=\"box-sizing: border-box; margin: 0px 0px 29.7px; padding: 0px; border: 0px; outline: 0px; font-size: 14px; text-size-adjust: 100%; vertical-align: baseline; background: 50% center \/ cover no-repeat #ffffff; position: relative; animation-timing-function: linear; animation-duration: 0.2s; overflow-wrap: break-word; text-align: left; color: #666666; font-family: 'Open Sans', Arial, sans-serif; font-style: normal; font-variant-ligatures: normal; font-variant-caps: normal; font-weight: 500; letter-spacing: normal; orphans: 2; text-indent: 0px; text-transform: none; white-space: normal; widows: 2; word-spacing: 0px; -webkit-text-stroke-width: 0px; text-decoration-thickness: initial; text-decoration-style: initial; text-decoration-color: initial;\">\n            \n\n            <div class=\"et_pb_text_inner\" style=\"box-sizing: border-box; margin: 0px; padding: 0px; border: 0px; outline: 0px; font-size: 14px; text-size-adjust: 100%; vertical-align: baseline; background: 0px 0px; position: relative;\">\n              \n\n              <h4 style=\"box-sizing: border-box; margin: 0px; padding: 0px 0px 10px; border: 0px; outline: 0px; font-size: 18px; text-size-adjust: 100%; vertical-align: baseline; background: 0px 0px; color: #51a3cc !important; line-height: 1em; font-weight: bold;\">Polityka prywatno\u015bci<\/h4>\n              \n\n              <p style=\"box-sizing: border-box; margin: 0px; padding: 0px; border: 0px; outline: 0px; font-size: 14px; text-size-adjust: 100%; vertical-align: baseline; background: 0px 0px;\">Niniejsze o\u015bwiadczenie o ochronie prywatno\u015bci przekazujemy Pa\u0144stwu w celu wyja\u015bnienia, jakie informacje zbiera od Pa\u0144stwa firma BLUSH ROSE w zwi\u0105zku z korzystaniem przez Pa\u0144stwa z tej strony internetowej (zwanej dalej \u201eWitryn\u0105\u201d) i w jaki spos\u00f3b wykorzystuje te informacje.<\/p>\n              \n\n            <\/div>\n            \n\n          <\/div>\n          \n\n          <div class=\"et_pb_module et_pb_text et_pb_text_1 et_pb_text_align_left et_pb_bg_layout_light\" style=\"box-sizing: border-box; margin: 0px 0px 29.7px; padding: 0px; border: 0px; outline: 0px; font-size: 14px; text-size-adjust: 100%; vertical-align: baseline; background: 50% center \/ cover no-repeat #ffffff; position: relative; animation-timing-function: linear; animation-duration: 0.2s; overflow-wrap: break-word; text-align: left; color: #666666; font-family: 'Open Sans', Arial, sans-serif; font-style: normal; font-variant-ligatures: normal; font-variant-caps: normal; font-weight: 500; letter-spacing: normal; orphans: 2; text-indent: 0px; text-transform: none; white-space: normal; widows: 2; word-spacing: 0px; -webkit-text-stroke-width: 0px; text-decoration-thickness: initial; text-decoration-style: initial; text-decoration-color: initial;\">\n            \n\n            <div class=\"et_pb_text_inner\" style=\"box-sizing: border-box; margin: 0px; padding: 0px; border: 0px; outline: 0px; font-size: 14px; text-size-adjust: 100%; vertical-align: baseline; background: 0px 0px; position: relative;\">\n              \n\n              <h4 style=\"box-sizing: border-box; margin: 0px; padding: 0px 0px 10px; border: 0px; outline: 0px; font-size: 18px; text-size-adjust: 100%; vertical-align: baseline; background: 0px 0px; color: #51a3cc !important; line-height: 1em; font-weight: bold;\">Informacje osobiste<\/h4>\n              \n\n              <p style=\"box-sizing: border-box; margin: 0px; padding: 0px 0px 1em; border: 0px; outline: 0px; font-size: 14px; text-size-adjust: 100%; vertical-align: baseline; background: 0px 0px;\">Og\u00f3lnie rzecz bior\u0105c, mo\u017cesz przegl\u0105da\u0107 t\u0119 Stron\u0119 bez podawania swojego imienia i nazwiska oraz innych danych osobowych. Czasami Witryna mo\u017ce potrzebowa\u0107 Twoich danych osobowych. Na przyk\u0142ad potrzebujemy Twojego adresu e-mail, imienia i danych kontaktowych, gdy wysy\u0142asz do nas e-mail lub rejestrujesz si\u0119 w celu uzyskania bezp\u0142atnej subskrypcji; gdy ubiegasz si\u0119 o prac\u0119 na naszej stronie internetowej, potrzebujemy Twojego imienia i nazwiska, p\u0142ci, wieku i wykszta\u0142cenia. Mo\u017cemy potrzebowa\u0107 takich informacji, aby zrealizowa\u0107 transakcj\u0119 lub zapewni\u0107 lepsz\u0105 obs\u0142ug\u0119.<\/p>\n              \n\n              <p style=\"box-sizing: border-box; margin: 0px; padding: 0px; border: 0px; outline: 0px; font-size: 14px; text-size-adjust: 100%; vertical-align: baseline; background: 0px 0px;\">Kiedy odwiedzasz t\u0119 Stron\u0119, automatycznie zbiera ona pewne informacje o Tobie i Twojej pro\u015bbie (np. Tw\u00f3j adres protoko\u0142u internetowego (\u201eIP\u201d), tre\u015bci, o kt\u00f3re prosisz) oraz inne informacje dostarczane przez Twoj\u0105 przegl\u0105dark\u0119 (np. nazw\u0119 przegl\u0105darki, stron\u0119 odsy\u0142aj\u0105c\u0105 ). Informacje te mog\u0105 zosta\u0107 wykorzystane w celu ulepszenia zawarto\u015bci i u\u017cyteczno\u015bci tej Strony, zrozumienia sposobu, w jaki korzystasz z Witryny oraz dostosowania tre\u015bci w oparciu o Twoje wykorzystanie. Nie \u0142\u0105czymy tych informacji z Twoimi danymi osobowymi.<\/p>\n              \n\n            <\/div>\n            \n\n          <\/div>\n          \n\n          <div class=\"et_pb_module et_pb_text et_pb_text_2 et_pb_text_align_left et_pb_bg_layout_light\" style=\"box-sizing: border-box; margin: 0px 0px 29.7px; padding: 0px; border: 0px; outline: 0px; font-size: 14px; text-size-adjust: 100%; vertical-align: baseline; background: 50% center \/ cover no-repeat #ffffff; position: relative; animation-timing-function: linear; animation-duration: 0.2s; overflow-wrap: break-word; text-align: left; color: #666666; font-family: 'Open Sans', Arial, sans-serif; font-style: normal; font-variant-ligatures: normal; font-variant-caps: normal; font-weight: 500; letter-spacing: normal; orphans: 2; text-indent: 0px; text-transform: none; white-space: normal; widows: 2; word-spacing: 0px; -webkit-text-stroke-width: 0px; text-decoration-thickness: initial; text-decoration-style: initial; text-decoration-color: initial;\">\n            \n\n            <div class=\"et_pb_text_inner\" style=\"box-sizing: border-box; margin: 0px; padding: 0px; border: 0px; outline: 0px; font-size: 14px; text-size-adjust: 100%; vertical-align: baseline; background: 0px 0px; position: relative;\">\n              \n\n              <h4 style=\"box-sizing: border-box; margin: 0px; padding: 0px 0px 10px; border: 0px; outline: 0px; font-size: 18px; text-size-adjust: 100%; vertical-align: baseline; background: 0px 0px; color: #51a3cc !important; line-height: 1em; font-weight: bold;\">Ciasteczka<\/h4>\n              \n\n              <p style=\"box-sizing: border-box; margin: 0px; padding: 0px; border: 0px; outline: 0px; font-size: 14px; text-size-adjust: 100%; vertical-align: baseline; background: 0px 0px;\">Gdy odwiedzisz t\u0119 Stron\u0119, wy\u015blemy Ci plik cookie. Plik cookie przechowuje ma\u0142y plik danych na Twoim komputerze. Plik ten umo\u017cliwia nam rozpoznanie Ci\u0119 za ka\u017cdym razem, gdy nas odwiedzasz. Pliki cookie pomagaj\u0105 nam na wiele sposob\u00f3w, na przyk\u0142ad zapisuj\u0105c preferencje dotycz\u0105ce regionu i j\u0119zyka oraz w celu gromadzenia danych nieosobowych.<br style=\"box-sizing: border-box;\">Je\u015bli nie zezwolisz tej witrynie na u\u017cywanie plik\u00f3w cookie, niekt\u00f3re funkcje lub sekcje Witryny mog\u0105 by\u0107 dla Ciebie niedost\u0119pne lub mog\u0105 nie dzia\u0142a\u0107 zgodnie z oczekiwaniami. Pliki cookies mo\u017cna r\u00f3wnie\u017c usun\u0105\u0107 lub zablokowa\u0107, post\u0119puj\u0105c zgodnie ze wskaz\u00f3wkami pomocy w przegl\u0105darce.<\/p>\n              \n\n            <\/div>\n            \n\n          <\/div>\n          \n\n          <div class=\"et_pb_module et_pb_text et_pb_text_3 et_pb_text_align_left et_pb_bg_layout_light\" style=\"box-sizing: border-box; margin: 0px 0px 29.7px; padding: 0px; border: 0px; outline: 0px; font-size: 14px; text-size-adjust: 100%; vertical-align: baseline; background: 50% center \/ cover no-repeat #ffffff; position: relative; animation-timing-function: linear; animation-duration: 0.2s; overflow-wrap: break-word; text-align: left; color: #666666; font-family: 'Open Sans', Arial, sans-serif; font-style: normal; font-variant-ligatures: normal; font-variant-caps: normal; font-weight: 500; letter-spacing: normal; orphans: 2; text-indent: 0px; text-transform: none; white-space: normal; widows: 2; word-spacing: 0px; -webkit-text-stroke-width: 0px; text-decoration-thickness: initial; text-decoration-style: initial; text-decoration-color: initial;\">\n            \n\n            <div class=\"et_pb_text_inner\" style=\"box-sizing: border-box; margin: 0px; padding: 0px; border: 0px; outline: 0px; font-size: 14px; text-size-adjust: 100%; vertical-align: baseline; background: 0px 0px; position: relative;\">\n              \n\n              <h4 style=\"box-sizing: border-box; margin: 0px; padding: 0px 0px 10px; border: 0px; outline: 0px; font-size: 18px; text-size-adjust: 100%; vertical-align: baseline; background: 0px 0px; color: #51a3cc !important; line-height: 1em; font-weight: bold;\">Bezpiecze\u0144stwo<\/h4>\n              \n\n              <p style=\"box-sizing: border-box; margin: 0px; padding: 0px; border: 0px; outline: 0px; font-size: 14px; text-size-adjust: 100%; vertical-align: baseline; background: 0px 0px;\">BLUSH ROSE stosuje rozs\u0105dne \u015brodki bezpiecze\u0144stwa maj\u0105ce na celu zabezpieczenie Twoich informacji. Serwery, na kt\u00f3rych przechowywane s\u0105 dane osobowe, s\u0105 chronione has\u0142em i zapor\u0105 sieciow\u0105, a dost\u0119p jest ograniczony do tych pracownik\u00f3w i niezale\u017cnych wykonawc\u00f3w, kt\u00f3rzy musz\u0105 to wiedzie\u0107, i wy\u0142\u0105cznie w celach okre\u015blonych powy\u017cej. Utrzymujemy zabezpieczenia maj\u0105ce na celu ochron\u0119 bezpiecze\u0144stwa, integralno\u015bci i prywatno\u015bci tych serwer\u00f3w oraz Twoich danych osobowych.<\/p>\n              \n\n            <\/div>\n            \n\n          <\/div>\n          \n\n          <div class=\"et_pb_module et_pb_text et_pb_text_4 et_pb_text_align_left et_pb_bg_layout_light\" style=\"box-sizing: border-box; margin: 0px 0px 29.7px; padding: 0px; border: 0px; outline: 0px; font-size: 14px; text-size-adjust: 100%; vertical-align: baseline; background: 50% center \/ cover no-repeat #ffffff; position: relative; animation-timing-function: linear; animation-duration: 0.2s; overflow-wrap: break-word; text-align: left; color: #666666; font-family: 'Open Sans', Arial, sans-serif; font-style: normal; font-variant-ligatures: normal; font-variant-caps: normal; font-weight: 500; letter-spacing: normal; orphans: 2; text-indent: 0px; text-transform: none; white-space: normal; widows: 2; word-spacing: 0px; -webkit-text-stroke-width: 0px; text-decoration-thickness: initial; text-decoration-style: initial; text-decoration-color: initial;\">\n            \n\n            <div class=\"et_pb_text_inner\" style=\"box-sizing: border-box; margin: 0px; padding: 0px; border: 0px; outline: 0px; font-size: 14px; text-size-adjust: 100%; vertical-align: baseline; background: 0px 0px; position: relative;\">\n              \n\n              <h4 style=\"box-sizing: border-box; margin: 0px; padding: 0px 0px 10px; border: 0px; outline: 0px; font-size: 18px; text-size-adjust: 100%; vertical-align: baseline; background: 0px 0px; color: #51a3cc !important; line-height: 1em; font-weight: bold;\">Linki stron trzecich<\/h4>\n              \n\n              <p style=\"box-sizing: border-box; margin: 0px; padding: 0px; border: 0px; outline: 0px; font-size: 14px; text-size-adjust: 100%; vertical-align: baseline; background: 0px 0px;\">Mog\u0105 istnie\u0107 witryny internetowe stron trzecich, do kt\u00f3rych mo\u017cna uzyska\u0107 \u0142\u0105cza z tej witryny internetowej. Na przyk\u0142ad, umo\u017cliwiamy Pa\u0144stwu po\u0142\u0105czenie z Facebookiem, Twitterem i r\u00f3\u017cnymi innymi serwisami spo\u0142eczno\u015bciowymi za pomoc\u0105 tej Strony Internetowej. Jednak\u017ce Grupa YUTANI nie ma kontroli nad tymi witrynami, do kt\u00f3rych prowadz\u0105 linki, a ka\u017cda z nich ma odr\u0119bne praktyki dotycz\u0105ce prywatno\u015bci i gromadzenia danych, niezale\u017cne od Grupy YUTANI. Witryny stron trzecich mog\u0105 \u015bledzi\u0107 Twoj\u0105 aktywno\u015b\u0107 przegl\u0105dania w tej Witrynie internetowej, a tak\u017ce w innych witrynach, kt\u00f3re odwiedzasz. Grupa YUTANI nie ponosi \u017cadnej odpowiedzialno\u015bci za te niezale\u017cne zasady lub dzia\u0142ania i nie jest odpowiedzialna za praktyki dotycz\u0105ce prywatno\u015bci ani zawarto\u015b\u0107 takich stron internetowych. Strony, do kt\u00f3rych prowadz\u0105 linki, s\u0142u\u017c\u0105 jedynie Twojej wygodzie i dlatego korzystasz z nich na w\u0142asne ryzyko.<\/p>\n              \n\n            <\/div>\n            \n\n          <\/div>\n          \n\n          <div class=\"et_pb_module et_pb_text et_pb_text_5 et_pb_text_align_left et_pb_bg_layout_light\" style=\"box-sizing: border-box; margin: 0px 0px 29.7px; padding: 0px; border: 0px; outline: 0px; font-size: 14px; text-size-adjust: 100%; vertical-align: baseline; background: 50% center \/ cover no-repeat #ffffff; position: relative; animation-timing-function: linear; animation-duration: 0.2s; overflow-wrap: break-word; text-align: left; color: #666666; font-family: 'Open Sans', Arial, sans-serif; font-style: normal; font-variant-ligatures: normal; font-variant-caps: normal; font-weight: 500; letter-spacing: normal; orphans: 2; text-indent: 0px; text-transform: none; white-space: normal; widows: 2; word-spacing: 0px; -webkit-text-stroke-width: 0px; text-decoration-thickness: initial; text-decoration-style: initial; text-decoration-color: initial;\">\n            \n\n            <div class=\"et_pb_text_inner\" style=\"box-sizing: border-box; margin: 0px; padding: 0px; border: 0px; outline: 0px; font-size: 14px; text-size-adjust: 100%; vertical-align: baseline; background: 0px 0px; position: relative;\">\n              \n\n              <h4 style=\"box-sizing: border-box; margin: 0px; padding: 0px 0px 10px; border: 0px; outline: 0px; font-size: 18px; text-size-adjust: 100%; vertical-align: baseline; background: 0px 0px; color: #51a3cc !important; line-height: 1em; font-weight: bold;\">Zastrze\u017cenie<\/h4>\n              \n\n              <p style=\"box-sizing: border-box; margin: 0px; padding: 0px; border: 0px; outline: 0px; font-size: 14px; text-size-adjust: 100%; vertical-align: baseline; background: 0px 0px;\">W poni\u017cszych przypadkach niniejsza strona internetowa nie ponosi \u017cadnej odpowiedzialno\u015bci.<\/p>\n              \n\n              <ol style=\"box-sizing: border-box; margin: 0px; padding: 0px 0px 1em; border: 0px; outline: 0px; font-size: 14px; text-size-adjust: 100%; vertical-align: baseline; background: 0px 0px; list-style: inside decimal; line-height: 26px;\">\n                \n\n                <li style=\"box-sizing: border-box; margin: 0px; padding: 0px; border: 0px; outline: 0px; font-size: 14px; text-size-adjust: 100%; vertical-align: baseline; background: 0px 0px;\">Ujawniamy informacje organom \u015bcigania, agencjom rz\u0105dowym lub osobom trzecim upowa\u017cnionym przez prawo w odpowiedzi na zweryfikowane \u017c\u0105danie dotycz\u0105ce dochodzenia karnego lub domniemanej nielegalnej dzia\u0142alno\u015bci lub jakiejkolwiek innej dzia\u0142alno\u015bci, kt\u00f3ra mo\u017ce narazi\u0107 nas, Ciebie lub innego u\u017cytkownika Witryny internetowej do odpowiedzialno\u015bci prawnej. W takich przypadkach ujawnimy informacje, kt\u00f3re naszym zdaniem s\u0105 istotne i niezb\u0119dne dla dochodzenia lub dochodzenia.<\/li>\n                \n\n                <li style=\"box-sizing: border-box; margin: 0px; padding: 0px; border: 0px; outline: 0px; font-size: 14px; text-size-adjust: 100%; vertical-align: baseline; background: 0px 0px;\">Jakiekolwiek ujawnienie danych osobowych spowodowane udost\u0119pnieniem zarejestrowanych kont innym osobom lub podaniem innym swojego has\u0142a lub spowodowane innymi przyczynami osobistymi.<\/li>\n                \n\n                <li style=\"box-sizing: border-box; margin: 0px; padding: 0px; border: 0px; outline: 0px; font-size: 14px; text-size-adjust: 100%; vertical-align: baseline; background: 0px 0px;\">\n                  <span style=\"box-sizing: border-box; margin: 0px; padding: 0px; border: 0px; outline: 0px; font-size: 14px; text-size-adjust: 100%; vertical-align: baseline; background: 0px 0px;\">Wszelkie dane osobowe mog\u0105 zosta\u0107 ujawnione, utracone, skradzione i zmanipulowane przez wirusy komputerowe lub tymczasowe wy\u0142\u0105czenie sieci spowodowane czynnikami, kt\u00f3rym nie mo\u017cna si\u0119 oprze\u0107.<\/span>\n                <\/li>\n                \n\n                <li style=\"box-sizing: border-box; margin: 0px; padding: 0px; border: 0px; outline: 0px; font-size: 14px; text-size-adjust: 100%; vertical-align: baseline; background: 0px 0px;\">Dane osobowe s\u0105 ujawniane przez inne strony internetowe powi\u0105zane z t\u0105 Stron\u0105 internetow\u0105 oraz wszelkie spory prawne i konsekwencje z nich wynikaj\u0105ce.<\/li>\n                \n\n                <li style=\"box-sizing: border-box; margin: 0px; padding: 0px; border: 0px; outline: 0px; font-size: 14px; text-size-adjust: 100%; vertical-align: baseline; background: 0px 0px;\">Inne przyczyny prowadz\u0105ce do ujawnienia danych osobowych na skutek naszych niezamierzonych b\u0142\u0119d\u00f3w.<\/li>\n                \n\n              <\/ol>\n              \n\n            <\/div>\n            \n\n          <\/div>\n          \n\n          <div class=\"et_pb_module et_pb_text et_pb_text_6 et_pb_text_align_left et_pb_bg_layout_light\" style=\"box-sizing: border-box; margin: 0px; padding: 0px; border: 0px; outline: 0px; font-size: 14px; text-size-adjust: 100%; vertical-align: baseline; background: 50% center \/ cover no-repeat #ffffff; position: relative; animation-timing-function: linear; animation-duration: 0.2s; overflow-wrap: break-word; text-align: left; color: #666666; font-family: 'Open Sans', Arial, sans-serif; font-style: normal; font-variant-ligatures: normal; font-variant-caps: normal; font-weight: 500; letter-spacing: normal; orphans: 2; text-indent: 0px; text-transform: none; white-space: normal; widows: 2; word-spacing: 0px; -webkit-text-stroke-width: 0px; text-decoration-thickness: initial; text-decoration-style: initial; text-decoration-color: initial;\">\n            \n\n            <div class=\"et_pb_text_inner\" style=\"box-sizing: border-box; margin: 0px; padding: 0px; border: 0px; outline: 0px; font-size: 14px; text-size-adjust: 100%; vertical-align: baseline; background: 0px 0px; position: relative;\">\n              \n\n              <h4 style=\"box-sizing: border-box; margin: 0px; padding: 0px 0px 10px; border: 0px; outline: 0px; font-size: 18px; text-size-adjust: 100%; vertical-align: baseline; background: 0px 0px; color: #51a3cc !important; line-height: 1em; font-weight: bold;\">Obowi\u0105zuj\u0105ce przepisy<\/h4>\n              \n\n              <p style=\"box-sizing: border-box; margin: 0px; padding: 0px 0px 1em; border: 0px; outline: 0px; font-size: 14px; text-size-adjust: 100%; vertical-align: baseline; background: 0px 0px;\">Wszelkie kontrowersje lub pozwy wynikaj\u0105ce z niniejszej polityki prywatno\u015bci lub z ni\u0105 zwi\u0105zane b\u0119d\u0105 rozstrzygane przez prawo Chi\u0144skiej Republiki Ludowej.<\/p>\n              \n\n              <p style=\"box-sizing: border-box; margin: 0px; padding: 0px; border: 0px; outline: 0px; font-size: 14px; text-size-adjust: 100%; vertical-align: baseline; background: 0px 0px;\">BLUSH ROSE ma prawo wyja\u015bnia\u0107, poprawia\u0107 i aktualizowa\u0107 polityk\u0119 prywatno\u015bci.<\/p>\n              \n\n            <\/div>\n            \n\n          <\/div>\n        [\/et_pb_text][\/et_pb_column][\/et_pb_row][\/et_pb_section]\n\n","protected":false},"excerpt":{"rendered":"<p>Polityka prywatno\u015bci Niniejsze o\u015bwiadczenie o ochronie prywatno\u015bci przekazujemy Pa\u0144stwu w celu wyja\u015bnienia, jakie informacje zbiera od Pa\u0144stwa firma BLUSH ROSE w zwi\u0105zku z korzystaniem przez Pa\u0144stwa z tej strony internetowej (zwanej dalej \u201eWitryn\u0105\u201d) i w jaki spos\u00f3b wykorzystuje te informacje. Informacje osobiste Og\u00f3lnie rzecz bior\u0105c, mo\u017cesz przegl\u0105da\u0107 t\u0119 Stron\u0119 bez podawania swojego imienia i nazwiska [&hellip;]<\/p>\n","protected":false},"author":1,"featured_media":0,"parent":0,"menu_order":0,"comment_status":"closed","ping_status":"closed","template":"","meta":{"_et_pb_use_builder":"on","_et_pb_old_content":"","_et_gb_content_width":"","footnotes":""},"class_list":["post-21505","page","type-page","status-publish","hentry"],"_links":{"self":[{"href":"https:\/\/www.blush-rose.com\/pl\/wp-json\/wp\/v2\/pages\/21505","targetHints":{"allow":["GET"]}}],"collection":[{"href":"https:\/\/www.blush-rose.com\/pl\/wp-json\/wp\/v2\/pages"}],"about":[{"href":"https:\/\/www.blush-rose.com\/pl\/wp-json\/wp\/v2\/types\/page"}],"author":[{"embeddable":true,"href":"https:\/\/www.blush-rose.com\/pl\/wp-json\/wp\/v2\/users\/1"}],"replies":[{"embeddable":true,"href":"https:\/\/www.blush-rose.com\/pl\/wp-json\/wp\/v2\/comments?post=21505"}],"version-history":[{"count":1,"href":"https:\/\/www.blush-rose.com\/pl\/wp-json\/wp\/v2\/pages\/21505\/revisions"}],"predecessor-version":[{"id":21506,"href":"https:\/\/www.blush-rose.com\/pl\/wp-json\/wp\/v2\/pages\/21505\/revisions\/21506"}],"wp:attachment":[{"href":"https:\/\/www.blush-rose.com\/pl\/wp-json\/wp\/v2\/media?parent=21505"}],"curies":[{"name":"wp","href":"https:\/\/api.w.org\/{rel}","templated":true}]}}