{"id":21502,"date":"2023-02-15T03:36:39","date_gmt":"2023-02-15T03:36:39","guid":{"rendered":"https:\/\/www.blush-rose.com\/misja\/"},"modified":"2024-05-09T13:13:16","modified_gmt":"2024-05-09T13:13:16","slug":"misja","status":"publish","type":"page","link":"https:\/\/www.blush-rose.com\/pl\/misja\/","title":{"rendered":"Misja"},"content":{"rendered":"\n[et_pb_section fb_built=&#8221;1&#8243; _builder_version=&#8221;4.17.3&#8243; _module_preset=&#8221;default&#8221; global_colors_info=&#8221;{}&#8221; theme_builder_area=&#8221;post_content&#8221;][et_pb_row _builder_version=&#8221;4.17.3&#8243; _module_preset=&#8221;default&#8221; global_colors_info=&#8221;{}&#8221; theme_builder_area=&#8221;post_content&#8221;][et_pb_column type=&#8221;4_4&#8243; _builder_version=&#8221;4.17.3&#8243; _module_preset=&#8221;default&#8221; global_colors_info=&#8221;{}&#8221; theme_builder_area=&#8221;post_content&#8221;][et_pb_text _builder_version=&#8221;4.17.3&#8243; _module_preset=&#8221;default&#8221; hover_enabled=&#8221;0&#8243; global_colors_info=&#8221;{}&#8221; theme_builder_area=&#8221;post_content&#8221; sticky_enabled=&#8221;0&#8243;]<div class=\"et_pb_module et_pb_text et_pb_text_0 et_pb_text_align_left et_pb_bg_layout_light\" style=\"box-sizing: border-box; margin: 0px 0px 29.7px; padding: 0px; border: 0px; outline: 0px; font-size: 14px; text-size-adjust: 100%; vertical-align: baseline; background: 50% center \/ cover no-repeat #ffffff; position: relative; animation-timing-function: linear; animation-duration: 0.2s; overflow-wrap: break-word; text-align: left; color: #666666; font-family: 'Open Sans', Arial, sans-serif; font-style: normal; font-variant-ligatures: normal; font-variant-caps: normal; font-weight: 500; letter-spacing: normal; orphans: 2; text-indent: 0px; text-transform: none; white-space: normal; widows: 2; word-spacing: 0px; -webkit-text-stroke-width: 0px; text-decoration-thickness: initial; text-decoration-style: initial; text-decoration-color: initial;\">\n            \n\n            <div class=\"et_pb_text_inner\" style=\"box-sizing: border-box; margin: 0px; padding: 0px; border: 0px; outline: 0px; font-size: 14px; text-size-adjust: 100%; vertical-align: baseline; background: 0px 0px; position: relative;\">\n              \n\n              <h4 style=\"box-sizing: border-box; margin: 0px; padding: 0px 0px 10px; border: 0px; outline: 0px; font-size: 18px; text-size-adjust: 100%; vertical-align: baseline; background: 0px 0px; color: #51a3cc !important; line-height: 1em; font-weight: bold;\">Misja<\/h4>\n              \n\n            <\/div>\n            \n\n          <\/div>\n          \n\n          <div class=\"et_pb_module et_pb_text et_pb_text_6 et_pb_text_align_left et_pb_bg_layout_light\" style=\"box-sizing: border-box; margin: 0px; padding: 0px; border: 0px; outline: 0px; font-size: 14px; text-size-adjust: 100%; vertical-align: baseline; background: 50% center \/ cover no-repeat #ffffff; position: relative; animation-timing-function: linear; animation-duration: 0.2s; overflow-wrap: break-word; text-align: left; color: #666666; font-family: 'Open Sans', Arial, sans-serif; font-style: normal; font-variant-ligatures: normal; font-variant-caps: normal; font-weight: 500; letter-spacing: normal; orphans: 2; text-indent: 0px; text-transform: none; white-space: normal; widows: 2; word-spacing: 0px; -webkit-text-stroke-width: 0px; text-decoration-thickness: initial; text-decoration-style: initial; text-decoration-color: initial;\">\n            \n\n            <div class=\"et_pb_text_inner\" style=\"box-sizing: border-box; margin: 0px; padding: 0px; border: 0px; outline: 0px; font-size: 14px; text-size-adjust: 100%; vertical-align: baseline; background: 0px 0px; position: relative;\">\n              \n\n              <p>Przynie\u015b na \u015bwiat wiod\u0105ce chi\u0144skie sztuczne kwiaty i ro\u015bliny<\/p>\n              \n\n              <p>BLUSH ROSE jest producentem i hurtownikiem, ale nie sprzedawc\u0105 detalicznym p\u00f3l kwiatowych. Blush-rose.com jest promotorem wiod\u0105cych chi\u0144skich producent\u00f3w, ale nie jest prawdziw\u0105 witryn\u0105 zakup\u00f3w online. Dzi\u0119ki autoryzacji wiod\u0105cych oryginalnych producent\u00f3w w Chinach, BLUSH ROSE stara si\u0119 \u0142\u0105czy\u0107 globalnych specjalist\u00f3w ds. zaopatrzenia i chi\u0144skich producent\u00f3w licencjonowanych produkt\u00f3w za po\u015brednictwem strony internetowej, aby dostarcza\u0107 \u015bwiatu najlepsze chi\u0144skie produkty i producent\u00f3w sztucznych kwiat\u00f3w.<\/p>\n              \n\n              <p>G\u0142\u00f3wni pracownicy BLUSH ROSE pochodz\u0105 z przedsi\u0119biorstw produkcyjnych lub przedsi\u0119biorstw \u0142a\u0144cucha dostaw w bran\u017cy sztucznych kwiat\u00f3w i maj\u0105 ponad 10-letnie do\u015bwiadczenie zawodowe. Zesp\u00f3\u0142 zgodnie z zasadami BLUSH ROSE Strict Selection (QSS) \u015bci\u015ble wsp\u00f3\u0142pracuje wy\u0142\u0105cznie z wiod\u0105cymi producentami w ka\u017cdej dziedzinie produkt\u00f3w, aby zapewni\u0107 produkty o najlepszej jako\u015bci, najbardziej konkurencyjnych kosztach i najbardziej niezawodnej obs\u0142udze.<\/p>\n              \n\n              <p>B\u0105d\u017a swoim niezawodnym dostawc\u0105 w Chinach<\/p>\n              \n\n              <p>Dzi\u0119ki trwa\u0142emu do\u015bwiadczeniu w bran\u017cach i szerokiemu wsparciu ze strony wiod\u0105cych lokalnych producent\u00f3w z Chin, BLUSH ROSE jest r\u00f3wnie\u017c w stanie zapewni\u0107 ogromn\u0105 liczb\u0119 produkt\u00f3w wykraczaj\u0105cych poza pola niskiego napi\u0119cia.<\/p>\n              \n\n              <p>Od kwiatu do ro\u015bliny, od surowca po wysy\u0142k\u0119, BLUSH ROSE b\u0119dzie Twoim najbardziej niezawodnym partnerem w Chinach.<\/p>\n              \n\n            <\/div>\n            \n\n          <\/div>[\/et_pb_text][\/et_pb_column][\/et_pb_row][\/et_pb_section]\n","protected":false},"excerpt":{"rendered":"<p>Misja<\/p>\n","protected":false},"author":1,"featured_media":0,"parent":0,"menu_order":0,"comment_status":"closed","ping_status":"closed","template":"","meta":{"_et_pb_use_builder":"on","_et_pb_old_content":"","_et_gb_content_width":"","footnotes":""},"class_list":["post-21502","page","type-page","status-publish","hentry"],"_links":{"self":[{"href":"https:\/\/www.blush-rose.com\/pl\/wp-json\/wp\/v2\/pages\/21502","targetHints":{"allow":["GET"]}}],"collection":[{"href":"https:\/\/www.blush-rose.com\/pl\/wp-json\/wp\/v2\/pages"}],"about":[{"href":"https:\/\/www.blush-rose.com\/pl\/wp-json\/wp\/v2\/types\/page"}],"author":[{"embeddable":true,"href":"https:\/\/www.blush-rose.com\/pl\/wp-json\/wp\/v2\/users\/1"}],"replies":[{"embeddable":true,"href":"https:\/\/www.blush-rose.com\/pl\/wp-json\/wp\/v2\/comments?post=21502"}],"version-history":[{"count":1,"href":"https:\/\/www.blush-rose.com\/pl\/wp-json\/wp\/v2\/pages\/21502\/revisions"}],"predecessor-version":[{"id":21503,"href":"https:\/\/www.blush-rose.com\/pl\/wp-json\/wp\/v2\/pages\/21502\/revisions\/21503"}],"wp:attachment":[{"href":"https:\/\/www.blush-rose.com\/pl\/wp-json\/wp\/v2\/media?parent=21502"}],"curies":[{"name":"wp","href":"https:\/\/api.w.org\/{rel}","templated":true}]}}