{"id":23258,"date":"2023-07-20T08:26:30","date_gmt":"2023-07-20T08:26:30","guid":{"rendered":"https:\/\/www.blush-rose.com\/product\/mesterseges-calla-liliom-viragcsokor-dekoraciohoz-nagykereskedes\/"},"modified":"2025-04-03T14:29:18","modified_gmt":"2025-04-03T14:29:18","slug":"mesterseges-calla-liliom-viragcsokor-dekoraciohoz-nagykereskedes","status":"publish","type":"product","link":"https:\/\/www.blush-rose.com\/hu\/termek\/mesterseges-calla-liliom-viragcsokor-dekoraciohoz-nagykereskedes\/","title":{"rendered":"mesters\u00e9ges calla liliom vir\u00e1gcsokor dekor\u00e1ci\u00f3hoz nagykeresked\u00e9s"},"content":{"rendered":"<p>[et_pb_section fb_built=&#8221;1&#8243; _builder_version=&#8221;4.17.3&#8243; width=&#8221;100%&#8221; max_width=&#8221;100%&#8221; module_alignment=&#8221;center&#8221; custom_margin=&#8221;0px||||false|false&#8221; custom_padding=&#8221;0px||||false|false&#8221; global_colors_info=&#8221;{}&#8221;][et_pb_row _builder_version=&#8221;4.17.3&#8243; background_size=&#8221;initial&#8221; background_position=&#8221;top_left&#8221; background_repeat=&#8221;repeat&#8221; width=&#8221;100%&#8221; custom_padding=&#8221;0px||0px||false|false&#8221; global_colors_info=&#8221;{}&#8221;][et_pb_column type=&#8221;4_4&#8243; _builder_version=&#8221;4.16&#8243; custom_padding=&#8221;|||&#8221; global_colors_info=&#8221;{}&#8221; custom_padding__hover=&#8221;|||&#8221;][et_pb_wc_breadcrumb _builder_version=&#8221;4.17.3&#8243; body_line_height=&#8221;1.5em&#8221; global_colors_info=&#8221;{}&#8221;][\/et_pb_wc_breadcrumb][\/et_pb_column][\/et_pb_row][et_pb_row column_structure=&#8221;1_2,1_2&#8243; _builder_version=&#8221;4.17.3&#8243; _module_preset=&#8221;default&#8221; width=&#8221;100%&#8221; global_colors_info=&#8221;{}&#8221;][et_pb_column type=&#8221;1_2&#8243; _builder_version=&#8221;4.17.3&#8243; _module_preset=&#8221;default&#8221; global_colors_info=&#8221;{}&#8221;][et_pb_wc_images show_sale_badge=&#8221;off&#8221; _builder_version=&#8221;4.17.3&#8243; custom_padding=&#8221;|||0px||&#8221; global_colors_info=&#8221;{}&#8221;][\/et_pb_wc_images][\/et_pb_column][et_pb_column type=&#8221;1_2&#8243; _builder_version=&#8221;4.17.3&#8243; _module_preset=&#8221;default&#8221; global_colors_info=&#8221;{}&#8221;][et_pb_text quote_border_weight=&#8221;10px&#8221; quote_border_color=&#8221;#ffd07e&#8221; admin_label=&#8221;Text&#8221; _builder_version=&#8221;4.21.0&#8243; _module_preset=&#8221;default&#8221; text_font=&#8221;||||||||&#8221; text_text_color=&#8221;#111111&#8243; text_font_size=&#8221;16px&#8221; text_line_height=&#8221;1.8em&#8221; link_font=&#8221;||||||||&#8221; quote_font=&#8221;||||||||&#8221; filter_hue_rotate=&#8221;318deg&#8221; filter_saturate=&#8221;106%&#8221; filter_brightness=&#8221;114%&#8221; filter_contrast=&#8221;97%&#8221; filter_sepia=&#8221;11%&#8221; filter_opacity=&#8221;69%&#8221; hover_enabled=&#8221;0&#8243; locked=&#8221;off&#8221; global_colors_info=&#8221;{}&#8221; sticky_enabled=&#8221;0&#8243;]<\/p>\n<blockquote>\n<h1>mesters\u00e9ges calla liliom vir\u00e1gcsokor dekor\u00e1ci\u00f3hoz nagykeresked\u00e9s<\/h1>\n<ul>\n<li>Magass\u00e1g: 57 cm<\/li>\n<li>Vir\u00e1g\u00e1tm\u00e9r\u0151: 8 cm 7 vir\u00e1g 7 lev\u00e9l<\/li>\n<li>Anyaga: EVA<\/li>\n<li>Sz\u00e1ra: m\u0171anyag<\/li>\n<li>300db\/karton<\/li>\n<li>ID:BRSF0193<\/li>\n<\/ul>\n<\/blockquote>\n<p>[\/et_pb_text][et_pb_contact_form captcha=&#8221;off&#8221; email=&#8221;enquiry@blush-rose.com&#8221; custom_message=&#8221;Name: %%Name%%||et_pb_line_break_holder||Email: %%Email%%||et_pb_line_break_holder||Tel: %%Tel%%||et_pb_line_break_holder||Country: %%Country%%||et_pb_line_break_holder||Description: %%Description%%&#8221; submit_button_text=&#8221;K\u00e9rd\u0151\u00edv beny\u00fajt\u00e1sa&#8221; module_id=&#8221;et_pb_contact_form_0&#8243; _builder_version=&#8221;4.21.0&#8243; _module_preset=&#8221;default&#8221; form_field_background_color=&#8221;#ededed&#8221; title_font=&#8221;Abril Fatface||||||||&#8221; title_font_size=&#8221;24px&#8221; form_field_font=&#8221;||||||||&#8221; form_field_font_size=&#8221;16px&#8221; custom_button=&#8221;on&#8221; button_text_size=&#8221;14px&#8221; button_text_color=&#8221;#2a2a2a&#8221; button_bg_color=&#8221;#e0c588&#8243; button_border_width=&#8221;12px&#8221; button_border_color=&#8221;#e0c588&#8243; button_border_radius=&#8221;30px&#8221; button_letter_spacing=&#8221;2px&#8221; button_font=&#8221;Poppins|600||on|||||&#8221; max_width=&#8221;800px&#8221; module_alignment=&#8221;center&#8221; animation_style=&#8221;fade&#8221; border_width_all=&#8221;1px&#8221; border_color_all=&#8221;rgba(0,0,0,0.12)&#8221; form_background_color=&#8221;rgba(255,255,255,0)&#8221; global_colors_info=&#8221;{}&#8221;][et_pb_contact_field field_id=&#8221;Name&#8221; field_title=&#8221;N\u00e9v&#8221; _builder_version=&#8221;4.17.3&#8243; _module_preset=&#8221;default&#8221; global_colors_info=&#8221;{}&#8221; button_text_size__hover_enabled=&#8221;off&#8221; button_one_text_size__hover_enabled=&#8221;off&#8221; button_two_text_size__hover_enabled=&#8221;off&#8221; button_text_color__hover_enabled=&#8221;off&#8221; button_one_text_color__hover_enabled=&#8221;off&#8221; button_two_text_color__hover_enabled=&#8221;off&#8221; button_border_width__hover_enabled=&#8221;off&#8221; button_one_border_width__hover_enabled=&#8221;off&#8221; button_two_border_width__hover_enabled=&#8221;off&#8221; button_border_color__hover_enabled=&#8221;off&#8221; button_one_border_color__hover_enabled=&#8221;off&#8221; button_two_border_color__hover_enabled=&#8221;off&#8221; button_border_radius__hover_enabled=&#8221;off&#8221; button_one_border_radius__hover_enabled=&#8221;off&#8221; button_two_border_radius__hover_enabled=&#8221;off&#8221; button_letter_spacing__hover_enabled=&#8221;off&#8221; button_one_letter_spacing__hover_enabled=&#8221;off&#8221; button_two_letter_spacing__hover_enabled=&#8221;off&#8221; button_bg_color__hover_enabled=&#8221;off&#8221; button_one_bg_color__hover_enabled=&#8221;off&#8221; button_two_bg_color__hover_enabled=&#8221;off&#8221;][\/et_pb_contact_field][et_pb_contact_field field_id=&#8221;Email&#8221; field_title=&#8221;Email&#8221; field_type=&#8221;email&#8221; _builder_version=&#8221;4.17.3&#8243; _module_preset=&#8221;default&#8221; global_colors_info=&#8221;{}&#8221; button_text_size__hover_enabled=&#8221;off&#8221; button_one_text_size__hover_enabled=&#8221;off&#8221; button_two_text_size__hover_enabled=&#8221;off&#8221; button_text_color__hover_enabled=&#8221;off&#8221; button_one_text_color__hover_enabled=&#8221;off&#8221; button_two_text_color__hover_enabled=&#8221;off&#8221; button_border_width__hover_enabled=&#8221;off&#8221; button_one_border_width__hover_enabled=&#8221;off&#8221; button_two_border_width__hover_enabled=&#8221;off&#8221; button_border_color__hover_enabled=&#8221;off&#8221; button_one_border_color__hover_enabled=&#8221;off&#8221; button_two_border_color__hover_enabled=&#8221;off&#8221; button_border_radius__hover_enabled=&#8221;off&#8221; button_one_border_radius__hover_enabled=&#8221;off&#8221; button_two_border_radius__hover_enabled=&#8221;off&#8221; button_letter_spacing__hover_enabled=&#8221;off&#8221; button_one_letter_spacing__hover_enabled=&#8221;off&#8221; button_two_letter_spacing__hover_enabled=&#8221;off&#8221; button_bg_color__hover_enabled=&#8221;off&#8221; button_one_bg_color__hover_enabled=&#8221;off&#8221; button_two_bg_color__hover_enabled=&#8221;off&#8221;][\/et_pb_contact_field][et_pb_contact_field field_id=&#8221;Tel&#8221; field_title=&#8221;Tel&#8221; required_mark=&#8221;off&#8221; _builder_version=&#8221;4.17.3&#8243; _module_preset=&#8221;default&#8221; global_colors_info=&#8221;{}&#8221; button_text_size__hover_enabled=&#8221;off&#8221; button_one_text_size__hover_enabled=&#8221;off&#8221; button_two_text_size__hover_enabled=&#8221;off&#8221; button_text_color__hover_enabled=&#8221;off&#8221; button_one_text_color__hover_enabled=&#8221;off&#8221; button_two_text_color__hover_enabled=&#8221;off&#8221; button_border_width__hover_enabled=&#8221;off&#8221; button_one_border_width__hover_enabled=&#8221;off&#8221; button_two_border_width__hover_enabled=&#8221;off&#8221; button_border_color__hover_enabled=&#8221;off&#8221; button_one_border_color__hover_enabled=&#8221;off&#8221; button_two_border_color__hover_enabled=&#8221;off&#8221; button_border_radius__hover_enabled=&#8221;off&#8221; button_one_border_radius__hover_enabled=&#8221;off&#8221; button_two_border_radius__hover_enabled=&#8221;off&#8221; button_letter_spacing__hover_enabled=&#8221;off&#8221; button_one_letter_spacing__hover_enabled=&#8221;off&#8221; button_two_letter_spacing__hover_enabled=&#8221;off&#8221; button_bg_color__hover_enabled=&#8221;off&#8221; button_one_bg_color__hover_enabled=&#8221;off&#8221; button_two_bg_color__hover_enabled=&#8221;off&#8221;][\/et_pb_contact_field][et_pb_contact_field field_id=&#8221;Country&#8221; field_title=&#8221;Orsz\u00e1g&#8221; _builder_version=&#8221;4.17.3&#8243; _module_preset=&#8221;default&#8221; global_colors_info=&#8221;{}&#8221; button_text_size__hover_enabled=&#8221;off&#8221; button_one_text_size__hover_enabled=&#8221;off&#8221; button_two_text_size__hover_enabled=&#8221;off&#8221; button_text_color__hover_enabled=&#8221;off&#8221; button_one_text_color__hover_enabled=&#8221;off&#8221; button_two_text_color__hover_enabled=&#8221;off&#8221; button_border_width__hover_enabled=&#8221;off&#8221; button_one_border_width__hover_enabled=&#8221;off&#8221; button_two_border_width__hover_enabled=&#8221;off&#8221; button_border_color__hover_enabled=&#8221;off&#8221; button_one_border_color__hover_enabled=&#8221;off&#8221; button_two_border_color__hover_enabled=&#8221;off&#8221; button_border_radius__hover_enabled=&#8221;off&#8221; button_one_border_radius__hover_enabled=&#8221;off&#8221; button_two_border_radius__hover_enabled=&#8221;off&#8221; button_letter_spacing__hover_enabled=&#8221;off&#8221; button_one_letter_spacing__hover_enabled=&#8221;off&#8221; button_two_letter_spacing__hover_enabled=&#8221;off&#8221; button_bg_color__hover_enabled=&#8221;off&#8221; button_one_bg_color__hover_enabled=&#8221;off&#8221; button_two_bg_color__hover_enabled=&#8221;off&#8221;][\/et_pb_contact_field][et_pb_contact_field field_id=&#8221;Description&#8221; field_title=&#8221;Le\u00edr\u00e1s&#8221; field_type=&#8221;text&#8221; fullwidth_field=&#8221;on&#8221; _builder_version=&#8221;4.17.3&#8243; _module_preset=&#8221;default&#8221; global_colors_info=&#8221;{}&#8221; button_text_size__hover_enabled=&#8221;off&#8221; button_one_text_size__hover_enabled=&#8221;off&#8221; button_two_text_size__hover_enabled=&#8221;off&#8221; button_text_color__hover_enabled=&#8221;off&#8221; button_one_text_color__hover_enabled=&#8221;off&#8221; button_two_text_color__hover_enabled=&#8221;off&#8221; button_border_width__hover_enabled=&#8221;off&#8221; button_one_border_width__hover_enabled=&#8221;off&#8221; button_two_border_width__hover_enabled=&#8221;off&#8221; button_border_color__hover_enabled=&#8221;off&#8221; button_one_border_color__hover_enabled=&#8221;off&#8221; button_two_border_color__hover_enabled=&#8221;off&#8221; button_border_radius__hover_enabled=&#8221;off&#8221; button_one_border_radius__hover_enabled=&#8221;off&#8221; button_two_border_radius__hover_enabled=&#8221;off&#8221; button_letter_spacing__hover_enabled=&#8221;off&#8221; button_one_letter_spacing__hover_enabled=&#8221;off&#8221; button_two_letter_spacing__hover_enabled=&#8221;off&#8221; button_bg_color__hover_enabled=&#8221;off&#8221; button_one_bg_color__hover_enabled=&#8221;off&#8221; button_two_bg_color__hover_enabled=&#8221;off&#8221;][\/et_pb_contact_field][\/et_pb_contact_form][et_pb_wc_meta show_sku=&#8221;off&#8221; show_categories=&#8221;off&#8221; _builder_version=&#8221;4.21.0&#8243; _module_preset=&#8221;default&#8221; global_colors_info=&#8221;{}&#8221;][\/et_pb_wc_meta][\/et_pb_column][\/et_pb_row][et_pb_row _builder_version=&#8221;4.16&#8243; background_size=&#8221;initial&#8221; background_position=&#8221;top_left&#8221; background_repeat=&#8221;repeat&#8221; width=&#8221;100%&#8221; min_height=&#8221;163.3px&#8221; custom_padding=&#8221;||42px|||&#8221; global_colors_info=&#8221;{}&#8221;][et_pb_column type=&#8221;4_4&#8243; _builder_version=&#8221;4.16&#8243; custom_padding=&#8221;|||&#8221; global_colors_info=&#8221;{}&#8221; custom_padding__hover=&#8221;|||&#8221;][et_pb_wc_tabs _builder_version=&#8221;4.17.3&#8243; min_height=&#8221;278.6px&#8221; global_colors_info=&#8221;{}&#8221;] [\/et_pb_wc_tabs][et_pb_wc_upsells _builder_version=&#8221;4.16&#8243; global_colors_info=&#8221;{}&#8221;][\/et_pb_wc_upsells][et_pb_wc_related_products product=&#8221;latest&#8221; posts_number=&#8221;10&#8243; columns_number=&#8221;5&#8243; include_categories=&#8221;106&#8243; show_price=&#8221;off&#8221; show_rating=&#8221;off&#8221; show_sale_badge=&#8221;off&#8221; _builder_version=&#8221;4.21.0&#8243; rating_text_align=&#8221;left&#8221; product_title_font_size=&#8221;14px&#8221; global_colors_info=&#8221;{}&#8221;][\/et_pb_wc_related_products][\/et_pb_column][\/et_pb_row][\/et_pb_section]<\/p>\n","protected":false},"excerpt":{"rendered":"<p>mesters\u00e9ges calla liliom vir\u00e1gcsokor dekor\u00e1ci\u00f3hoz nagykeresked\u00e9s Magass\u00e1g: 57 cm Vir\u00e1g\u00e1tm\u00e9r\u0151: 8 cm 7 vir\u00e1g 7 lev\u00e9l Anyaga: EVA Sz\u00e1ra: m\u0171anyag 300db\/karton ID:BRSF0193<\/p>\n","protected":false},"featured_media":35515,"comment_status":"open","ping_status":"closed","template":"","meta":{"_et_pb_use_builder":"on","_et_pb_old_content":"We are a artificial flower cpmpany focusing on <a href=\"https:\/\/lipu688.oss-us-east-1.aliyuncs.com\/artificial-silk-flowers\/calla-lily\/\">wholesale artificial calla lily bulk flowers<\/a>.\n\nFedezze fel faux calla liliom vir\u00e1gaink var\u00e1zslatos vil\u00e1g\u00e1t! Minden csomag 7 gy\u00f6ny\u00f6r\u0171 calla liliomot tartalmaz, amelyek egy csipetnyi eleganci\u00e1t k\u00f6lcs\u00f6n\u00f6znek minden be\u00e1ll\u00edt\u00e1snak. Az 57 cm magas \u00e9s 8 cm-es vir\u00e1g\u00e1tm\u00e9r\u0151j\u0171 \u00e9leth\u0171 vir\u00e1gok l\u00e1tv\u00e1nyosak.\n\nEzekkel a m\u0171vir\u00e1gokkal karny\u00fajt\u00e1snyira van a sokoldal\u00fas\u00e1g. K\u00f6nnyen p\u00e1ros\u00edthatja \u0151ket k\u00fcl\u00f6nb\u00f6z\u0151 v\u00e1z\u00e1kkal vagy palackokkal, hogy leny\u0171g\u00f6z\u0151 vir\u00e1gd\u00edszeket k\u00e9sz\u00edtsen. Legyen sz\u00f3 csokrokr\u00f3l, d\u00edszt\u00e1rgyakr\u00f3l, cs\u00f3klabd\u00e1kr\u00f3l, boutonniere-kr\u0151l, tortavir\u00e1gokr\u00f3l vagy b\u00e1rmilyen m\u00e1s vir\u00e1gmint\u00e1r\u00f3l, igazi tapint\u00e1s\u00fa latex vir\u00e1gaink minden alkalomra megfelelnek.\n\nA legnagyobb gondoss\u00e1ggal k\u00e9zzel k\u00e9sz\u00edtett calla liliom kiv\u00e1l\u00f3 min\u0151s\u00e9g\u0171 PU anyagb\u00f3l k\u00e9sz\u00fcl. A sz\u00e1rakat apr\u00f3l\u00e9kosan dr\u00f3ttal keretezt\u00e9k \u00e9s m\u0171anyagba csomagolt\u00e1k, \u00edgy biztos\u00edtva az \u00e9leth\u0171 megjelen\u00e9st, amely tapint\u00e1sra val\u00f3di. Biztos lehet benne, hogy a sz\u00edn nem fakul ki m\u00e9g mos\u00e1s ut\u00e1n sem, \u00e9s ezek a mesters\u00e9ges calla l\u00f3tuszvir\u00e1gok hosszabb ideig meg\u0151rzik frissess\u00e9g\u00fcket.\n\nA rugalmass\u00e1g \u00e9s a sz\u00e9ps\u00e9g tal\u00e1lkoz\u00e1sa m\u0171kallaliliomainkban. Minden hamis sz\u00e1r k\u00f6nnyen v\u00e1ghat\u00f3 \u00e9s hajl\u00edthat\u00f3 a t\u00f6k\u00e9letes forma \u00e9s hossz el\u00e9r\u00e9se \u00e9rdek\u00e9ben. A bels\u0151 huzalszerkezet lehet\u0151v\u00e9 teszi, hogy be\u00e1ll\u00edtsa \u00e9s lez\u00e1rja \u0151ket m\u0171anyag z\u00f6ld bevonattal.\n\nHa a vir\u00e1gok megnyom\u00f3dn\u00e1nak sz\u00e1ll\u00edt\u00e1s k\u00f6zben, egy egyszer\u0171 gy\u00f3gym\u00f3d v\u00e1r r\u00e1nk. Haszn\u00e1ljon forr\u00f3 v\u00edzg\u0151zt vagy forr\u00f3 sz\u00e9l\u0171 hajsz\u00e1r\u00edt\u00f3t, tartsa n\u00e9h\u00e1ny percig, \u00e9s a vir\u00e1gok \u00fajra \u00e9letre kelnek. Ne felejtse el \u00f3vatosan dolgozni magas h\u0151m\u00e9rs\u00e9kleten, \u00e9s ker\u00fclje a k\u00f6zvetlen napf\u00e9nyt a feh\u00e9r poliuret\u00e1n vir\u00e1gok oxid\u00e1ci\u00f3j\u00e1nak \u00e9s s\u00e1rgul\u00e1s\u00e1nak elker\u00fcl\u00e9se \u00e9rdek\u00e9ben.\n\n\u00d6lelje meg az \u00f6r\u00f6k sz\u00e9ps\u00e9g vonzerej\u00e9t faux calla liliom vir\u00e1gainkkal, amelyek sokoldal\u00fa \u00e9s \u00e9leth\u0171 kieg\u00e9sz\u00edt\u0151je parti, kerti, babav\u00e1r\u00f3, irodai vagy otthoni asztald\u00edsznek. Leny\u0171g\u00f6z\u0151 bark\u00e1cscsokrokat, bolti bemutat\u00f3kat, asztali d\u00edszeket \u00e9s esk\u00fcv\u0151i dekor\u00e1ci\u00f3kat k\u00e9sz\u00edthet, melyek mindegyike tele van k\u00e9zzel k\u00e9sz\u00edtett mesters\u00e9ges calla liliom var\u00e1zs\u00e1val.\n\nIf you are importer, wanting to <a href=\"https:\/\/lipu688.oss-us-east-1.aliyuncs.com\/artificial-silk-flowers\/\">wholesale China artificial flowers<\/a>, please contact email: enquiry@blush-rose.com; whatsapp: +8613920077206","_et_gb_content_width":""},"product_brand":[],"product_cat":[644,349],"product_tag":[],"class_list":{"0":"post-23258","1":"product","2":"type-product","3":"status-publish","4":"has-post-thumbnail","6":"product_cat-calla-liliom","7":"product_cat-nincs-kategorizalva","9":"first","10":"instock","11":"shipping-taxable","12":"product-type-simple"},"_links":{"self":[{"href":"https:\/\/www.blush-rose.com\/hu\/wp-json\/wp\/v2\/product\/23258","targetHints":{"allow":["GET"]}}],"collection":[{"href":"https:\/\/www.blush-rose.com\/hu\/wp-json\/wp\/v2\/product"}],"about":[{"href":"https:\/\/www.blush-rose.com\/hu\/wp-json\/wp\/v2\/types\/product"}],"replies":[{"embeddable":true,"href":"https:\/\/www.blush-rose.com\/hu\/wp-json\/wp\/v2\/comments?post=23258"}],"wp:featuredmedia":[{"embeddable":true,"href":"https:\/\/www.blush-rose.com\/hu\/wp-json\/wp\/v2\/media\/35515"}],"wp:attachment":[{"href":"https:\/\/www.blush-rose.com\/hu\/wp-json\/wp\/v2\/media?parent=23258"}],"wp:term":[{"taxonomy":"product_brand","embeddable":true,"href":"https:\/\/www.blush-rose.com\/hu\/wp-json\/wp\/v2\/product_brand?post=23258"},{"taxonomy":"product_cat","embeddable":true,"href":"https:\/\/www.blush-rose.com\/hu\/wp-json\/wp\/v2\/product_cat?post=23258"},{"taxonomy":"product_tag","embeddable":true,"href":"https:\/\/www.blush-rose.com\/hu\/wp-json\/wp\/v2\/product_tag?post=23258"}],"curies":[{"name":"wp","href":"https:\/\/api.w.org\/{rel}","templated":true}]}}