{"id":23256,"date":"2023-07-20T08:59:26","date_gmt":"2023-07-20T08:59:26","guid":{"rendered":"https:\/\/www.blush-rose.com\/product\/laza-hosszu-szaru-mesterseges-calla-liliom-viragok-nagykereskedelme\/"},"modified":"2025-05-25T03:38:37","modified_gmt":"2025-05-25T03:38:37","slug":"laza-hosszu-szaru-mesterseges-calla-liliom-viragok-nagykereskedelme","status":"publish","type":"product","link":"https:\/\/www.blush-rose.com\/hu\/termek\/laza-hosszu-szaru-mesterseges-calla-liliom-viragok-nagykereskedelme\/","title":{"rendered":"laza hossz\u00fa sz\u00e1r\u00fa mesters\u00e9ges calla liliom vir\u00e1gok nagykereskedelme"},"content":{"rendered":"<p>[et_pb_section fb_built=&#8221;1&#8243; _builder_version=&#8221;4.17.3&#8243; width=&#8221;100%&#8221; max_width=&#8221;100%&#8221; module_alignment=&#8221;center&#8221; custom_margin=&#8221;0px||||false|false&#8221; custom_padding=&#8221;0px||||false|false&#8221; global_colors_info=&#8221;{}&#8221;][et_pb_row _builder_version=&#8221;4.17.3&#8243; background_size=&#8221;initial&#8221; background_position=&#8221;top_left&#8221; background_repeat=&#8221;repeat&#8221; width=&#8221;100%&#8221; custom_padding=&#8221;0px||0px||false|false&#8221; global_colors_info=&#8221;{}&#8221;][et_pb_column type=&#8221;4_4&#8243; _builder_version=&#8221;4.16&#8243; custom_padding=&#8221;|||&#8221; global_colors_info=&#8221;{}&#8221; custom_padding__hover=&#8221;|||&#8221;][et_pb_wc_breadcrumb _builder_version=&#8221;4.17.3&#8243; body_line_height=&#8221;1.5em&#8221; global_colors_info=&#8221;{}&#8221;][\/et_pb_wc_breadcrumb][\/et_pb_column][\/et_pb_row][et_pb_row column_structure=&#8221;1_2,1_2&#8243; _builder_version=&#8221;4.17.3&#8243; _module_preset=&#8221;default&#8221; width=&#8221;100%&#8221; global_colors_info=&#8221;{}&#8221;][et_pb_column type=&#8221;1_2&#8243; _builder_version=&#8221;4.17.3&#8243; _module_preset=&#8221;default&#8221; global_colors_info=&#8221;{}&#8221;][et_pb_wc_images show_sale_badge=&#8221;off&#8221; _builder_version=&#8221;4.17.3&#8243; custom_padding=&#8221;|||0px||&#8221; global_colors_info=&#8221;{}&#8221;][\/et_pb_wc_images][\/et_pb_column][et_pb_column type=&#8221;1_2&#8243; _builder_version=&#8221;4.17.3&#8243; _module_preset=&#8221;default&#8221; global_colors_info=&#8221;{}&#8221;][et_pb_text quote_border_weight=&#8221;10px&#8221; quote_border_color=&#8221;#ffd07e&#8221; admin_label=&#8221;Text&#8221; _builder_version=&#8221;4.21.0&#8243; _module_preset=&#8221;default&#8221; text_font=&#8221;||||||||&#8221; text_text_color=&#8221;#111111&#8243; text_font_size=&#8221;16px&#8221; text_line_height=&#8221;1.8em&#8221; link_font=&#8221;||||||||&#8221; quote_font=&#8221;||||||||&#8221; filter_hue_rotate=&#8221;318deg&#8221; filter_saturate=&#8221;106%&#8221; filter_brightness=&#8221;114%&#8221; filter_contrast=&#8221;97%&#8221; filter_sepia=&#8221;11%&#8221; filter_opacity=&#8221;69%&#8221; hover_enabled=&#8221;0&#8243; locked=&#8221;off&#8221; global_colors_info=&#8221;{}&#8221; sticky_enabled=&#8221;0&#8243;]<\/p>\n<blockquote>\n<h1>laza hossz\u00fa sz\u00e1r\u00fa mesters\u00e9ges calla liliom vir\u00e1gok nagykereskedelme<\/h1>\n<ul>\n<li>Magass\u00e1g: 84 cm<\/li>\n<li>Vir\u00e1g \u00e1tm\u00e9r\u0151je:8cm 3 vir\u00e1g 3 lev\u00e9l<\/li>\n<li>Anyaga: EVA<\/li>\n<li>Sz\u00e1ra: m\u0171anyag<\/li>\n<li>600db\/karton<\/li>\n<li>ID:BRSF0195<\/li>\n<\/ul>\n<\/blockquote>\n<p>[\/et_pb_text][et_pb_contact_form captcha=&#8221;off&#8221; email=&#8221;enquiry@blush-rose.com&#8221; custom_message=&#8221;Name: %%Name%%||et_pb_line_break_holder||Email: %%Email%%||et_pb_line_break_holder||Tel: %%Tel%%||et_pb_line_break_holder||Country: %%Country%%||et_pb_line_break_holder||Description: %%Description%%&#8221; submit_button_text=&#8221;K\u00e9rd\u0151\u00edv beny\u00fajt\u00e1sa&#8221; module_id=&#8221;et_pb_contact_form_0&#8243; _builder_version=&#8221;4.21.0&#8243; _module_preset=&#8221;default&#8221; form_field_background_color=&#8221;#ededed&#8221; title_font=&#8221;Abril Fatface||||||||&#8221; title_font_size=&#8221;24px&#8221; form_field_font=&#8221;||||||||&#8221; form_field_font_size=&#8221;16px&#8221; custom_button=&#8221;on&#8221; button_text_size=&#8221;14px&#8221; button_text_color=&#8221;#2a2a2a&#8221; button_bg_color=&#8221;#e0c588&#8243; button_border_width=&#8221;12px&#8221; button_border_color=&#8221;#e0c588&#8243; button_border_radius=&#8221;30px&#8221; button_letter_spacing=&#8221;2px&#8221; button_font=&#8221;Poppins|600||on|||||&#8221; max_width=&#8221;800px&#8221; module_alignment=&#8221;center&#8221; animation_style=&#8221;fade&#8221; border_width_all=&#8221;1px&#8221; border_color_all=&#8221;rgba(0,0,0,0.12)&#8221; form_background_color=&#8221;rgba(255,255,255,0)&#8221; global_colors_info=&#8221;{}&#8221;][et_pb_contact_field field_id=&#8221;Name&#8221; field_title=&#8221;N\u00e9v&#8221; _builder_version=&#8221;4.17.3&#8243; _module_preset=&#8221;default&#8221; global_colors_info=&#8221;{}&#8221; button_text_size__hover_enabled=&#8221;off&#8221; button_one_text_size__hover_enabled=&#8221;off&#8221; button_two_text_size__hover_enabled=&#8221;off&#8221; button_text_color__hover_enabled=&#8221;off&#8221; button_one_text_color__hover_enabled=&#8221;off&#8221; button_two_text_color__hover_enabled=&#8221;off&#8221; button_border_width__hover_enabled=&#8221;off&#8221; button_one_border_width__hover_enabled=&#8221;off&#8221; button_two_border_width__hover_enabled=&#8221;off&#8221; button_border_color__hover_enabled=&#8221;off&#8221; button_one_border_color__hover_enabled=&#8221;off&#8221; button_two_border_color__hover_enabled=&#8221;off&#8221; button_border_radius__hover_enabled=&#8221;off&#8221; button_one_border_radius__hover_enabled=&#8221;off&#8221; button_two_border_radius__hover_enabled=&#8221;off&#8221; button_letter_spacing__hover_enabled=&#8221;off&#8221; button_one_letter_spacing__hover_enabled=&#8221;off&#8221; button_two_letter_spacing__hover_enabled=&#8221;off&#8221; button_bg_color__hover_enabled=&#8221;off&#8221; button_one_bg_color__hover_enabled=&#8221;off&#8221; button_two_bg_color__hover_enabled=&#8221;off&#8221;][\/et_pb_contact_field][et_pb_contact_field field_id=&#8221;Email&#8221; field_title=&#8221;Email&#8221; field_type=&#8221;email&#8221; _builder_version=&#8221;4.17.3&#8243; _module_preset=&#8221;default&#8221; global_colors_info=&#8221;{}&#8221; button_text_size__hover_enabled=&#8221;off&#8221; button_one_text_size__hover_enabled=&#8221;off&#8221; button_two_text_size__hover_enabled=&#8221;off&#8221; button_text_color__hover_enabled=&#8221;off&#8221; button_one_text_color__hover_enabled=&#8221;off&#8221; button_two_text_color__hover_enabled=&#8221;off&#8221; button_border_width__hover_enabled=&#8221;off&#8221; button_one_border_width__hover_enabled=&#8221;off&#8221; button_two_border_width__hover_enabled=&#8221;off&#8221; button_border_color__hover_enabled=&#8221;off&#8221; button_one_border_color__hover_enabled=&#8221;off&#8221; button_two_border_color__hover_enabled=&#8221;off&#8221; button_border_radius__hover_enabled=&#8221;off&#8221; button_one_border_radius__hover_enabled=&#8221;off&#8221; button_two_border_radius__hover_enabled=&#8221;off&#8221; button_letter_spacing__hover_enabled=&#8221;off&#8221; button_one_letter_spacing__hover_enabled=&#8221;off&#8221; button_two_letter_spacing__hover_enabled=&#8221;off&#8221; button_bg_color__hover_enabled=&#8221;off&#8221; button_one_bg_color__hover_enabled=&#8221;off&#8221; button_two_bg_color__hover_enabled=&#8221;off&#8221;][\/et_pb_contact_field][et_pb_contact_field field_id=&#8221;Tel&#8221; field_title=&#8221;Tel&#8221; required_mark=&#8221;off&#8221; _builder_version=&#8221;4.17.3&#8243; _module_preset=&#8221;default&#8221; global_colors_info=&#8221;{}&#8221; button_text_size__hover_enabled=&#8221;off&#8221; button_one_text_size__hover_enabled=&#8221;off&#8221; button_two_text_size__hover_enabled=&#8221;off&#8221; button_text_color__hover_enabled=&#8221;off&#8221; button_one_text_color__hover_enabled=&#8221;off&#8221; button_two_text_color__hover_enabled=&#8221;off&#8221; button_border_width__hover_enabled=&#8221;off&#8221; button_one_border_width__hover_enabled=&#8221;off&#8221; button_two_border_width__hover_enabled=&#8221;off&#8221; button_border_color__hover_enabled=&#8221;off&#8221; button_one_border_color__hover_enabled=&#8221;off&#8221; button_two_border_color__hover_enabled=&#8221;off&#8221; button_border_radius__hover_enabled=&#8221;off&#8221; button_one_border_radius__hover_enabled=&#8221;off&#8221; button_two_border_radius__hover_enabled=&#8221;off&#8221; button_letter_spacing__hover_enabled=&#8221;off&#8221; button_one_letter_spacing__hover_enabled=&#8221;off&#8221; button_two_letter_spacing__hover_enabled=&#8221;off&#8221; button_bg_color__hover_enabled=&#8221;off&#8221; button_one_bg_color__hover_enabled=&#8221;off&#8221; button_two_bg_color__hover_enabled=&#8221;off&#8221;][\/et_pb_contact_field][et_pb_contact_field field_id=&#8221;Country&#8221; field_title=&#8221;Orsz\u00e1g&#8221; _builder_version=&#8221;4.17.3&#8243; _module_preset=&#8221;default&#8221; global_colors_info=&#8221;{}&#8221; button_text_size__hover_enabled=&#8221;off&#8221; button_one_text_size__hover_enabled=&#8221;off&#8221; button_two_text_size__hover_enabled=&#8221;off&#8221; button_text_color__hover_enabled=&#8221;off&#8221; button_one_text_color__hover_enabled=&#8221;off&#8221; button_two_text_color__hover_enabled=&#8221;off&#8221; button_border_width__hover_enabled=&#8221;off&#8221; button_one_border_width__hover_enabled=&#8221;off&#8221; button_two_border_width__hover_enabled=&#8221;off&#8221; button_border_color__hover_enabled=&#8221;off&#8221; button_one_border_color__hover_enabled=&#8221;off&#8221; button_two_border_color__hover_enabled=&#8221;off&#8221; button_border_radius__hover_enabled=&#8221;off&#8221; button_one_border_radius__hover_enabled=&#8221;off&#8221; button_two_border_radius__hover_enabled=&#8221;off&#8221; button_letter_spacing__hover_enabled=&#8221;off&#8221; button_one_letter_spacing__hover_enabled=&#8221;off&#8221; button_two_letter_spacing__hover_enabled=&#8221;off&#8221; button_bg_color__hover_enabled=&#8221;off&#8221; button_one_bg_color__hover_enabled=&#8221;off&#8221; button_two_bg_color__hover_enabled=&#8221;off&#8221;][\/et_pb_contact_field][et_pb_contact_field field_id=&#8221;Description&#8221; field_title=&#8221;Le\u00edr\u00e1s&#8221; field_type=&#8221;text&#8221; fullwidth_field=&#8221;on&#8221; _builder_version=&#8221;4.17.3&#8243; _module_preset=&#8221;default&#8221; global_colors_info=&#8221;{}&#8221; button_text_size__hover_enabled=&#8221;off&#8221; button_one_text_size__hover_enabled=&#8221;off&#8221; button_two_text_size__hover_enabled=&#8221;off&#8221; button_text_color__hover_enabled=&#8221;off&#8221; button_one_text_color__hover_enabled=&#8221;off&#8221; button_two_text_color__hover_enabled=&#8221;off&#8221; button_border_width__hover_enabled=&#8221;off&#8221; button_one_border_width__hover_enabled=&#8221;off&#8221; button_two_border_width__hover_enabled=&#8221;off&#8221; button_border_color__hover_enabled=&#8221;off&#8221; button_one_border_color__hover_enabled=&#8221;off&#8221; button_two_border_color__hover_enabled=&#8221;off&#8221; button_border_radius__hover_enabled=&#8221;off&#8221; button_one_border_radius__hover_enabled=&#8221;off&#8221; button_two_border_radius__hover_enabled=&#8221;off&#8221; button_letter_spacing__hover_enabled=&#8221;off&#8221; button_one_letter_spacing__hover_enabled=&#8221;off&#8221; button_two_letter_spacing__hover_enabled=&#8221;off&#8221; button_bg_color__hover_enabled=&#8221;off&#8221; button_one_bg_color__hover_enabled=&#8221;off&#8221; button_two_bg_color__hover_enabled=&#8221;off&#8221;][\/et_pb_contact_field][\/et_pb_contact_form][et_pb_wc_meta show_sku=&#8221;off&#8221; show_categories=&#8221;off&#8221; _builder_version=&#8221;4.21.0&#8243; _module_preset=&#8221;default&#8221; hover_enabled=&#8221;0&#8243; global_colors_info=&#8221;{}&#8221; sticky_enabled=&#8221;0&#8243;][\/et_pb_wc_meta][\/et_pb_column][\/et_pb_row][et_pb_row _builder_version=&#8221;4.16&#8243; background_size=&#8221;initial&#8221; background_position=&#8221;top_left&#8221; background_repeat=&#8221;repeat&#8221; width=&#8221;100%&#8221; min_height=&#8221;163.3px&#8221; custom_padding=&#8221;||42px|||&#8221; global_colors_info=&#8221;{}&#8221;][et_pb_column type=&#8221;4_4&#8243; _builder_version=&#8221;4.16&#8243; custom_padding=&#8221;|||&#8221; global_colors_info=&#8221;{}&#8221; custom_padding__hover=&#8221;|||&#8221;][et_pb_wc_tabs _builder_version=&#8221;4.17.3&#8243; min_height=&#8221;278.6px&#8221; global_colors_info=&#8221;{}&#8221;] [\/et_pb_wc_tabs][et_pb_wc_upsells _builder_version=&#8221;4.16&#8243; global_colors_info=&#8221;{}&#8221;][\/et_pb_wc_upsells][et_pb_wc_related_products product=&#8221;latest&#8221; posts_number=&#8221;10&#8243; columns_number=&#8221;5&#8243; include_categories=&#8221;106&#8243; show_price=&#8221;off&#8221; show_rating=&#8221;off&#8221; show_sale_badge=&#8221;off&#8221; _builder_version=&#8221;4.21.0&#8243; rating_text_align=&#8221;left&#8221; product_title_font_size=&#8221;14px&#8221; global_colors_info=&#8221;{}&#8221;][\/et_pb_wc_related_products][\/et_pb_column][\/et_pb_row][\/et_pb_section]<\/p>\n","protected":false},"excerpt":{"rendered":"<p>laza hossz\u00fa sz\u00e1r\u00fa mesters\u00e9ges calla liliom vir\u00e1gok nagykereskedelme Magass\u00e1g: 84 cm Vir\u00e1g \u00e1tm\u00e9r\u0151je:8cm 3 vir\u00e1g 3 lev\u00e9l Anyaga: EVA Sz\u00e1ra: m\u0171anyag 600db\/karton ID:BRSF0195<\/p>\n","protected":false},"featured_media":35471,"comment_status":"open","ping_status":"closed","template":"","meta":{"_et_pb_use_builder":"on","_et_pb_old_content":"We are a artificial flower cpmpany focusing on <a href=\"https:\/\/lipu688.oss-us-east-1.aliyuncs.com\/artificial-silk-flowers\/calla-lily\/\">wholesale artificial calla lily bulk flowers<\/a>.\n\nTegye sz\u00ednesebb\u00e9 ter\u00e9t a term\u00e9szet sz\u00e9ps\u00e9g\u00e9vel a 3 r\u00e9szes mesters\u00e9ges calla liliom vir\u00e1gk\u00e9szlet\u00fcnkkel. Mindegyik hamis sz\u00e1r teljes hossza 84 cm, a vir\u00e1gfej 8 cm magas \u00e9s 3 leveles. K\u00e9rj\u00fck, vegye figyelembe, hogy ezeknek a vir\u00e1goknak a k\u00e9zzel k\u00e9sz\u00edtett jellege kis m\u00e9retbeli elt\u00e9r\u00e9seket okozhat.\n\nA vir\u00e1gok pr\u00e9mium EVA-b\u00f3l \u00e9s a sz\u00e1rak kiv\u00e1l\u00f3 min\u0151s\u00e9g\u0171 m\u0171anyagb\u00f3l k\u00e9sz\u00fcltek, ezeket a calla liliomot apr\u00f3l\u00e9kosan k\u00e9zzel k\u00e9sz\u00edtik. Az eredm\u00e9ny egy \u00e9leth\u0171 \u00e9s \u00e9l\u00e9nk megjelen\u00e9s, amely t\u00fckr\u00f6zi a val\u00f3di calla liliomok term\u00e9szetes form\u00e1j\u00e1t \u00e9s val\u00f3di sz\u00edneit. \u00c9lvezze ezeknek a mesters\u00e9ges vir\u00e1goknak a tart\u00f3ss\u00e1g\u00e1t \u00e9s hosszan tart\u00f3 sz\u00e9ps\u00e9g\u00e9t an\u00e9lk\u00fcl, hogy agg\u00f3dnia kell a sz\u00ednek kifakul\u00e1sa miatt. Ha belef\u00e1radt az \u00e9l\u0151 n\u00f6v\u00e9nyek \u00e1lland\u00f3 gondoz\u00e1s\u00e1ba, a mesters\u00e9ges calla liliomok karbantart\u00e1smentes alternat\u00edv\u00e1t k\u00edn\u00e1lnak.\n\nEzeknek a calla liliomoknak a puha \u00e9s val\u00f3s\u00e1gh\u0171 tapint\u00e1sa minden be\u00e1ll\u00edt\u00e1st k\u00fcl\u00f6nlegess\u00e9 var\u00e1zsol. Az \u00e1ll\u00edthat\u00f3 sz\u00e1r lehet\u0151v\u00e9 teszi a k\u00f6nny\u0171 hajl\u00edt\u00e1st \u00e9s v\u00e1g\u00e1st, \u00edgy ide\u00e1lisak bark\u00e1cs dekor\u00e1ci\u00f3hoz. A m\u00e9g hitelesebb megjelen\u00e9s \u00e9rdek\u00e9ben pr\u00f3b\u00e1lja meg enyh\u00e9n meghajl\u00edtani a sz\u00e1rakat, vagy helyezze egy v\u00edzzel ell\u00e1tott \u00fcvegv\u00e1z\u00e1ba.\n\nSokoldal\u00fa \u00e9s b\u00e1jos, ezek a mesters\u00e9ges calla liliomok t\u00f6k\u00e9letesek asztald\u00edsznek, nappalinak, \u00e9tkez\u0151nek, h\u00e1l\u00f3szob\u00e1nak, konyh\u00e1nak, irod\u00e1nak, esk\u00fcv\u0151knek, buliknak, k\u00f6sz\u00f6n\u0151aj\u00e1nd\u00e9koknak, any\u00e1k napj\u00e1ra, kar\u00e1csonyra, valamint k\u00fcl\u00f6nf\u00e9le bel- \u00e9s k\u00fclt\u00e9ri dekor\u00e1ci\u00f3khoz. Engedje szabadj\u00e1ra kreativit\u00e1s\u00e1t a sz\u00e1rak hajl\u00edt\u00e1s\u00e1val \u00e9s lev\u00e1g\u00e1s\u00e1val, \u00e9s k\u00e9sz\u00edtsen bark\u00e1cs vir\u00e1gcsokrokat vagy b\u00e1rmilyen m\u00e1s vir\u00e1gd\u00edszt. V\u00e1lasszon a k\u00fcl\u00f6nb\u00f6z\u0151 sz\u00ednek k\u00f6z\u00fcl, hogy illeszkedjen egyedi dekor\u00e1ci\u00f3s st\u00edlus\u00e1hoz.\n\nAz utaz\u00e1s miatt \u00e9rkez\u00e9skor a vir\u00e1gbimb\u00f3k kiss\u00e9 \u00f6sszenyom\u00f3dhatnak. Egyszer\u0171 megold\u00e1s, ha k\u00e9zzel finoman kiegyenes\u00edtj\u00fck \u00e9s sim\u00edtjuk \u0151ket, \u00e9s n\u00e9h\u00e1ny napon bel\u00fcl term\u00e9szetesen visszanyeri form\u00e1jukat. Ha b\u00e1rmilyen probl\u00e9m\u00e1ba \u00fctk\u00f6zik, k\u00e9rj\u00fck, forduljon hozz\u00e1nk b\u00e1rmikor. Gyorsan reag\u00e1l\u00f3 csapatunk 24 \u00f3r\u00e1n bel\u00fcl felveszi \u00d6nnel a kapcsolatot, \u00e9s seg\u00edt \u00d6nnek.\n\nIf you are importer, wanting to <a href=\"https:\/\/lipu688.oss-us-east-1.aliyuncs.com\/artificial-silk-flowers\/\">wholesale China artificial flowers<\/a>, please contact email: enquiry@blush-rose.com; whatsapp: +8613920077206","_et_gb_content_width":""},"product_brand":[],"product_cat":[644,349],"product_tag":[359,354],"class_list":{"0":"post-23256","1":"product","2":"type-product","3":"status-publish","4":"has-post-thumbnail","6":"product_cat-calla-liliom","7":"product_cat-nincs-kategorizalva","8":"product_tag-laza-muvirag-nagykereskedes","9":"product_tag-muselyem-egyszalu-viragok-nagykereskedelme","11":"first","12":"instock","13":"shipping-taxable","14":"product-type-simple"},"_links":{"self":[{"href":"https:\/\/www.blush-rose.com\/hu\/wp-json\/wp\/v2\/product\/23256","targetHints":{"allow":["GET"]}}],"collection":[{"href":"https:\/\/www.blush-rose.com\/hu\/wp-json\/wp\/v2\/product"}],"about":[{"href":"https:\/\/www.blush-rose.com\/hu\/wp-json\/wp\/v2\/types\/product"}],"replies":[{"embeddable":true,"href":"https:\/\/www.blush-rose.com\/hu\/wp-json\/wp\/v2\/comments?post=23256"}],"wp:featuredmedia":[{"embeddable":true,"href":"https:\/\/www.blush-rose.com\/hu\/wp-json\/wp\/v2\/media\/35471"}],"wp:attachment":[{"href":"https:\/\/www.blush-rose.com\/hu\/wp-json\/wp\/v2\/media?parent=23256"}],"wp:term":[{"taxonomy":"product_brand","embeddable":true,"href":"https:\/\/www.blush-rose.com\/hu\/wp-json\/wp\/v2\/product_brand?post=23256"},{"taxonomy":"product_cat","embeddable":true,"href":"https:\/\/www.blush-rose.com\/hu\/wp-json\/wp\/v2\/product_cat?post=23256"},{"taxonomy":"product_tag","embeddable":true,"href":"https:\/\/www.blush-rose.com\/hu\/wp-json\/wp\/v2\/product_tag?post=23256"}],"curies":[{"name":"wp","href":"https:\/\/api.w.org\/{rel}","templated":true}]}}