{"id":23254,"date":"2023-08-02T07:54:21","date_gmt":"2023-08-02T07:54:21","guid":{"rendered":"https:\/\/www.blush-rose.com\/product\/kivalo-minosegu-selyem-hamis-mu-austin-rozsa-viragdiszek-omlesztett-nagykereskedelemben\/"},"modified":"2025-05-24T01:30:04","modified_gmt":"2025-05-24T01:30:04","slug":"kivalo-minosegu-selyem-hamis-mu-austin-rozsa-viragdiszek-omlesztett-nagykereskedelemben","status":"publish","type":"product","link":"https:\/\/www.blush-rose.com\/hu\/termek\/kivalo-minosegu-selyem-hamis-mu-austin-rozsa-viragdiszek-omlesztett-nagykereskedelemben\/","title":{"rendered":"Kiv\u00e1l\u00f3 min\u0151s\u00e9g\u0171 selyem hamis m\u0171 austin r\u00f3zsa vir\u00e1gd\u00edszek \u00f6mlesztett nagykereskedelemben"},"content":{"rendered":"<p>[et_pb_section fb_built=&#8221;1&#8243; _builder_version=&#8221;4.17.3&#8243; width=&#8221;100%&#8221; max_width=&#8221;100%&#8221; module_alignment=&#8221;center&#8221; custom_margin=&#8221;0px||||false|false&#8221; custom_padding=&#8221;0px||||false|false&#8221; global_colors_info=&#8221;{}&#8221;][et_pb_row _builder_version=&#8221;4.17.3&#8243; background_size=&#8221;initial&#8221; background_position=&#8221;top_left&#8221; background_repeat=&#8221;repeat&#8221; width=&#8221;100%&#8221; custom_padding=&#8221;0px||0px||false|false&#8221; global_colors_info=&#8221;{}&#8221;][et_pb_column type=&#8221;4_4&#8243; _builder_version=&#8221;4.16&#8243; custom_padding=&#8221;|||&#8221; global_colors_info=&#8221;{}&#8221; custom_padding__hover=&#8221;|||&#8221;][et_pb_wc_breadcrumb _builder_version=&#8221;4.17.3&#8243; body_line_height=&#8221;1.5em&#8221; global_colors_info=&#8221;{}&#8221;][\/et_pb_wc_breadcrumb][\/et_pb_column][\/et_pb_row][et_pb_row column_structure=&#8221;1_2,1_2&#8243; _builder_version=&#8221;4.17.3&#8243; _module_preset=&#8221;default&#8221; width=&#8221;100%&#8221; global_colors_info=&#8221;{}&#8221;][et_pb_column type=&#8221;1_2&#8243; _builder_version=&#8221;4.17.3&#8243; _module_preset=&#8221;default&#8221; global_colors_info=&#8221;{}&#8221;][et_pb_wc_images show_sale_badge=&#8221;off&#8221; _builder_version=&#8221;4.17.3&#8243; custom_padding=&#8221;|||0px||&#8221; global_colors_info=&#8221;{}&#8221;][\/et_pb_wc_images][\/et_pb_column][et_pb_column type=&#8221;1_2&#8243; _builder_version=&#8221;4.17.3&#8243; _module_preset=&#8221;default&#8221; global_colors_info=&#8221;{}&#8221;][et_pb_text quote_border_weight=&#8221;10px&#8221; quote_border_color=&#8221;#ffd07e&#8221; admin_label=&#8221;Text&#8221; _builder_version=&#8221;4.21.0&#8243; _module_preset=&#8221;default&#8221; text_font=&#8221;||||||||&#8221; text_text_color=&#8221;#111111&#8243; text_font_size=&#8221;16px&#8221; text_line_height=&#8221;1.8em&#8221; link_font=&#8221;||||||||&#8221; quote_font=&#8221;||||||||&#8221; filter_hue_rotate=&#8221;318deg&#8221; filter_saturate=&#8221;106%&#8221; filter_brightness=&#8221;114%&#8221; filter_contrast=&#8221;97%&#8221; filter_sepia=&#8221;11%&#8221; filter_opacity=&#8221;69%&#8221; locked=&#8221;off&#8221; global_colors_info=&#8221;{}&#8221;]<\/p>\n<blockquote>\n<h1>Kiv\u00e1l\u00f3 min\u0151s\u00e9g\u0171 selyem hamis m\u0171 austin r\u00f3zsa vir\u00e1gd\u00edszek \u00f6mlesztett nagykereskedelemben<\/h1>\n<ul>\n<li>Teljes magass\u00e1g: 39 cm<\/li>\n<li>9 vir\u00e1gfej,<\/li>\n<li>M\u0171vir\u00e1g \u00e1tm\u00e9r\u0151je: 6,7 cm,<\/li>\n<li>Anyaga: selyem<\/li>\n<li>Sz\u00e1ra: m\u0171anyag<\/li>\n<li>Alkalmaz\u00e1s: Esk\u00fcv\u0151i vir\u00e1gk\u00f6t\u00e9szet, nappali, h\u00e1l\u00f3szoba, dolgoz\u00f3szoba, iroda<\/li>\n<li>Penge mennyis\u00e9ge: 9<\/li>\n<li>Tartoz\u00e9kok mennyis\u00e9ge:9<\/li>\n<li>200db\/karton, 130*45*52cm 0,3CBM<\/li>\n<li>ID:BRSF0179<\/li>\n<\/ul>\n<\/blockquote>\n<p>[\/et_pb_text][et_pb_contact_form captcha=&#8221;off&#8221; email=&#8221;enquiry@blush-rose.com&#8221; custom_message=&#8221;Name: %%Name%%||et_pb_line_break_holder||Email: %%Email%%||et_pb_line_break_holder||Tel: %%Tel%%||et_pb_line_break_holder||Country: %%Country%%||et_pb_line_break_holder||Description: %%Description%%&#8221; submit_button_text=&#8221;K\u00e9rd\u0151\u00edv beny\u00fajt\u00e1sa&#8221; module_id=&#8221;et_pb_contact_form_0&#8243; _builder_version=&#8221;4.17.3&#8243; _module_preset=&#8221;default&#8221; form_field_background_color=&#8221;#ededed&#8221; title_font=&#8221;Abril Fatface||||||||&#8221; title_font_size=&#8221;24px&#8221; form_field_font=&#8221;||||||||&#8221; form_field_font_size=&#8221;16px&#8221; custom_button=&#8221;on&#8221; button_text_size=&#8221;14px&#8221; button_text_color=&#8221;#2a2a2a&#8221; button_bg_color=&#8221;#e0c588&#8243; button_border_width=&#8221;12px&#8221; button_border_color=&#8221;#e0c588&#8243; button_border_radius=&#8221;30px&#8221; button_letter_spacing=&#8221;2px&#8221; button_font=&#8221;Poppins|600||on|||||&#8221; max_width=&#8221;800px&#8221; module_alignment=&#8221;center&#8221; animation_style=&#8221;fade&#8221; border_width_all=&#8221;1px&#8221; border_color_all=&#8221;rgba(0,0,0,0.12)&#8221; form_background_color=&#8221;rgba(255,255,255,0)&#8221; global_colors_info=&#8221;{}&#8221;][et_pb_contact_field field_id=&#8221;Name&#8221; field_title=&#8221;N\u00e9v&#8221; _builder_version=&#8221;4.17.3&#8243; _module_preset=&#8221;default&#8221; global_colors_info=&#8221;{}&#8221; button_text_size__hover_enabled=&#8221;off&#8221; button_one_text_size__hover_enabled=&#8221;off&#8221; button_two_text_size__hover_enabled=&#8221;off&#8221; button_text_color__hover_enabled=&#8221;off&#8221; button_one_text_color__hover_enabled=&#8221;off&#8221; button_two_text_color__hover_enabled=&#8221;off&#8221; button_border_width__hover_enabled=&#8221;off&#8221; button_one_border_width__hover_enabled=&#8221;off&#8221; button_two_border_width__hover_enabled=&#8221;off&#8221; button_border_color__hover_enabled=&#8221;off&#8221; button_one_border_color__hover_enabled=&#8221;off&#8221; button_two_border_color__hover_enabled=&#8221;off&#8221; button_border_radius__hover_enabled=&#8221;off&#8221; button_one_border_radius__hover_enabled=&#8221;off&#8221; button_two_border_radius__hover_enabled=&#8221;off&#8221; button_letter_spacing__hover_enabled=&#8221;off&#8221; button_one_letter_spacing__hover_enabled=&#8221;off&#8221; button_two_letter_spacing__hover_enabled=&#8221;off&#8221; button_bg_color__hover_enabled=&#8221;off&#8221; button_one_bg_color__hover_enabled=&#8221;off&#8221; button_two_bg_color__hover_enabled=&#8221;off&#8221;][\/et_pb_contact_field][et_pb_contact_field field_id=&#8221;Email&#8221; field_title=&#8221;Email&#8221; field_type=&#8221;email&#8221; _builder_version=&#8221;4.17.3&#8243; _module_preset=&#8221;default&#8221; global_colors_info=&#8221;{}&#8221; button_text_size__hover_enabled=&#8221;off&#8221; button_one_text_size__hover_enabled=&#8221;off&#8221; button_two_text_size__hover_enabled=&#8221;off&#8221; button_text_color__hover_enabled=&#8221;off&#8221; button_one_text_color__hover_enabled=&#8221;off&#8221; button_two_text_color__hover_enabled=&#8221;off&#8221; button_border_width__hover_enabled=&#8221;off&#8221; button_one_border_width__hover_enabled=&#8221;off&#8221; button_two_border_width__hover_enabled=&#8221;off&#8221; button_border_color__hover_enabled=&#8221;off&#8221; button_one_border_color__hover_enabled=&#8221;off&#8221; button_two_border_color__hover_enabled=&#8221;off&#8221; button_border_radius__hover_enabled=&#8221;off&#8221; button_one_border_radius__hover_enabled=&#8221;off&#8221; button_two_border_radius__hover_enabled=&#8221;off&#8221; button_letter_spacing__hover_enabled=&#8221;off&#8221; button_one_letter_spacing__hover_enabled=&#8221;off&#8221; button_two_letter_spacing__hover_enabled=&#8221;off&#8221; button_bg_color__hover_enabled=&#8221;off&#8221; button_one_bg_color__hover_enabled=&#8221;off&#8221; button_two_bg_color__hover_enabled=&#8221;off&#8221;][\/et_pb_contact_field][et_pb_contact_field field_id=&#8221;Tel&#8221; field_title=&#8221;Tel&#8221; required_mark=&#8221;off&#8221; _builder_version=&#8221;4.17.3&#8243; _module_preset=&#8221;default&#8221; global_colors_info=&#8221;{}&#8221; button_text_size__hover_enabled=&#8221;off&#8221; button_one_text_size__hover_enabled=&#8221;off&#8221; button_two_text_size__hover_enabled=&#8221;off&#8221; button_text_color__hover_enabled=&#8221;off&#8221; button_one_text_color__hover_enabled=&#8221;off&#8221; button_two_text_color__hover_enabled=&#8221;off&#8221; button_border_width__hover_enabled=&#8221;off&#8221; button_one_border_width__hover_enabled=&#8221;off&#8221; button_two_border_width__hover_enabled=&#8221;off&#8221; button_border_color__hover_enabled=&#8221;off&#8221; button_one_border_color__hover_enabled=&#8221;off&#8221; button_two_border_color__hover_enabled=&#8221;off&#8221; button_border_radius__hover_enabled=&#8221;off&#8221; button_one_border_radius__hover_enabled=&#8221;off&#8221; button_two_border_radius__hover_enabled=&#8221;off&#8221; button_letter_spacing__hover_enabled=&#8221;off&#8221; button_one_letter_spacing__hover_enabled=&#8221;off&#8221; button_two_letter_spacing__hover_enabled=&#8221;off&#8221; button_bg_color__hover_enabled=&#8221;off&#8221; button_one_bg_color__hover_enabled=&#8221;off&#8221; button_two_bg_color__hover_enabled=&#8221;off&#8221;][\/et_pb_contact_field][et_pb_contact_field field_id=&#8221;Country&#8221; field_title=&#8221;Orsz\u00e1g&#8221; _builder_version=&#8221;4.17.3&#8243; _module_preset=&#8221;default&#8221; global_colors_info=&#8221;{}&#8221; button_text_size__hover_enabled=&#8221;off&#8221; button_one_text_size__hover_enabled=&#8221;off&#8221; button_two_text_size__hover_enabled=&#8221;off&#8221; button_text_color__hover_enabled=&#8221;off&#8221; button_one_text_color__hover_enabled=&#8221;off&#8221; button_two_text_color__hover_enabled=&#8221;off&#8221; button_border_width__hover_enabled=&#8221;off&#8221; button_one_border_width__hover_enabled=&#8221;off&#8221; button_two_border_width__hover_enabled=&#8221;off&#8221; button_border_color__hover_enabled=&#8221;off&#8221; button_one_border_color__hover_enabled=&#8221;off&#8221; button_two_border_color__hover_enabled=&#8221;off&#8221; button_border_radius__hover_enabled=&#8221;off&#8221; button_one_border_radius__hover_enabled=&#8221;off&#8221; button_two_border_radius__hover_enabled=&#8221;off&#8221; button_letter_spacing__hover_enabled=&#8221;off&#8221; button_one_letter_spacing__hover_enabled=&#8221;off&#8221; button_two_letter_spacing__hover_enabled=&#8221;off&#8221; button_bg_color__hover_enabled=&#8221;off&#8221; button_one_bg_color__hover_enabled=&#8221;off&#8221; button_two_bg_color__hover_enabled=&#8221;off&#8221;][\/et_pb_contact_field][et_pb_contact_field field_id=&#8221;Description&#8221; field_title=&#8221;Le\u00edr\u00e1s&#8221; field_type=&#8221;text&#8221; fullwidth_field=&#8221;on&#8221; _builder_version=&#8221;4.17.3&#8243; _module_preset=&#8221;default&#8221; global_colors_info=&#8221;{}&#8221; button_text_size__hover_enabled=&#8221;off&#8221; button_one_text_size__hover_enabled=&#8221;off&#8221; button_two_text_size__hover_enabled=&#8221;off&#8221; button_text_color__hover_enabled=&#8221;off&#8221; button_one_text_color__hover_enabled=&#8221;off&#8221; button_two_text_color__hover_enabled=&#8221;off&#8221; button_border_width__hover_enabled=&#8221;off&#8221; button_one_border_width__hover_enabled=&#8221;off&#8221; button_two_border_width__hover_enabled=&#8221;off&#8221; button_border_color__hover_enabled=&#8221;off&#8221; button_one_border_color__hover_enabled=&#8221;off&#8221; button_two_border_color__hover_enabled=&#8221;off&#8221; button_border_radius__hover_enabled=&#8221;off&#8221; button_one_border_radius__hover_enabled=&#8221;off&#8221; button_two_border_radius__hover_enabled=&#8221;off&#8221; button_letter_spacing__hover_enabled=&#8221;off&#8221; button_one_letter_spacing__hover_enabled=&#8221;off&#8221; button_two_letter_spacing__hover_enabled=&#8221;off&#8221; button_bg_color__hover_enabled=&#8221;off&#8221; button_one_bg_color__hover_enabled=&#8221;off&#8221; button_two_bg_color__hover_enabled=&#8221;off&#8221;][\/et_pb_contact_field][\/et_pb_contact_form][et_pb_wc_meta show_sku=&#8221;off&#8221; show_categories=&#8221;off&#8221; _builder_version=&#8221;4.21.0&#8243; _module_preset=&#8221;default&#8221; global_colors_info=&#8221;{}&#8221;][\/et_pb_wc_meta][\/et_pb_column][\/et_pb_row][et_pb_row _builder_version=&#8221;4.16&#8243; background_size=&#8221;initial&#8221; background_position=&#8221;top_left&#8221; background_repeat=&#8221;repeat&#8221; width=&#8221;100%&#8221; min_height=&#8221;163.3px&#8221; custom_padding=&#8221;||42px|||&#8221; global_colors_info=&#8221;{}&#8221;][et_pb_column type=&#8221;4_4&#8243; _builder_version=&#8221;4.16&#8243; custom_padding=&#8221;|||&#8221; global_colors_info=&#8221;{}&#8221; custom_padding__hover=&#8221;|||&#8221;][et_pb_video src=&#8221;https:\/\/www.youtube.com\/watch?v=v_yEcKyNHUQ&#8221; _builder_version=&#8221;4.21.0&#8243; _module_preset=&#8221;default&#8221; global_colors_info=&#8221;{}&#8221;][\/et_pb_video][et_pb_wc_tabs _builder_version=&#8221;4.17.3&#8243; min_height=&#8221;278.6px&#8221; global_colors_info=&#8221;{}&#8221;] [\/et_pb_wc_tabs][et_pb_wc_upsells _builder_version=&#8221;4.17.3&#8243; global_colors_info=&#8221;{}&#8221;][\/et_pb_wc_upsells][et_pb_wc_related_products posts_number=&#8221;10&#8243; columns_number=&#8221;5&#8243; include_categories=&#8221;108,182&#8243; show_price=&#8221;off&#8221; show_rating=&#8221;off&#8221; show_sale_badge=&#8221;off&#8221; admin_label=&#8221;Woo Related Products&#8221; _builder_version=&#8221;4.21.0&#8243; rating_text_align=&#8221;left&#8221; product_title_font_size=&#8221;14px&#8221; global_colors_info=&#8221;{}&#8221;][\/et_pb_wc_related_products][\/et_pb_column][\/et_pb_row][\/et_pb_section]<\/p>\n","protected":false},"excerpt":{"rendered":"<p>Kiv\u00e1l\u00f3 min\u0151s\u00e9g\u0171 selyem hamis m\u0171 austin r\u00f3zsa vir\u00e1gd\u00edszek \u00f6mlesztett nagykereskedelemben Teljes magass\u00e1g: 39 cm 9 vir\u00e1gfej, M\u0171vir\u00e1g \u00e1tm\u00e9r\u0151je: 6,7 cm, Anyaga: selyem Sz\u00e1ra: m\u0171anyag Alkalmaz\u00e1s: Esk\u00fcv\u0151i vir\u00e1gk\u00f6t\u00e9szet, nappali, h\u00e1l\u00f3szoba, dolgoz\u00f3szoba, iroda Penge mennyis\u00e9ge: 9 Tartoz\u00e9kok mennyis\u00e9ge:9 200db\/karton, 130*45*52cm 0,3CBM ID:BRSF0179<\/p>\n","protected":false},"featured_media":30752,"comment_status":"open","ping_status":"closed","template":"","meta":{"_et_pb_use_builder":"on","_et_pb_old_content":"<a href=\"https:\/\/lipu688.oss-us-east-1.aliyuncs.com\/artificial-silk-flowers\/rose\/\">Wholesale bulk silk rose flowers in China<\/a>, If you want to import from the manufacturer, please contact us by email:\nenquiry@blush-rose.com\nwhatsapp:008613920077206\n\nK\u00e9nyeztesse mag\u00e1t csod\u00e1latos, mesters\u00e9ges, kilenc fej\u0171 austini r\u00f3zsa csokorunk gazdags\u00e1g\u00e1ban, amely a vir\u00e1gm\u0171v\u00e9szet remekm\u0171ve 9 leny\u0171g\u00f6z\u0151 sz\u00e1rral. Minden apr\u00f3l\u00e9kosan kidolgozott vir\u00e1g bemutatja azokat a bonyolult r\u00e9szleteket \u00e9s gazdag \u00e1rnyalatokat, amelyek az igazi austini r\u00f3zs\u00e1k vonzerej\u00e9t t\u00fckr\u00f6zik.\n\nA 6,7 cm-es vir\u00e1gfej \u00e1tm\u00e9r\u0151j\u00e9vel ez a csokor eleganci\u00e1t \u00e9s kifinomults\u00e1got sug\u00e1roz, \u00edgy t\u00f6k\u00e9letes aj\u00e1nd\u00e9k d\u00e9delgetett alkalmakra, vagy b\u00e1rmilyen esem\u00e9ny mag\u00e1val ragad\u00f3 k\u00f6zponti eleme. A 9 \u00e9leth\u0171 lev\u00e9l hib\u00e1tlanul kieg\u00e9sz\u00edti a r\u00f3zs\u00e1kat, text\u00far\u00e1t \u00e9s val\u00f3s\u00e1gh\u0171s\u00e9get adva az elrendez\u00e9shez.\n\nEmelje fel a teret ezeknek a pr\u00e9mium m\u0171faj\u00fa Austin r\u00f3zs\u00e1knak a var\u00e1zs\u00e1val. A prec\u00edzen \u00e9s gondosan megtervezett vir\u00e1gz\u00e1sok megragadj\u00e1k a friss vir\u00e1gok sz\u00e9ps\u00e9g\u00e9t, mik\u00f6zben \u00f6r\u00f6k var\u00e1zst biztos\u00edtanak a hervad\u00e1s vagy elhalv\u00e1nyod\u00e1s aggodalma n\u00e9lk\u00fcl. A csokor kiv\u00e1l\u00f3 min\u0151s\u00e9g\u0171 anyagai biztos\u00edtj\u00e1k a hossz\u00fa \u00e9lettartamot, meg\u0151rizve elragad\u00f3 sz\u00e9ps\u00e9g\u00e9t az elk\u00f6vetkez\u0151 \u00e9vekben.\n\n\u00c9lvezze a kilencfej\u0171 mesters\u00e9ges austini r\u00f3zsa csokrunk kifinomults\u00e1g\u00e1t \u00e9s id\u0151tlen vonzerej\u00e9t. Ak\u00e1r otthon\u00e1t d\u00edsz\u00edti, ak\u00e1r egy k\u00fcl\u00f6nleges pillanatot \u00fcnnepel, ak\u00e1r egy csipetnyi eleganci\u00e1t ad a d\u00e9delgetett alkalomhoz, ezek a m\u0171r\u00f3zs\u00e1k minden k\u00f6rnyezetet p\u00e1ratlan sz\u00e9ps\u00e9ggel \u00e9s b\u00e1jjal var\u00e1zsolnak el. Tapasztalja meg az \u00f6r\u00f6kk\u00e9 tart\u00f3 vir\u00e1gz\u00e1s \u00f6r\u00f6m\u00e9t ezzel a mag\u00e1val ragad\u00f3 vir\u00e1gkompoz\u00edci\u00f3val.","_et_gb_content_width":""},"product_brand":[],"product_cat":[621,349,641],"product_tag":[588,586,642],"class_list":{"0":"post-23254","1":"product","2":"type-product","3":"status-publish","4":"has-post-thumbnail","6":"product_cat-jo-minoseg","7":"product_cat-nincs-kategorizalva","8":"product_cat-rozsa","9":"product_tag-hamis-viragok-omlesztve-nagykereskedelem","10":"product_tag-muselyem-viragcsokrok-nagykereskedelme","11":"product_tag-selyem-viragkoteszeti-nagykereskedes","13":"first","14":"instock","15":"shipping-taxable","16":"product-type-simple"},"_links":{"self":[{"href":"https:\/\/www.blush-rose.com\/hu\/wp-json\/wp\/v2\/product\/23254","targetHints":{"allow":["GET"]}}],"collection":[{"href":"https:\/\/www.blush-rose.com\/hu\/wp-json\/wp\/v2\/product"}],"about":[{"href":"https:\/\/www.blush-rose.com\/hu\/wp-json\/wp\/v2\/types\/product"}],"replies":[{"embeddable":true,"href":"https:\/\/www.blush-rose.com\/hu\/wp-json\/wp\/v2\/comments?post=23254"}],"wp:featuredmedia":[{"embeddable":true,"href":"https:\/\/www.blush-rose.com\/hu\/wp-json\/wp\/v2\/media\/30752"}],"wp:attachment":[{"href":"https:\/\/www.blush-rose.com\/hu\/wp-json\/wp\/v2\/media?parent=23254"}],"wp:term":[{"taxonomy":"product_brand","embeddable":true,"href":"https:\/\/www.blush-rose.com\/hu\/wp-json\/wp\/v2\/product_brand?post=23254"},{"taxonomy":"product_cat","embeddable":true,"href":"https:\/\/www.blush-rose.com\/hu\/wp-json\/wp\/v2\/product_cat?post=23254"},{"taxonomy":"product_tag","embeddable":true,"href":"https:\/\/www.blush-rose.com\/hu\/wp-json\/wp\/v2\/product_tag?post=23254"}],"curies":[{"name":"wp","href":"https:\/\/api.w.org\/{rel}","templated":true}]}}