{"id":21664,"date":"2023-06-25T03:46:40","date_gmt":"2023-06-25T03:46:40","guid":{"rendered":"https:\/\/www.blush-rose.com\/politika-povrata-novca-i-povrata\/"},"modified":"2024-05-12T04:47:14","modified_gmt":"2024-05-12T04:47:14","slug":"politika-povrata-novca-i-povrata","status":"publish","type":"page","link":"https:\/\/www.blush-rose.com\/hr\/politika-povrata-novca-i-povrata\/","title":{"rendered":"Politika povrata novca i povrata"},"content":{"rendered":"\n<p><b>Ovo je ogledna stranica.<\/b><\/p>\n\n<h3>Overview<\/h3>\n\n<p>Na\u0161a pravila povrata novca i povrata traju 30 dana. Ako je pro\u0161lo 30 dana od va\u0161e kupnje, ne mo\u017eemo vam ponuditi puni povrat ili zamjenu.<\/p>\n\n<p>Da biste ispunili uvjete za povrat, va\u0161 artikl mora biti nekori\u0161ten i u istom stanju u kojem ste ga primili. Tako\u0111er mora biti u originalnom pakiranju.<\/p>\n\n<p>Nekoliko vrsta robe je izuzeto od povrata. Kvarljiva roba poput hrane, cvije\u0107a, novina ili \u010dasopisa ne mo\u017ee se vratiti. Tako\u0111er ne prihva\u0107amo proizvode koji su intimna ili higijenska roba, opasne materijale ili zapaljive teku\u0107ine ili plinove.<\/p>\n\n<p>Dodatni nepovratni artikli:<\/p>\n\n<ul class=\"wp-block-list\"><li>Darovne kartice<\/li>\n<li>Softverski proizvodi koji se mogu preuzeti<\/li>\n<li>Neki predmeti za zdravlje i osobnu njegu<\/li>\n<\/ul>\n<p>Kako bismo dovr\u0161ili va\u0161 povrat, potreban nam je ra\u010dun ili dokaz o kupnji.<\/p>\n\n<p>Molimo ne \u0161aljite svoju kupljenu robu proizvo\u0111a\u010du.<\/p>\n\n<p>Postoje odre\u0111ene situacije u kojima se odobravaju samo djelomi\u010dni povrati:<\/p>\n\n<ul class=\"wp-block-list\"><li>Knjiga sa vidljivim tragovima kori\u0161tenja<\/li>\n<li>CD, DVD, VHS vrpca, softver, video igra, kaseta ili vinilna plo\u010da koja je otvorena.<\/li>\n<li>Svaki predmet koji nije u izvornom stanju, o\u0161te\u0107en je ili mu nedostaju dijelovi iz razloga koji nisu posljedica na\u0161e pogre\u0161ke.<\/li>\n<li>Svaki artikl koji se vrati vi\u0161e od 30 dana nakon isporuke<\/li>\n<\/ul>\n<h2>Refunds<\/h2>\n\n<p>Nakon \u0161to va\u0161 povrat primimo i pregledamo, poslat \u0107emo vam e-poruku da vas obavijestimo da smo primili va\u0161 vra\u0107eni artikl. Tako\u0111er \u0107emo vas obavijestiti o odobrenju ili odbijanju povrata novca.<\/p>\n\n<p>Ako ste odobreni, tada \u0107e va\u0161 povrat biti obra\u0111en, a kredit \u0107e se automatski primijeniti na va\u0161u kreditnu karticu ili izvorni na\u010din pla\u0107anja, unutar odre\u0111enog broja dana.<\/p>\n\n<b>Late or missing refunds<\/b>\n\n<p>Ako jo\u0161 niste primili povrat novca, prvo ponovno provjerite svoj bankovni ra\u010dun.<\/p>\n\n<p>Zatim kontaktirajte tvrtku koja vam je izdala kreditnu karticu, mo\u017ee pro\u0107i neko vrijeme prije nego \u0161to povrat bude slu\u017ebeno objavljen.<\/p>\n\n<p>Zatim kontaktirajte svoju banku. \u010cesto postoji neko vrijeme obrade prije nego \u0161to se povrat objavi.<\/p>\n\n<p>Ako ste u\u010dinili sve ovo, a jo\u0161 uvijek niste primili povrat novca, kontaktirajte nas na {email address}.<\/p>\n\n<b>Sale items<\/b>\n\n<p>Povrat se mo\u017ee izvr\u0161iti samo za artikle po redovnoj cijeni. Artikli na rasprodaji ne mogu se vratiti.<\/p>\n\n<h2>Exchanges<\/h2>\n\n<p>Stavke mijenjamo samo ako su neispravne ili o\u0161te\u0107ene. Ako ga trebate zamijeniti za isti artikl, po\u0161aljite nam e-poruku na {email address} i po\u0161aljite svoj artikl na: {physical address}.<\/p>\n\n<h2>Gifts<\/h2>\n\n<p>Ako je artikl bio ozna\u010den kao dar kada je kupljen i poslan izravno vama, primit \u0107ete poklon kredit u vrijednosti povrata. Nakon \u0161to primite vra\u0107eni artikl, poklon bon \u0107e vam biti poslan po\u0161tom.<\/p>\n\n<p>Ako artikal nije bio ozna\u010den kao dar prilikom kupnje ili je darivatelj sam sebi poslao narud\u017ebu da vam je preda kasnije, poslat \u0107emo povrat novca darivatelju i on \u0107e saznati za va\u0161 povrat.<\/p>\n\n<h2>Shipping returns<\/h2>\n\n<p>Da biste vratili svoj proizvod, trebate ga poslati po\u0161tom na: {fizi\u010dka adresa}.<\/p>\n\n<p>Vi \u0107ete biti odgovorni za pla\u0107anje vlastitih tro\u0161kova dostave za vra\u0107anje va\u0161eg artikla. Tro\u0161kovi dostave su nepovratni. Ako primite povrat, tro\u0161ak povratne dostave bit \u0107e odbijen od va\u0161eg povrata.<\/p>\n\n<p>Ovisno o tome gdje \u017eivite, vrijeme koje mo\u017ee biti potrebno da va\u0161 zamijenjeni proizvod stigne do vas mo\u017ee varirati.<\/p>\n\n<p>Ako vra\u0107ate skuplje artikle, razmislite o kori\u0161tenju usluge dostave koja se mo\u017ee pratiti ili o kupnji osiguranja dostave. Ne jam\u010dimo da \u0107emo primiti va\u0161 vra\u0107eni artikl.<\/p>\n\n<h2>Need help?<\/h2>\n\n<p>Contact us at {email} for questions related to refunds and returns.<\/p>\n","protected":false},"excerpt":{"rendered":"<p>Ovo je ogledna stranica. Overview Na\u0161a pravila povrata novca i povrata traju 30 dana. Ako je pro\u0161lo 30 dana od va\u0161e kupnje, ne mo\u017eemo vam ponuditi puni povrat ili zamjenu. Da biste ispunili uvjete za povrat, va\u0161 artikl mora biti nekori\u0161ten i u istom stanju u kojem ste ga primili. Tako\u0111er mora biti u originalnom [&hellip;]<\/p>\n","protected":false},"author":1,"featured_media":0,"parent":0,"menu_order":0,"comment_status":"closed","ping_status":"closed","template":"","meta":{"_et_pb_use_builder":"","_et_pb_old_content":"","_et_gb_content_width":"","footnotes":""},"class_list":["post-21664","page","type-page","status-publish","hentry"],"_links":{"self":[{"href":"https:\/\/www.blush-rose.com\/hr\/wp-json\/wp\/v2\/pages\/21664","targetHints":{"allow":["GET"]}}],"collection":[{"href":"https:\/\/www.blush-rose.com\/hr\/wp-json\/wp\/v2\/pages"}],"about":[{"href":"https:\/\/www.blush-rose.com\/hr\/wp-json\/wp\/v2\/types\/page"}],"author":[{"embeddable":true,"href":"https:\/\/www.blush-rose.com\/hr\/wp-json\/wp\/v2\/users\/1"}],"replies":[{"embeddable":true,"href":"https:\/\/www.blush-rose.com\/hr\/wp-json\/wp\/v2\/comments?post=21664"}],"version-history":[{"count":1,"href":"https:\/\/www.blush-rose.com\/hr\/wp-json\/wp\/v2\/pages\/21664\/revisions"}],"predecessor-version":[{"id":21665,"href":"https:\/\/www.blush-rose.com\/hr\/wp-json\/wp\/v2\/pages\/21664\/revisions\/21665"}],"wp:attachment":[{"href":"https:\/\/www.blush-rose.com\/hr\/wp-json\/wp\/v2\/media?parent=21664"}],"curies":[{"name":"wp","href":"https:\/\/api.w.org\/{rel}","templated":true}]}}