{"id":21662,"date":"2023-02-15T02:34:21","date_gmt":"2023-02-15T02:34:21","guid":{"rendered":"https:\/\/www.blush-rose.com\/politika-privatnosti\/"},"modified":"2024-05-12T04:41:53","modified_gmt":"2024-05-12T04:41:53","slug":"politika-privatnosti","status":"publish","type":"page","link":"https:\/\/www.blush-rose.com\/hr\/politika-privatnosti\/","title":{"rendered":"Politika privatnosti"},"content":{"rendered":"\n\n[et_pb_section fb_built=&#8221;1&#8243; theme_builder_area=&#8221;post_content&#8221; _builder_version=&#8221;4.17.3&#8243; _module_preset=&#8221;default&#8221;][et_pb_row _builder_version=&#8221;4.17.3&#8243; _module_preset=&#8221;default&#8221; theme_builder_area=&#8221;post_content&#8221;][et_pb_column _builder_version=&#8221;4.17.3&#8243; _module_preset=&#8221;default&#8221; type=&#8221;4_4&#8243; theme_builder_area=&#8221;post_content&#8221;][et_pb_text _builder_version=&#8221;4.17.3&#8243; _module_preset=&#8221;default&#8221; theme_builder_area=&#8221;post_content&#8221; hover_enabled=&#8221;0&#8243; sticky_enabled=&#8221;0&#8243;]\n          <div class=\"et_pb_module et_pb_text et_pb_text_0 et_pb_text_align_left et_pb_bg_layout_light\" style=\"box-sizing: border-box; margin: 0px 0px 29.7px; padding: 0px; border: 0px; outline: 0px; font-size: 14px; text-size-adjust: 100%; vertical-align: baseline; background: 50% center \/ cover no-repeat #ffffff; position: relative; animation-timing-function: linear; animation-duration: 0.2s; overflow-wrap: break-word; text-align: left; color: #666666; font-family: 'Open Sans', Arial, sans-serif; font-style: normal; font-variant-ligatures: normal; font-variant-caps: normal; font-weight: 500; letter-spacing: normal; orphans: 2; text-indent: 0px; text-transform: none; white-space: normal; widows: 2; word-spacing: 0px; -webkit-text-stroke-width: 0px; text-decoration-thickness: initial; text-decoration-style: initial; text-decoration-color: initial;\">\n            \n\n            <div class=\"et_pb_text_inner\" style=\"box-sizing: border-box; margin: 0px; padding: 0px; border: 0px; outline: 0px; font-size: 14px; text-size-adjust: 100%; vertical-align: baseline; background: 0px 0px; position: relative;\">\n              \n\n              <h4 style=\"box-sizing: border-box; margin: 0px; padding: 0px 0px 10px; border: 0px; outline: 0px; font-size: 18px; text-size-adjust: 100%; vertical-align: baseline; background: 0px 0px; color: #51a3cc !important; line-height: 1em; font-weight: bold;\">Politika privatnosti<\/h4>\n              \n\n              <p style=\"box-sizing: border-box; margin: 0px; padding: 0px; border: 0px; outline: 0px; font-size: 14px; text-size-adjust: 100%; vertical-align: baseline; background: 0px 0px;\">Ova izjava o privatnosti daje vam se kako bi se objasnilo koje informacije BLUSH ROSE prikuplja od vas va\u0161om upotrebom ove web stranice (u daljnjem tekstu &#8220;stranica&#8221;) i kako koristi te informacije.<\/p>\n              \n\n            <\/div>\n            \n\n          <\/div>\n          \n\n          <div class=\"et_pb_module et_pb_text et_pb_text_1 et_pb_text_align_left et_pb_bg_layout_light\" style=\"box-sizing: border-box; margin: 0px 0px 29.7px; padding: 0px; border: 0px; outline: 0px; font-size: 14px; text-size-adjust: 100%; vertical-align: baseline; background: 50% center \/ cover no-repeat #ffffff; position: relative; animation-timing-function: linear; animation-duration: 0.2s; overflow-wrap: break-word; text-align: left; color: #666666; font-family: 'Open Sans', Arial, sans-serif; font-style: normal; font-variant-ligatures: normal; font-variant-caps: normal; font-weight: 500; letter-spacing: normal; orphans: 2; text-indent: 0px; text-transform: none; white-space: normal; widows: 2; word-spacing: 0px; -webkit-text-stroke-width: 0px; text-decoration-thickness: initial; text-decoration-style: initial; text-decoration-color: initial;\">\n            \n\n            <div class=\"et_pb_text_inner\" style=\"box-sizing: border-box; margin: 0px; padding: 0px; border: 0px; outline: 0px; font-size: 14px; text-size-adjust: 100%; vertical-align: baseline; background: 0px 0px; position: relative;\">\n              \n\n              <h4 style=\"box-sizing: border-box; margin: 0px; padding: 0px 0px 10px; border: 0px; outline: 0px; font-size: 18px; text-size-adjust: 100%; vertical-align: baseline; background: 0px 0px; color: #51a3cc !important; line-height: 1em; font-weight: bold;\">Osobne informacije<\/h4>\n              \n\n              <p style=\"box-sizing: border-box; margin: 0px; padding: 0px 0px 1em; border: 0px; outline: 0px; font-size: 14px; text-size-adjust: 100%; vertical-align: baseline; background: 0px 0px;\">Op\u0107enito, ovu stranicu mo\u017eete pregledavati bez navo\u0111enja svog imena i drugih osobnih podataka. Ponekad \u0107e stranica mo\u017eda trebati va\u0161e osobne podatke. Na primjer, trebamo va\u0161u adresu e-po\u0161te, ime i podatke za kontakt kada nam \u0161aljete e-po\u0161tu ili se registrirate za besplatnu pretplatu; potrebno nam je va\u0161e ime, spol, dob i iskustvo u obrazovanju kada se prijavite za posao na na\u0161oj web stranici. Mo\u017eda \u0107emo trebati takve informacije kako bismo izvr\u0161ili transakciju ili pru\u017eili bolju uslugu.<\/p>\n              \n\n              <p style=\"box-sizing: border-box; margin: 0px; padding: 0px; border: 0px; outline: 0px; font-size: 14px; text-size-adjust: 100%; vertical-align: baseline; background: 0px 0px;\">Kada posjetite ovo web-mjesto, ono automatski prikuplja odre\u0111ene informacije o vama i va\u0161em zahtjevu (npr. adresu va\u0161eg internetskog protokola (&#8220;IP&#8221;), sadr\u017eaj koji tra\u017eite) i druge informacije koje daje va\u0161 preglednik (npr. naziv preglednika, referentno mjesto ). Ove se informacije mogu koristiti za pobolj\u0161anje sadr\u017eaja i korisnosti ove stranice, za razumijevanje va\u0161eg kori\u0161tenja stranice i za prilagodbu sadr\u017eaja na temelju va\u0161e upotrebe. Ne povezujemo te informacije s va\u0161im osobnim podacima.<\/p>\n              \n\n            <\/div>\n            \n\n          <\/div>\n          \n\n          <div class=\"et_pb_module et_pb_text et_pb_text_2 et_pb_text_align_left et_pb_bg_layout_light\" style=\"box-sizing: border-box; margin: 0px 0px 29.7px; padding: 0px; border: 0px; outline: 0px; font-size: 14px; text-size-adjust: 100%; vertical-align: baseline; background: 50% center \/ cover no-repeat #ffffff; position: relative; animation-timing-function: linear; animation-duration: 0.2s; overflow-wrap: break-word; text-align: left; color: #666666; font-family: 'Open Sans', Arial, sans-serif; font-style: normal; font-variant-ligatures: normal; font-variant-caps: normal; font-weight: 500; letter-spacing: normal; orphans: 2; text-indent: 0px; text-transform: none; white-space: normal; widows: 2; word-spacing: 0px; -webkit-text-stroke-width: 0px; text-decoration-thickness: initial; text-decoration-style: initial; text-decoration-color: initial;\">\n            \n\n            <div class=\"et_pb_text_inner\" style=\"box-sizing: border-box; margin: 0px; padding: 0px; border: 0px; outline: 0px; font-size: 14px; text-size-adjust: 100%; vertical-align: baseline; background: 0px 0px; position: relative;\">\n              \n\n              <h4 style=\"box-sizing: border-box; margin: 0px; padding: 0px 0px 10px; border: 0px; outline: 0px; font-size: 18px; text-size-adjust: 100%; vertical-align: baseline; background: 0px 0px; color: #51a3cc !important; line-height: 1em; font-weight: bold;\">Kola\u010di\u0107i<\/h4>\n              \n\n              <p style=\"box-sizing: border-box; margin: 0px; padding: 0px; border: 0px; outline: 0px; font-size: 14px; text-size-adjust: 100%; vertical-align: baseline; background: 0px 0px;\">Kada posjetite ovu stranicu, poslat \u0107emo vam kola\u010di\u0107. Kola\u010di\u0107 sprema malu podatkovnu datoteku na va\u0161e ra\u010dunalo. Ova datoteka nam omogu\u0107uje da vas prepoznamo svaki put kada nas posjetite. Kola\u010di\u0107i nam poma\u017eu na mnogo na\u010dina, na primjer, spremanjem va\u0161e regionalne i jezi\u010dne postavke te u svrhu prikupljanja podataka koji nisu osobni.<br style=\"box-sizing: border-box;\">Ako ovoj web stranici ne dopustite kori\u0161tenje kola\u010di\u0107a, tada vam odre\u0111ene zna\u010dajke ili dijelovi stranice mo\u017eda ne\u0107e biti dostupni ili mo\u017eda ne\u0107e funkcionirati prema o\u010dekivanjima. Kola\u010di\u0107i se tako\u0111er mogu ukloniti ili blokirati slijede\u0107i upute za pomo\u0107 u va\u0161em pregledniku.<\/p>\n              \n\n            <\/div>\n            \n\n          <\/div>\n          \n\n          <div class=\"et_pb_module et_pb_text et_pb_text_3 et_pb_text_align_left et_pb_bg_layout_light\" style=\"box-sizing: border-box; margin: 0px 0px 29.7px; padding: 0px; border: 0px; outline: 0px; font-size: 14px; text-size-adjust: 100%; vertical-align: baseline; background: 50% center \/ cover no-repeat #ffffff; position: relative; animation-timing-function: linear; animation-duration: 0.2s; overflow-wrap: break-word; text-align: left; color: #666666; font-family: 'Open Sans', Arial, sans-serif; font-style: normal; font-variant-ligatures: normal; font-variant-caps: normal; font-weight: 500; letter-spacing: normal; orphans: 2; text-indent: 0px; text-transform: none; white-space: normal; widows: 2; word-spacing: 0px; -webkit-text-stroke-width: 0px; text-decoration-thickness: initial; text-decoration-style: initial; text-decoration-color: initial;\">\n            \n\n            <div class=\"et_pb_text_inner\" style=\"box-sizing: border-box; margin: 0px; padding: 0px; border: 0px; outline: 0px; font-size: 14px; text-size-adjust: 100%; vertical-align: baseline; background: 0px 0px; position: relative;\">\n              \n\n              <h4 style=\"box-sizing: border-box; margin: 0px; padding: 0px 0px 10px; border: 0px; outline: 0px; font-size: 18px; text-size-adjust: 100%; vertical-align: baseline; background: 0px 0px; color: #51a3cc !important; line-height: 1em; font-weight: bold;\">Sigurnost<\/h4>\n              \n\n              <p style=\"box-sizing: border-box; margin: 0px; padding: 0px; border: 0px; outline: 0px; font-size: 14px; text-size-adjust: 100%; vertical-align: baseline; background: 0px 0px;\">BLUSH ROSE koristi razumne sigurnosne mjere namijenjene za\u0161titi va\u0161ih podataka. Poslu\u017eitelji na kojima se pohranjuju osobni podaci za\u0161ti\u0107eni su lozinkom i vatrozidom, a pristup je ograni\u010den na one zaposlenike i neovisne ugovaratelje kojima je to potrebno i samo u gore navedene svrhe. Odr\u017eavamo za\u0161titne mjere namijenjene za\u0161titi sigurnosti, integriteta i privatnosti ovih poslu\u017eitelja i va\u0161ih osobnih podataka.<\/p>\n              \n\n            <\/div>\n            \n\n          <\/div>\n          \n\n          <div class=\"et_pb_module et_pb_text et_pb_text_4 et_pb_text_align_left et_pb_bg_layout_light\" style=\"box-sizing: border-box; margin: 0px 0px 29.7px; padding: 0px; border: 0px; outline: 0px; font-size: 14px; text-size-adjust: 100%; vertical-align: baseline; background: 50% center \/ cover no-repeat #ffffff; position: relative; animation-timing-function: linear; animation-duration: 0.2s; overflow-wrap: break-word; text-align: left; color: #666666; font-family: 'Open Sans', Arial, sans-serif; font-style: normal; font-variant-ligatures: normal; font-variant-caps: normal; font-weight: 500; letter-spacing: normal; orphans: 2; text-indent: 0px; text-transform: none; white-space: normal; widows: 2; word-spacing: 0px; -webkit-text-stroke-width: 0px; text-decoration-thickness: initial; text-decoration-style: initial; text-decoration-color: initial;\">\n            \n\n            <div class=\"et_pb_text_inner\" style=\"box-sizing: border-box; margin: 0px; padding: 0px; border: 0px; outline: 0px; font-size: 14px; text-size-adjust: 100%; vertical-align: baseline; background: 0px 0px; position: relative;\">\n              \n\n              <h4 style=\"box-sizing: border-box; margin: 0px; padding: 0px 0px 10px; border: 0px; outline: 0px; font-size: 18px; text-size-adjust: 100%; vertical-align: baseline; background: 0px 0px; color: #51a3cc !important; line-height: 1em; font-weight: bold;\">Veze tre\u0107ih strana<\/h4>\n              \n\n              <p style=\"box-sizing: border-box; margin: 0px; padding: 0px; border: 0px; outline: 0px; font-size: 14px; text-size-adjust: 100%; vertical-align: baseline; background: 0px 0px;\">Mogu postojati web stranice tre\u0107ih strana na koje se mo\u017eete povezati s ove web stranice. Na primjer, dopu\u0161tamo vam povezivanje na Facebook, Twitter i razne druge stranice dru\u0161tvenih medija s ove web stranice. Me\u0111utim, YUTANI Grupa nema kontrolu nad ovim povezanim web stranicama i svaka od njih ima zasebnu praksu privatnosti i prikupljanja podataka, neovisno o YUTANI Grupi. Ove web stranice tre\u0107ih strana mogu pratiti va\u0161u aktivnost pregledavanja na ovoj web stranici kao i na drugim stranicama koje posje\u0107ujete. Grupa YUTANI nema nikakvu odgovornost za ove neovisne politike ili radnje i nije odgovorna za prakse privatnosti ili sadr\u017eaj takvih web stranica. Ove povezane web stranice slu\u017ee samo za va\u0161u udobnost i stoga im pristupate na vlastitu odgovornost.<\/p>\n              \n\n            <\/div>\n            \n\n          <\/div>\n          \n\n          <div class=\"et_pb_module et_pb_text et_pb_text_5 et_pb_text_align_left et_pb_bg_layout_light\" style=\"box-sizing: border-box; margin: 0px 0px 29.7px; padding: 0px; border: 0px; outline: 0px; font-size: 14px; text-size-adjust: 100%; vertical-align: baseline; background: 50% center \/ cover no-repeat #ffffff; position: relative; animation-timing-function: linear; animation-duration: 0.2s; overflow-wrap: break-word; text-align: left; color: #666666; font-family: 'Open Sans', Arial, sans-serif; font-style: normal; font-variant-ligatures: normal; font-variant-caps: normal; font-weight: 500; letter-spacing: normal; orphans: 2; text-indent: 0px; text-transform: none; white-space: normal; widows: 2; word-spacing: 0px; -webkit-text-stroke-width: 0px; text-decoration-thickness: initial; text-decoration-style: initial; text-decoration-color: initial;\">\n            \n\n            <div class=\"et_pb_text_inner\" style=\"box-sizing: border-box; margin: 0px; padding: 0px; border: 0px; outline: 0px; font-size: 14px; text-size-adjust: 100%; vertical-align: baseline; background: 0px 0px; position: relative;\">\n              \n\n              <h4 style=\"box-sizing: border-box; margin: 0px; padding: 0px 0px 10px; border: 0px; outline: 0px; font-size: 18px; text-size-adjust: 100%; vertical-align: baseline; background: 0px 0px; color: #51a3cc !important; line-height: 1em; font-weight: bold;\">Odricanje<\/h4>\n              \n\n              <p style=\"box-sizing: border-box; margin: 0px; padding: 0px; border: 0px; outline: 0px; font-size: 14px; text-size-adjust: 100%; vertical-align: baseline; background: 0px 0px;\">U sljede\u0107im slu\u010dajevima ova web stranica ne preuzima nikakvu odgovornost.<\/p>\n              \n\n              <ol style=\"box-sizing: border-box; margin: 0px; padding: 0px 0px 1em; border: 0px; outline: 0px; font-size: 14px; text-size-adjust: 100%; vertical-align: baseline; background: 0px 0px; list-style: inside decimal; line-height: 26px;\">\n                \n\n                <li style=\"box-sizing: border-box; margin: 0px; padding: 0px; border: 0px; outline: 0px; font-size: 14px; text-size-adjust: 100%; vertical-align: baseline; background: 0px 0px;\">Mi otkrivamo informacije tijelima za provo\u0111enje zakona, vladinim agencijama ili tre\u0107im stranama ovla\u0161tenim zakonom, kao odgovor na provjereni zahtjev koji se odnosi na kriminalisti\u010dku istragu ili navodnu nezakonitu aktivnost, ili bilo koju drugu aktivnost koja mo\u017ee razotkriti nas, vas ili bilo kojeg drugog korisnika web stranice na pravnu odgovornost. U takvim slu\u010dajevima otkrit \u0107emo informacije za koje vjerujemo da su relevantne i potrebne za istragu ili istragu.<\/li>\n                \n\n                <li style=\"box-sizing: border-box; margin: 0px; padding: 0px; border: 0px; outline: 0px; font-size: 14px; text-size-adjust: 100%; vertical-align: baseline; background: 0px 0px;\">Svako otkrivanje osobnih podataka uzrokovano dijeljenjem registriranih ra\u010duna s drugima ili informiranjem drugih o va\u0161oj lozinci ili uzrokovano drugim osobnim razlozima.<\/li>\n                \n\n                <li style=\"box-sizing: border-box; margin: 0px; padding: 0px; border: 0px; outline: 0px; font-size: 14px; text-size-adjust: 100%; vertical-align: baseline; background: 0px 0px;\">\n                  <span style=\"box-sizing: border-box; margin: 0px; padding: 0px; border: 0px; outline: 0px; font-size: 14px; text-size-adjust: 100%; vertical-align: baseline; background: 0px 0px;\">Svi osobni podaci su otkriveni, izgubljeni, ukradeni i manipulirani ra\u010dunalnim virusom ili privremenim ga\u0161enjem mre\u017ee uzrokovanim neodoljivim \u010dimbenicima.<\/span>\n                <\/li>\n                \n\n                <li style=\"box-sizing: border-box; margin: 0px; padding: 0px; border: 0px; outline: 0px; font-size: 14px; text-size-adjust: 100%; vertical-align: baseline; background: 0px 0px;\">Osobne podatke otkrivaju druge web-stranice povezane s ovom web-stranicom i svi pravni sporovi i posljedice proiza\u0161le iz toga.<\/li>\n                \n\n                <li style=\"box-sizing: border-box; margin: 0px; padding: 0px; border: 0px; outline: 0px; font-size: 14px; text-size-adjust: 100%; vertical-align: baseline; background: 0px 0px;\">Ostali uzroci koji dovode do otkrivanja osobnih podataka na\u0161im nenamjernim pogre\u0161kama.<\/li>\n                \n\n              <\/ol>\n              \n\n            <\/div>\n            \n\n          <\/div>\n          \n\n          <div class=\"et_pb_module et_pb_text et_pb_text_6 et_pb_text_align_left et_pb_bg_layout_light\" style=\"box-sizing: border-box; margin: 0px; padding: 0px; border: 0px; outline: 0px; font-size: 14px; text-size-adjust: 100%; vertical-align: baseline; background: 50% center \/ cover no-repeat #ffffff; position: relative; animation-timing-function: linear; animation-duration: 0.2s; overflow-wrap: break-word; text-align: left; color: #666666; font-family: 'Open Sans', Arial, sans-serif; font-style: normal; font-variant-ligatures: normal; font-variant-caps: normal; font-weight: 500; letter-spacing: normal; orphans: 2; text-indent: 0px; text-transform: none; white-space: normal; widows: 2; word-spacing: 0px; -webkit-text-stroke-width: 0px; text-decoration-thickness: initial; text-decoration-style: initial; text-decoration-color: initial;\">\n            \n\n            <div class=\"et_pb_text_inner\" style=\"box-sizing: border-box; margin: 0px; padding: 0px; border: 0px; outline: 0px; font-size: 14px; text-size-adjust: 100%; vertical-align: baseline; background: 0px 0px; position: relative;\">\n              \n\n              <h4 style=\"box-sizing: border-box; margin: 0px; padding: 0px 0px 10px; border: 0px; outline: 0px; font-size: 18px; text-size-adjust: 100%; vertical-align: baseline; background: 0px 0px; color: #51a3cc !important; line-height: 1em; font-weight: bold;\">Primjenjivi zakoni<\/h4>\n              \n\n              <p style=\"box-sizing: border-box; margin: 0px; padding: 0px 0px 1em; border: 0px; outline: 0px; font-size: 14px; text-size-adjust: 100%; vertical-align: baseline; background: 0px 0px;\">Sve nesuglasice ili tu\u017ebe proiza\u0161le iz ove politike privatnosti ili u vezi s njom bit \u0107e rije\u0161ene zakonom Narodne Republike Kine.<\/p>\n              \n\n              <p style=\"box-sizing: border-box; margin: 0px; padding: 0px; border: 0px; outline: 0px; font-size: 14px; text-size-adjust: 100%; vertical-align: baseline; background: 0px 0px;\">BLUSH ROSE ima pravo objasniti, revidirati i a\u017eurirati politiku privatnosti.<\/p>\n              \n\n            <\/div>\n            \n\n          <\/div>\n        [\/et_pb_text][\/et_pb_column][\/et_pb_row][\/et_pb_section]\n\n","protected":false},"excerpt":{"rendered":"<p>Politika privatnosti Ova izjava o privatnosti daje vam se kako bi se objasnilo koje informacije BLUSH ROSE prikuplja od vas va\u0161om upotrebom ove web stranice (u daljnjem tekstu &#8220;stranica&#8221;) i kako koristi te informacije. Osobne informacije Op\u0107enito, ovu stranicu mo\u017eete pregledavati bez navo\u0111enja svog imena i drugih osobnih podataka. Ponekad \u0107e stranica mo\u017eda trebati va\u0161e [&hellip;]<\/p>\n","protected":false},"author":1,"featured_media":0,"parent":0,"menu_order":0,"comment_status":"closed","ping_status":"closed","template":"","meta":{"_et_pb_use_builder":"on","_et_pb_old_content":"","_et_gb_content_width":"","footnotes":""},"class_list":["post-21662","page","type-page","status-publish","hentry"],"_links":{"self":[{"href":"https:\/\/www.blush-rose.com\/hr\/wp-json\/wp\/v2\/pages\/21662","targetHints":{"allow":["GET"]}}],"collection":[{"href":"https:\/\/www.blush-rose.com\/hr\/wp-json\/wp\/v2\/pages"}],"about":[{"href":"https:\/\/www.blush-rose.com\/hr\/wp-json\/wp\/v2\/types\/page"}],"author":[{"embeddable":true,"href":"https:\/\/www.blush-rose.com\/hr\/wp-json\/wp\/v2\/users\/1"}],"replies":[{"embeddable":true,"href":"https:\/\/www.blush-rose.com\/hr\/wp-json\/wp\/v2\/comments?post=21662"}],"version-history":[{"count":1,"href":"https:\/\/www.blush-rose.com\/hr\/wp-json\/wp\/v2\/pages\/21662\/revisions"}],"predecessor-version":[{"id":21663,"href":"https:\/\/www.blush-rose.com\/hr\/wp-json\/wp\/v2\/pages\/21662\/revisions\/21663"}],"wp:attachment":[{"href":"https:\/\/www.blush-rose.com\/hr\/wp-json\/wp\/v2\/media?parent=21662"}],"curies":[{"name":"wp","href":"https:\/\/api.w.org\/{rel}","templated":true}]}}