{"id":21659,"date":"2023-02-15T03:36:39","date_gmt":"2023-02-15T03:36:39","guid":{"rendered":"https:\/\/www.blush-rose.com\/misija\/"},"modified":"2024-05-12T04:36:33","modified_gmt":"2024-05-12T04:36:33","slug":"misija","status":"publish","type":"page","link":"https:\/\/www.blush-rose.com\/hr\/misija\/","title":{"rendered":"Misija"},"content":{"rendered":"\n[et_pb_section fb_built=&#8221;1&#8243; _builder_version=&#8221;4.17.3&#8243; _module_preset=&#8221;default&#8221; global_colors_info=&#8221;{}&#8221; theme_builder_area=&#8221;post_content&#8221;][et_pb_row _builder_version=&#8221;4.17.3&#8243; _module_preset=&#8221;default&#8221; global_colors_info=&#8221;{}&#8221; theme_builder_area=&#8221;post_content&#8221;][et_pb_column type=&#8221;4_4&#8243; _builder_version=&#8221;4.17.3&#8243; _module_preset=&#8221;default&#8221; global_colors_info=&#8221;{}&#8221; theme_builder_area=&#8221;post_content&#8221;][et_pb_text _builder_version=&#8221;4.17.3&#8243; _module_preset=&#8221;default&#8221; hover_enabled=&#8221;0&#8243; global_colors_info=&#8221;{}&#8221; theme_builder_area=&#8221;post_content&#8221; sticky_enabled=&#8221;0&#8243;]<div class=\"et_pb_module et_pb_text et_pb_text_0 et_pb_text_align_left et_pb_bg_layout_light\" style=\"box-sizing: border-box; margin: 0px 0px 29.7px; padding: 0px; border: 0px; outline: 0px; font-size: 14px; text-size-adjust: 100%; vertical-align: baseline; background: 50% center \/ cover no-repeat #ffffff; position: relative; animation-timing-function: linear; animation-duration: 0.2s; overflow-wrap: break-word; text-align: left; color: #666666; font-family: 'Open Sans', Arial, sans-serif; font-style: normal; font-variant-ligatures: normal; font-variant-caps: normal; font-weight: 500; letter-spacing: normal; orphans: 2; text-indent: 0px; text-transform: none; white-space: normal; widows: 2; word-spacing: 0px; -webkit-text-stroke-width: 0px; text-decoration-thickness: initial; text-decoration-style: initial; text-decoration-color: initial;\">\n            \n\n            <div class=\"et_pb_text_inner\" style=\"box-sizing: border-box; margin: 0px; padding: 0px; border: 0px; outline: 0px; font-size: 14px; text-size-adjust: 100%; vertical-align: baseline; background: 0px 0px; position: relative;\">\n              \n\n              <h4 style=\"box-sizing: border-box; margin: 0px; padding: 0px 0px 10px; border: 0px; outline: 0px; font-size: 18px; text-size-adjust: 100%; vertical-align: baseline; background: 0px 0px; color: #51a3cc !important; line-height: 1em; font-weight: bold;\">Misija<\/h4>\n              \n\n            <\/div>\n            \n\n          <\/div>\n          \n\n          <div class=\"et_pb_module et_pb_text et_pb_text_6 et_pb_text_align_left et_pb_bg_layout_light\" style=\"box-sizing: border-box; margin: 0px; padding: 0px; border: 0px; outline: 0px; font-size: 14px; text-size-adjust: 100%; vertical-align: baseline; background: 50% center \/ cover no-repeat #ffffff; position: relative; animation-timing-function: linear; animation-duration: 0.2s; overflow-wrap: break-word; text-align: left; color: #666666; font-family: 'Open Sans', Arial, sans-serif; font-style: normal; font-variant-ligatures: normal; font-variant-caps: normal; font-weight: 500; letter-spacing: normal; orphans: 2; text-indent: 0px; text-transform: none; white-space: normal; widows: 2; word-spacing: 0px; -webkit-text-stroke-width: 0px; text-decoration-thickness: initial; text-decoration-style: initial; text-decoration-color: initial;\">\n            \n\n            <div class=\"et_pb_text_inner\" style=\"box-sizing: border-box; margin: 0px; padding: 0px; border: 0px; outline: 0px; font-size: 14px; text-size-adjust: 100%; vertical-align: baseline; background: 0px 0px; position: relative;\">\n              \n\n              <p>Donesite vode\u0107e kinesko umjetno cvije\u0107e i biljke u svijet<\/p>\n              \n\n              <p>BLUSH ROSE je proizvo\u0111a\u010d i veletrgovac, ali ne i maloprodaja cvjetnih polja. Blush-rose.com je promotor vode\u0107ih kineskih proizvo\u0111a\u010da, ali ne i pravo mjesto za online kupnju. S autorizacijom vode\u0107ih kineskih originalnih proizvo\u0111a\u010da, BLUSH ROSE se posve\u0107uje povezivanju globalnih stru\u010dnjaka za nabavu i proizvoda za licenciranje kineske proizvodnje putem internetske stranice, kako bi u svijet doveo najbolje kineske proizvode i proizvo\u0111a\u010de umjetnog cvije\u0107a.<\/p>\n              \n\n              <p>Glavni zaposlenici BLUSH ROSE-a su iz proizvodnih poduze\u0107a ili poduze\u0107a iz opskrbnog lanca u industriji umjetnog cvije\u0107a i imaju vi\u0161e od 10 godina radnog iskustva. Tim prema na\u010delima BLUSH ROSE Strict Selection (QSS) temeljito sura\u0111uje samo s vode\u0107im proizvo\u0111a\u010dima u svakom podru\u010dju proizvoda kako bi osigurao proizvode najbolje kvalitete, najkonkurentnije cijene i najpouzdanije usluge.<\/p>\n              \n\n              <p>Budite va\u0161 pouzdan dobavlja\u010d u Kini<\/p>\n              \n\n              <p>S postojanim iskustvom u industrijskim poljima i \u0161irokom potporom vode\u0107ih lokalnih kineskih proizvo\u0111a\u010da, BLUSH ROSE tako\u0111er je u mogu\u0107nosti ponuditi masu proizvoda izvan niskonaponskih polja.<\/p>\n              \n\n              <p>Od cvijeta do biljke, od sirovina do dostave, BLUSH ROSE bit \u0107e va\u0161 najpouzdaniji partner u Kini.<\/p>\n              \n\n            <\/div>\n            \n\n          <\/div>[\/et_pb_text][\/et_pb_column][\/et_pb_row][\/et_pb_section]\n","protected":false},"excerpt":{"rendered":"<p>Misija<\/p>\n","protected":false},"author":1,"featured_media":0,"parent":0,"menu_order":0,"comment_status":"closed","ping_status":"closed","template":"","meta":{"_et_pb_use_builder":"on","_et_pb_old_content":"","_et_gb_content_width":"","footnotes":""},"class_list":["post-21659","page","type-page","status-publish","hentry"],"_links":{"self":[{"href":"https:\/\/www.blush-rose.com\/hr\/wp-json\/wp\/v2\/pages\/21659","targetHints":{"allow":["GET"]}}],"collection":[{"href":"https:\/\/www.blush-rose.com\/hr\/wp-json\/wp\/v2\/pages"}],"about":[{"href":"https:\/\/www.blush-rose.com\/hr\/wp-json\/wp\/v2\/types\/page"}],"author":[{"embeddable":true,"href":"https:\/\/www.blush-rose.com\/hr\/wp-json\/wp\/v2\/users\/1"}],"replies":[{"embeddable":true,"href":"https:\/\/www.blush-rose.com\/hr\/wp-json\/wp\/v2\/comments?post=21659"}],"version-history":[{"count":1,"href":"https:\/\/www.blush-rose.com\/hr\/wp-json\/wp\/v2\/pages\/21659\/revisions"}],"predecessor-version":[{"id":21660,"href":"https:\/\/www.blush-rose.com\/hr\/wp-json\/wp\/v2\/pages\/21659\/revisions\/21660"}],"wp:attachment":[{"href":"https:\/\/www.blush-rose.com\/hr\/wp-json\/wp\/v2\/media?parent=21659"}],"curies":[{"name":"wp","href":"https:\/\/api.w.org\/{rel}","templated":true}]}}