{"id":21557,"date":"2022-07-11T02:17:34","date_gmt":"2022-07-11T02:17:34","guid":{"rendered":"https:\/\/www.blush-rose.com\/umjetna-biljka\/biljka-kroton\/"},"modified":"2024-05-11T10:48:08","modified_gmt":"2024-05-11T10:48:08","slug":"biljka-kroton","status":"publish","type":"page","link":"https:\/\/www.blush-rose.com\/hr\/umjetna-biljka\/biljka-kroton\/","title":{"rendered":"biljka kroton"},"content":{"rendered":"<p>[et_pb_section fb_built=&#8221;1&#8243; admin_label=&#8221;Hero Section&#8221; _builder_version=&#8221;4.17.3&#8243; _module_preset=&#8221;default&#8221; use_background_color_gradient=&#8221;on&#8221; background_color_gradient_direction=&#8221;90deg&#8221; background_color_gradient_stops=&#8221;rgba(244,240,233,0.9) 30%|rgba(244,240,233,0) 100%&#8221; background_color_gradient_overlays_image=&#8221;on&#8221; background_color_gradient_start=&#8221;rgba(244,240,233,0.9)&#8221; background_color_gradient_start_position=&#8221;30%&#8221; background_color_gradient_end=&#8221;rgba(244,240,233,0)&#8221; background_image=&#8221;https:\/\/oss-us-east-1.aliyuncs.com\/wp-content\/uploads\/2022\/07\/florist-11.jpg&#8221; custom_margin=&#8221;|||&#8221; custom_padding=&#8221;25px|0px|25px|0px|false|false&#8221; global_colors_info=&#8221;{}&#8221;][et_pb_row custom_padding_last_edited=&#8221;off|desktop&#8221; admin_label=&#8221;Podru\u010dje heroja&#8221; _builder_version=&#8221;4.16&#8243; _module_preset=&#8221;default&#8221; custom_padding=&#8221;27px|0px|0px|0px&#8221; global_colors_info=&#8221;{}&#8221;][et_pb_column type=&#8221;4_4&#8243; _builder_version=&#8221;4.16&#8243; _module_preset=&#8221;default&#8221; custom_padding=&#8221;|||&#8221; global_colors_info=&#8221;{}&#8221; custom_padding__hover=&#8221;|||&#8221;][et_pb_text admin_label=&#8221;Hero Title&#8221; _builder_version=&#8221;4.17.3&#8243; _module_preset=&#8221;default&#8221; text_font=&#8221;Playfair Display||||||||&#8221; header_font=&#8221;Alice||||||||&#8221; header_font_size=&#8221;50px&#8221; header_letter_spacing=&#8221;-3px&#8221; header_line_height=&#8221;1.1em&#8221; custom_margin=&#8221;||0px|&#8221; custom_padding=&#8221;|||&#8221; animation_style=&#8221;slide&#8221; animation_direction=&#8221;left&#8221; animation_intensity_slide=&#8221;5%&#8221; animation_starting_opacity=&#8221;100%&#8221; hover_enabled=&#8221;0&#8243; text_font_size_last_edited=&#8221;off|desktop&#8221; header_font_size_tablet=&#8221;&#8221; header_font_size_phone=&#8221;60px&#8221; header_font_size_last_edited=&#8221;on|phone&#8221; global_colors_info=&#8221;{}&#8221; sticky_enabled=&#8221;0&#8243;]<\/p>\n<h1>Umjetna biljka Croton na otvorenom<\/h1>\n<p>[\/et_pb_text][et_pb_text _builder_version=&#8221;4.17.3&#8243; _module_preset=&#8221;default&#8221; text_font=&#8221;||||||||&#8221; text_line_height=&#8221;1.8em&#8221; header_font=&#8221;||||||||&#8221; max_width=&#8221;500px&#8221; custom_margin=&#8221;|||&#8221; custom_padding=&#8221;||10px|&#8221; animation_style=&#8221;slide&#8221; animation_direction=&#8221;left&#8221; animation_intensity_slide=&#8221;5%&#8221; animation_starting_opacity=&#8221;100%&#8221; global_colors_info=&#8221;{}&#8221;]<\/p>\n<p>veletrgovac umjetnim biljkama kroton u Kini, prilago\u0111ena narud\u017eba je dobrodo\u0161la, izvozi se u 30 zemalja.<\/p>\n<p>[\/et_pb_text][\/et_pb_column][\/et_pb_row][\/et_pb_section][et_pb_section fb_built=&#8221;1&#8243; _builder_version=&#8221;4.17.3&#8243; width=&#8221;100%&#8221; max_width=&#8221;100%&#8221; module_alignment=&#8221;center&#8221; custom_margin=&#8221;0px||0px||false|false&#8221; custom_padding=&#8221;0px||||false|false&#8221; global_colors_info=&#8221;{}&#8221;][et_pb_row column_structure=&#8221;1_3,2_3&#8243; _builder_version=&#8221;4.17.3&#8243; _module_preset=&#8221;default&#8221; width=&#8221;100%&#8221; max_width=&#8221;1280px&#8221; global_colors_info=&#8221;{}&#8221;][et_pb_column type=&#8221;1_3&#8243; _builder_version=&#8221;4.17.3&#8243; _module_preset=&#8221;default&#8221; global_colors_info=&#8221;{}&#8221;][et_pb_sidebar _builder_version=&#8221;4.17.3&#8243; _module_preset=&#8221;default&#8221; custom_padding=&#8221;|||120px|false|false&#8221; global_colors_info=&#8221;{}&#8221;][\/et_pb_sidebar][\/et_pb_column][et_pb_column type=&#8221;2_3&#8243; _builder_version=&#8221;4.17.3&#8243; _module_preset=&#8221;default&#8221; global_colors_info=&#8221;{}&#8221;][et_pb_text _builder_version=&#8221;4.17.3&#8243; _module_preset=&#8221;default&#8221; text_font=&#8221;||||||||&#8221; text_text_color=&#8221;#111111&#8243; text_font_size=&#8221;16px&#8221; text_line_height=&#8221;1.3em&#8221; background_color=&#8221;#f9f9f9&#8243; custom_margin=&#8221;||||false|false&#8221; custom_padding=&#8221;5px|20px|5px|20px|false|false&#8221; hover_enabled=&#8221;0&#8243; locked=&#8221;off&#8221; global_colors_info=&#8221;{}&#8221; sticky_enabled=&#8221;0&#8243;]<\/p>\n<p><span style=\"color: #333333;\">Wholesale real look artificial <\/span>croton plants<span style=\"color: #333333;\">in China factory.It is widely used in party, wedding, decoration, if you want to import, contact us: <span style=\"color: #800000;\">enquiry@blush-rose.com<\/span><\/span><\/p>\n<p>[\/et_pb_text][et_pb_wc_related_products include_categories=&#8221;128&#8243; show_price=&#8221;off&#8221; show_rating=&#8221;off&#8221; show_sale_badge=&#8221;off&#8221; _builder_version=&#8221;4.17.3&#8243; rating_text_align=&#8221;left&#8221; product_title_font_size=&#8221;14px&#8221; global_colors_info=&#8221;{}&#8221;][\/et_pb_wc_related_products][et_pb_tabs _builder_version=&#8221;4.17.3&#8243; _module_preset=&#8221;default&#8221; hover_enabled=&#8221;0&#8243; global_colors_info=&#8221;{}&#8221; sticky_enabled=&#8221;0&#8243;][et_pb_tab title=&#8221;Opis&#8221; _builder_version=&#8221;4.17.3&#8243; _module_preset=&#8221;default&#8221; hover_enabled=&#8221;0&#8243; global_colors_info=&#8221;{}&#8221; sticky_enabled=&#8221;0&#8243;]<\/p>\n<p><strong>Zna\u010dajka proizvoda:<\/strong><br \/>1.Pogodan je za unutarnje i vanjske prostore<br \/>2. Izra\u0111en od tkanine, PU, \u017eice, mo\u017ee trajati dugo vremena.<br \/>3. Tradicionalni zanat,<\/p>\n<p><strong>Kako se brinuti za umjetnu biljku Croton<\/strong><br \/>Bilo da \u017eelite dodati malo prirodnog \u0161arma svom domu ili malom prostoru u svom uredu, mo\u017eete odabrati umjetnu biljku Croton. Ova la\u017ena biljka dostupna je u nekoliko boja, uklju\u010duju\u0107i zelenu, naran\u010dastu i \u017eutu. Svaki dolazi u posudi inspiriranoj terakotom.<\/p>\n<p><strong>Dr\u017eanje Croton biljke u zatvorenom prostoru<\/strong><br \/>Krotoni mogu narasti do 20 stopa u visinu u svom prirodnom stani\u0161tu, ali u prosje\u010dnom ku\u0107nom okru\u017eenju narastu samo 3 do 8 stopa. Krotoni uspijevaju na jakom svjetlu i niskim temperaturama, uz visoku razinu vla\u017enosti. Krotoni tako\u0111er vole lagano, prozra\u010dno tlo. Zalijevanje bi trebalo biti tjedno, ali posebno je va\u017eno krotonima osigurati stalnu vlagu tijekom ljeta i prolje\u0107a.<\/p>\n<p><strong>Zalijevanje biljke Croton<\/strong><br \/>Jedna od \u0161arenijih sobnih biljaka, kroton je savr\u0161en na\u010din da svom interijeru date tropski ugo\u0111aj. Poznate su po svom \u017eivopisnom li\u0161\u0107u koje varira od \u017eute do naran\u010daste, crvene do crne. Dodaju da\u0161ak tropskog stila svakom unutarnjem ure\u0111enju, a posebno su upe\u010datljivi u svijetlim sobama. Krotoni izgledaju sjajno u posudama koje su ukra\u0161ene svijetlim bojama kako bi se naglasilo \u017eivopisno li\u0161\u0107e.<\/p>\n<p>[\/et_pb_tab][\/et_pb_tabs][et_pb_button button_url=&#8221;https:\/\/www.blush-rose.com\/contact-us\/&#8221; url_new_window=&#8221;on&#8221; button_text=&#8221;KONTAKTIRAJTE NAS&#8221; _builder_version=&#8221;4.17.3&#8243; _module_preset=&#8221;default&#8221; custom_button=&#8221;on&#8221; button_text_size=&#8221;12px&#8221; button_text_color=&#8221;#ffffff&#8221; button_bg_color=&#8221;#cb9274&#8243; button_border_width=&#8221;0px&#8221; button_letter_spacing=&#8221;1px&#8221; button_font=&#8221;Montserrat|500||on|||||&#8221; button_icon=&#8221;&#x35;||divi||400&#8243; button_on_hover=&#8221;off&#8221; custom_padding=&#8221;15px|30px|15px|30px|true|true&#8221; hover_enabled=&#8221;0&#8243; locked=&#8221;off&#8221; global_colors_info=&#8221;{}&#8221; sticky_enabled=&#8221;0&#8243;][\/et_pb_button][et_pb_text _builder_version=&#8221;4.17.3&#8243; _module_preset=&#8221;default&#8221; text_font=&#8221;||||||||&#8221; header_font=&#8221;||||||||&#8221; header_2_font=&#8221;Playfair Display|700|||||||&#8221; header_2_text_align=&#8221;center&#8221; header_2_text_color=&#8221;#2b2b2b&#8221; header_2_font_size=&#8221;42px&#8221; header_2_line_height=&#8221;1.5em&#8221; background_color=&#8221;rgba(224,224,224,0.34)&#8221; background_size=&#8221;initial&#8221; background_position=&#8221;top_left&#8221; background_repeat=&#8221;repeat&#8221; text_orientation=&#8221;center&#8221; module_alignment=&#8221;center&#8221; custom_margin=&#8221;||||false|false&#8221; locked=&#8221;off&#8221; global_colors_info=&#8221;{}&#8221;]<\/p>\n<h2>\n            <span style=\"color: #000000;\">\u010cesto postavljana pitanja<\/span><br \/>\n          <\/h2>\n<p>[\/et_pb_text][et_pb_accordion open_toggle_background_color=&#8221;RGBA(255,255,255,0)&#8221; closed_toggle_background_color=&#8221;RGBA(255,255,255,0)&#8221; icon_color=&#8221;rgba(252,176,141,0.87)&#8221; _builder_version=&#8221;4.17.3&#8243; _module_preset=&#8221;default&#8221; toggle_text_color=&#8221;#111111&#8243; toggle_font=&#8221;||||||||&#8221; toggle_font_size=&#8221;16px&#8221; toggle_line_height=&#8221;1.4em&#8221; body_font=&#8221;||||||||&#8221; body_text_color=&#8221;#111111&#8243; body_font_size=&#8221;15px&#8221; body_line_height=&#8221;1.6em&#8221; background_color=&#8221;#fcfcfc&#8221; border_width_all=&#8221;0px&#8221; border_width_bottom=&#8221;1px&#8221; global_colors_info=&#8221;{%22gcid-8b305f9d-4844-4604-ba06-445166ebe5d6%22:%91%22body_text_color%22%93,%22gcid-4770fd1d-3b05-47c6-b560-7b21752e8876%22:%91%22icon_color%22%93}&#8221;][et_pb_accordion_item title=&#8221;Za\u0161to odabrati na\u0161u tvrtku za veleprodaju umjetnog luga?&#8221; open=&#8221;on&#8221; _builder_version=&#8221;4.17.3&#8243; _module_preset=&#8221;default&#8221; global_colors_info=&#8221;{}&#8221;]<\/p>\n<p>Svojim bogatim iskustvom i savr\u0161enom organizacijom, na\u0161a tvrtka je uspostavila dobar odnos sa svjetskim partnerima. Na\u0161a diversifikacija proizvoda omogu\u0107uje gostima da kupe kona\u010dne dodatke za dom, cvije\u0107e i darove na jednom mjestu. <\/p>\n<p>[\/et_pb_accordion_item][et_pb_accordion_item title=&#8221;Mogu li se umjetni alijumi mije\u0161ati s drugim cvije\u0107em za veleprodaju?&#8221; _builder_version=&#8221;4.17.3&#8243; _module_preset=&#8221;default&#8221; global_colors_info=&#8221;{}&#8221; open=&#8221;off&#8221;]<\/p>\n<p>Ako ima zaliha u skladi\u0161tu, mo\u017ee se prodati barem jedna. Ako u na\u0161em skladi\u0161tu nema zaliha, obratite se na\u0161em odjelu prodaje za minimalnu koli\u010dinu narud\u017ebe. <\/p>\n<p>[\/et_pb_accordion_item][et_pb_accordion_item title=&#8221;Kako odr\u017eavati umjetno cvije\u0107e aluma?&#8221; _builder_version=&#8221;4.17.3&#8243; _module_preset=&#8221;default&#8221; global_colors_info=&#8221;{}&#8221; toggle_line_height=&#8221;1.3em&#8221; open=&#8221;off&#8221;]<\/p>\n<p>\n            <span lang=\"EN-US\">Umjetno cvije\u0107e ne zahtijeva odr\u017eavanje, samo jednostavno brisanje pra\u0161ine jednom tjedno.<o:p><\/o:p><\/span>\n          <\/p>\n<p>\n            <span lang=\"EN-US\">Ako je previ\u0161e pra\u0161njavo, mo\u017eete koristiti otopinu citrusa od vode i limunovog soka. Ponovite ovaj postupak jednom tjedno i vi\u0161e se nikada ne\u0107ete morati brinuti o brisanju pra\u0161ine sa svojih umjetnih alliuma.<o:p><\/o:p><\/span>\n          <\/p>\n<p>\n            <span lang=\"EN-US\">Umjetni cvijet mo\u017ee se prati izravno u \u010distoj vodi. Nemojte jako trljati kako biste sprije\u010dili opadanje cvjetova ili neravnine. Nemojte trljati i prati ru\u010dno kako biste izbjegli promjenu boje.  <o:p><\/o:p><\/span>\n          <\/p>\n<p>[\/et_pb_accordion_item][et_pb_accordion_item title=&#8221;Tko su ciljani kupci umjetnih aliuma?&#8221; _builder_version=&#8221;4.17.3&#8243; _module_preset=&#8221;default&#8221; global_colors_info=&#8221;{}&#8221; open=&#8221;off&#8221;]<\/p>\n<h2>\n            <span lang=\"EN-US\" style=\"font-size: 12.0pt; font-weight: normal;\">Veliki veletrgovci, centri za planiranje vjen\u010danja, cvjetni aran\u017emani itd.<\/span><br \/>\n          <\/h2>\n<p>[\/et_pb_accordion_item][et_pb_accordion_item title=&#8221;Koji je materijal od umjetne svile allium?&#8221; _builder_version=&#8221;4.17.3&#8243; _module_preset=&#8221;default&#8221; global_colors_info=&#8221;{}&#8221; open=&#8221;off&#8221;]<\/p>\n<p>To zapravo nije svila, samo izgleda kao pravi svileni cvijet napravljen u 19. stolje\u0107u. Izra\u0111uje se od poliestera, EVA, PVC-a, plastike i \u017eice i drugih materijala. <\/p>\n<p>[\/et_pb_accordion_item][et_pb_accordion_item title=&#8221;Mo\u017ee li se koristiti vani?&#8221; _builder_version=&#8221;4.17.3&#8243; _module_preset=&#8221;default&#8221; global_colors_info=&#8221;{}&#8221; open=&#8221;off&#8221;]<\/p>\n<p>\n            <span lang=\"EN-US\">Mo\u017ee se dr\u017eati na otvorenom, ali se preporu\u010duje kratkotrajno skladi\u0161tenje. Zbog dugotrajne izlo\u017eenosti vani, proizvod blijedi i kvari se vrlo brzo na svjetlu i ki\u0161i. <\/span>\n          <\/p>\n<p>[\/et_pb_accordion_item][\/et_pb_accordion][et_pb_text _builder_version=&#8221;4.17.3&#8243; _module_preset=&#8221;default&#8221; text_font=&#8221;||||||||&#8221; header_font=&#8221;||||||||&#8221; header_font_size=&#8221;26px&#8221; header_2_font=&#8221;Playfair Display|700|||||||&#8221; header_2_text_align=&#8221;center&#8221; header_2_text_color=&#8221;#2b2b2b&#8221; header_2_font_size=&#8221;42px&#8221; header_2_line_height=&#8221;1.5em&#8221; background_color=&#8221;rgba(224,224,224,0.34)&#8221; background_size=&#8221;initial&#8221; background_position=&#8221;top_left&#8221; background_repeat=&#8221;repeat&#8221; text_orientation=&#8221;center&#8221; module_alignment=&#8221;center&#8221; custom_margin=&#8221;||||false|false&#8221; custom_padding=&#8221;5px||5px||false|false&#8221; locked=&#8221;off&#8221; global_colors_info=&#8221;{}&#8221;]<\/p>\n<h3 style=\"text-align: left;\">\n            <span style=\"color: #000000;\">Recenzirali korisnici<\/span><br \/>\n          <\/h3>\n<p>[\/et_pb_text][et_pb_text _builder_version=&#8221;4.17.3&#8243; _module_preset=&#8221;default&#8221; display_conditions=&#8221;W10=&#8221; hover_enabled=&#8221;0&#8243; global_colors_info=&#8221;{}&#8221; sticky_enabled=&#8221;0&#8243;]<\/p>\n<div class=\"p\">\n            <a href=\"https:\/\/www.blush-rose.com\/hr\/umjetna-biljka\/\">Veleprodaja umjetnih biljaka<\/a>\n          <\/div>\n<div class=\"p\"><\/div>\n<div class=\"p\">\n            <b><\/b><br \/>\n            <b>Puno ti hvala<\/b>\n          <\/div>\n<div>\n            <span class=\"subtext\">2 May 2022 | <span> <\/span><b>Karen<\/b><\/span>\n          <\/div>\n<p>Zdravo,<br \/>Naru\u010dio sam 2 posude ovih biljaka za grobove. Upravo su stigli i divni su. Kombinacija boja je savr\u0161ena. Toliko su me impresionirale va\u0161e potvrde statusa isporuke da \u0107u to i nastaviti \u010diniti. Opet, hvala tebi.<\/p>\n<p>&#8212;&#8212;&#8212;&#8212;&#8212;&#8212;&#8212;&#8212;&#8212;&#8212;&#8212;&#8212;&#8212;&#8212;&#8212;&#8212;&#8212;&#8212;&#8212;&#8212;&#8212;&#8212;&#8212;&#8212;&#8212;&#8212;&#8212;&#8212;&#8212;&#8212;&#8212;&#8212;&#8212;&#8212;<\/p>\n<p>[\/et_pb_text][\/et_pb_column][\/et_pb_row][\/et_pb_section][et_pb_section fb_built=&#8221;1&#8243; admin_label=&#8221;Post Body&#8221; _builder_version=&#8221;4.17.3&#8243; _module_preset=&#8221;default&#8221; background_color=&#8221;#f4f1ec&#8221; custom_padding=&#8221;25px||0px|||&#8221; box_shadow_style=&#8221;preset7&#8243; box_shadow_horizontal=&#8221;0px&#8221; box_shadow_vertical=&#8221;0vw&#8221; box_shadow_color=&#8221;RGBA(255,255,255,0)&#8221; locked=&#8221;off&#8221; global_colors_info=&#8221;{}&#8221;][et_pb_row custom_padding_last_edited=&#8221;on|phone&#8221; _builder_version=&#8221;4.17.3&#8243; _module_preset=&#8221;default&#8221; background_color=&#8221;#ffffff&#8221; width=&#8221;100%&#8221; custom_margin=&#8221;||0px||false|false&#8221; custom_padding=&#8221;10px|0px||0px|false|false&#8221; custom_padding_tablet=&#8221;|70px||30px|false|false&#8221; custom_padding_phone=&#8221;|20px||20px|false|true&#8221; global_colors_info=&#8221;{}&#8221;][et_pb_column type=&#8221;4_4&#8243; _builder_version=&#8221;4.17.3&#8243; _module_preset=&#8221;default&#8221; global_colors_info=&#8221;{}&#8221;][et_pb_text _builder_version=&#8221;4.17.3&#8243; _module_preset=&#8221;default&#8221; header_2_font=&#8221;Cormorant Garamond|500|||||||&#8221; header_2_text_color=&#8221;#0b1115&#8243; header_2_font_size=&#8221;54px&#8221; header_3_font=&#8221;Montserrat|500||on|||||&#8221; header_3_text_color=&#8221;rgba(0,0,0,0.4)&#8221; header_3_font_size=&#8221;12px&#8221; header_3_letter_spacing=&#8221;1px&#8221; header_3_line_height=&#8221;1.8em&#8221; text_orientation=&#8221;center&#8221; custom_margin=&#8221;||0px||false|false&#8221; header_2_font_size_tablet=&#8221;38px&#8221; header_2_font_size_phone=&#8221;28px&#8221; header_2_font_size_last_edited=&#8221;on|phone&#8221; locked=&#8221;off&#8221; global_colors_info=&#8221;{}&#8221;]<\/p>\n<h2>KONTAKTIRAJTE NAS<\/h2>\n<p>[\/et_pb_text][et_pb_contact_form captcha=&#8221;off&#8221; email=&#8221;enquiry@blush-rose.com&#8221; custom_message=&#8221;Ime: %%Name%%||et_pb_line_break_holder||E-mail: %%Email%%||et_pb_line_break_holder||Tel: %%Tel%%||et_pb_line_break_holder||Dr\u017eava: %%Country%%||et_pb_line_break_holder||Opis: %%Opis%%&#8221; submit_button_text=&#8221;Po\u0161aljite upit&#8221; module_id=&#8221;et_pb_contact_form_0&#8243; _builder_version=&#8221;4.17.3&#8243; _module_preset=&#8221;default&#8221; form_field_background_color=&#8221;rgba(255,255,255,0)&#8221; title_font=&#8221;Abril Fatface||||||||&#8221; title_font_size=&#8221;24px&#8221; form_field_font=&#8221;||||||||&#8221; form_field_font_size=&#8221;16px&#8221; custom_button=&#8221;on&#8221; button_text_size=&#8221;14px&#8221; button_text_color=&#8221;#2a2a2a&#8221; button_bg_color=&#8221;#e0c588&#8243; button_border_width=&#8221;12px&#8221; button_border_color=&#8221;#e0c588&#8243; button_border_radius=&#8221;30px&#8221; button_letter_spacing=&#8221;2px&#8221; button_font=&#8221;Poppins|600||on|||||&#8221; max_width=&#8221;800px&#8221; module_alignment=&#8221;center&#8221; animation_style=&#8221;fade&#8221; border_width_all=&#8221;1px&#8221; border_color_all=&#8221;rgba(0,0,0,0.12)&#8221; form_background_color=&#8221;rgba(255,255,255,0)&#8221; global_colors_info=&#8221;{}&#8221;][et_pb_contact_field field_id=&#8221;Name&#8221; field_title=&#8221;Ime&#8221; _builder_version=&#8221;4.16&#8243; _module_preset=&#8221;default&#8221; global_colors_info=&#8221;{}&#8221; button_text_size__hover_enabled=&#8221;off&#8221; button_one_text_size__hover_enabled=&#8221;off&#8221; button_two_text_size__hover_enabled=&#8221;off&#8221; button_text_color__hover_enabled=&#8221;off&#8221; button_one_text_color__hover_enabled=&#8221;off&#8221; button_two_text_color__hover_enabled=&#8221;off&#8221; button_border_width__hover_enabled=&#8221;off&#8221; button_one_border_width__hover_enabled=&#8221;off&#8221; button_two_border_width__hover_enabled=&#8221;off&#8221; button_border_color__hover_enabled=&#8221;off&#8221; button_one_border_color__hover_enabled=&#8221;off&#8221; button_two_border_color__hover_enabled=&#8221;off&#8221; button_border_radius__hover_enabled=&#8221;off&#8221; button_one_border_radius__hover_enabled=&#8221;off&#8221; button_two_border_radius__hover_enabled=&#8221;off&#8221; button_letter_spacing__hover_enabled=&#8221;off&#8221; button_one_letter_spacing__hover_enabled=&#8221;off&#8221; button_two_letter_spacing__hover_enabled=&#8221;off&#8221; button_bg_color__hover_enabled=&#8221;off&#8221; button_one_bg_color__hover_enabled=&#8221;off&#8221; button_two_bg_color__hover_enabled=&#8221;off&#8221;][\/et_pb_contact_field][et_pb_contact_field field_id=&#8221;Email&#8221; field_title=&#8221;E-mail&#8221; field_type=&#8221;email&#8221; _builder_version=&#8221;4.17.3&#8243; _module_preset=&#8221;default&#8221; global_colors_info=&#8221;{}&#8221; button_text_size__hover_enabled=&#8221;off&#8221; button_one_text_size__hover_enabled=&#8221;off&#8221; button_two_text_size__hover_enabled=&#8221;off&#8221; button_text_color__hover_enabled=&#8221;off&#8221; button_one_text_color__hover_enabled=&#8221;off&#8221; button_two_text_color__hover_enabled=&#8221;off&#8221; button_border_width__hover_enabled=&#8221;off&#8221; button_one_border_width__hover_enabled=&#8221;off&#8221; button_two_border_width__hover_enabled=&#8221;off&#8221; button_border_color__hover_enabled=&#8221;off&#8221; button_one_border_color__hover_enabled=&#8221;off&#8221; button_two_border_color__hover_enabled=&#8221;off&#8221; button_border_radius__hover_enabled=&#8221;off&#8221; button_one_border_radius__hover_enabled=&#8221;off&#8221; button_two_border_radius__hover_enabled=&#8221;off&#8221; button_letter_spacing__hover_enabled=&#8221;off&#8221; button_one_letter_spacing__hover_enabled=&#8221;off&#8221; button_two_letter_spacing__hover_enabled=&#8221;off&#8221; button_bg_color__hover_enabled=&#8221;off&#8221; button_one_bg_color__hover_enabled=&#8221;off&#8221; button_two_bg_color__hover_enabled=&#8221;off&#8221;][\/et_pb_contact_field][et_pb_contact_field field_id=&#8221;Tel&#8221; field_title=&#8221;Tel&#8221; required_mark=&#8221;off&#8221; _builder_version=&#8221;4.17.3&#8243; _module_preset=&#8221;default&#8221; global_colors_info=&#8221;{}&#8221; button_text_size__hover_enabled=&#8221;off&#8221; button_one_text_size__hover_enabled=&#8221;off&#8221; button_two_text_size__hover_enabled=&#8221;off&#8221; button_text_color__hover_enabled=&#8221;off&#8221; button_one_text_color__hover_enabled=&#8221;off&#8221; button_two_text_color__hover_enabled=&#8221;off&#8221; button_border_width__hover_enabled=&#8221;off&#8221; button_one_border_width__hover_enabled=&#8221;off&#8221; button_two_border_width__hover_enabled=&#8221;off&#8221; button_border_color__hover_enabled=&#8221;off&#8221; button_one_border_color__hover_enabled=&#8221;off&#8221; button_two_border_color__hover_enabled=&#8221;off&#8221; button_border_radius__hover_enabled=&#8221;off&#8221; button_one_border_radius__hover_enabled=&#8221;off&#8221; button_two_border_radius__hover_enabled=&#8221;off&#8221; button_letter_spacing__hover_enabled=&#8221;off&#8221; button_one_letter_spacing__hover_enabled=&#8221;off&#8221; button_two_letter_spacing__hover_enabled=&#8221;off&#8221; button_bg_color__hover_enabled=&#8221;off&#8221; button_one_bg_color__hover_enabled=&#8221;off&#8221; button_two_bg_color__hover_enabled=&#8221;off&#8221;][\/et_pb_contact_field][et_pb_contact_field field_id=&#8221;Country&#8221; field_title=&#8221;Zemlja&#8221; required_mark=&#8221;off&#8221; _builder_version=&#8221;4.17.3&#8243; _module_preset=&#8221;default&#8221; global_colors_info=&#8221;{}&#8221; button_text_size__hover_enabled=&#8221;off&#8221; button_one_text_size__hover_enabled=&#8221;off&#8221; button_two_text_size__hover_enabled=&#8221;off&#8221; button_text_color__hover_enabled=&#8221;off&#8221; button_one_text_color__hover_enabled=&#8221;off&#8221; button_two_text_color__hover_enabled=&#8221;off&#8221; button_border_width__hover_enabled=&#8221;off&#8221; button_one_border_width__hover_enabled=&#8221;off&#8221; button_two_border_width__hover_enabled=&#8221;off&#8221; button_border_color__hover_enabled=&#8221;off&#8221; button_one_border_color__hover_enabled=&#8221;off&#8221; button_two_border_color__hover_enabled=&#8221;off&#8221; button_border_radius__hover_enabled=&#8221;off&#8221; button_one_border_radius__hover_enabled=&#8221;off&#8221; button_two_border_radius__hover_enabled=&#8221;off&#8221; button_letter_spacing__hover_enabled=&#8221;off&#8221; button_one_letter_spacing__hover_enabled=&#8221;off&#8221; button_two_letter_spacing__hover_enabled=&#8221;off&#8221; button_bg_color__hover_enabled=&#8221;off&#8221; button_one_bg_color__hover_enabled=&#8221;off&#8221; button_two_bg_color__hover_enabled=&#8221;off&#8221;][\/et_pb_contact_field][et_pb_contact_field field_id=&#8221;Description&#8221; field_title=&#8221;Opis&#8221; field_type=&#8221;text&#8221; fullwidth_field=&#8221;on&#8221; _builder_version=&#8221;4.17.3&#8243; _module_preset=&#8221;default&#8221; global_colors_info=&#8221;{}&#8221; button_text_size__hover_enabled=&#8221;off&#8221; button_one_text_size__hover_enabled=&#8221;off&#8221; button_two_text_size__hover_enabled=&#8221;off&#8221; button_text_color__hover_enabled=&#8221;off&#8221; button_one_text_color__hover_enabled=&#8221;off&#8221; button_two_text_color__hover_enabled=&#8221;off&#8221; button_border_width__hover_enabled=&#8221;off&#8221; button_one_border_width__hover_enabled=&#8221;off&#8221; button_two_border_width__hover_enabled=&#8221;off&#8221; button_border_color__hover_enabled=&#8221;off&#8221; button_one_border_color__hover_enabled=&#8221;off&#8221; button_two_border_color__hover_enabled=&#8221;off&#8221; button_border_radius__hover_enabled=&#8221;off&#8221; button_one_border_radius__hover_enabled=&#8221;off&#8221; button_two_border_radius__hover_enabled=&#8221;off&#8221; button_letter_spacing__hover_enabled=&#8221;off&#8221; button_one_letter_spacing__hover_enabled=&#8221;off&#8221; button_two_letter_spacing__hover_enabled=&#8221;off&#8221; button_bg_color__hover_enabled=&#8221;off&#8221; button_one_bg_color__hover_enabled=&#8221;off&#8221; button_two_bg_color__hover_enabled=&#8221;off&#8221;][\/et_pb_contact_field][\/et_pb_contact_form][\/et_pb_column][\/et_pb_row][\/et_pb_section]<\/p>\n","protected":false},"excerpt":{"rendered":"<p>Umjetna biljka Croton na otvorenomveletrgovac umjetnim biljkama kroton u Kini, prilago\u0111ena narud\u017eba je dobrodo\u0161la, izvozi se u 30 zemalja.Wholesale real look artificial croton plantsin China factory.It is widely used in party, wedding, decoration, if you want to import, contact us: enquiry@blush-rose.comZna\u010dajka proizvoda:1.Pogodan je za unutarnje i vanjske prostore2. Izra\u0111en od tkanine, PU, \u017eice, mo\u017ee trajati [&hellip;]<\/p>\n","protected":false},"author":1,"featured_media":0,"parent":21550,"menu_order":0,"comment_status":"closed","ping_status":"closed","template":"","meta":{"_et_pb_use_builder":"on","_et_pb_old_content":"","_et_gb_content_width":"","footnotes":""},"class_list":["post-21557","page","type-page","status-publish","hentry"],"_links":{"self":[{"href":"https:\/\/www.blush-rose.com\/hr\/wp-json\/wp\/v2\/pages\/21557","targetHints":{"allow":["GET"]}}],"collection":[{"href":"https:\/\/www.blush-rose.com\/hr\/wp-json\/wp\/v2\/pages"}],"about":[{"href":"https:\/\/www.blush-rose.com\/hr\/wp-json\/wp\/v2\/types\/page"}],"author":[{"embeddable":true,"href":"https:\/\/www.blush-rose.com\/hr\/wp-json\/wp\/v2\/users\/1"}],"replies":[{"embeddable":true,"href":"https:\/\/www.blush-rose.com\/hr\/wp-json\/wp\/v2\/comments?post=21557"}],"version-history":[{"count":2,"href":"https:\/\/www.blush-rose.com\/hr\/wp-json\/wp\/v2\/pages\/21557\/revisions"}],"predecessor-version":[{"id":21559,"href":"https:\/\/www.blush-rose.com\/hr\/wp-json\/wp\/v2\/pages\/21557\/revisions\/21559"}],"up":[{"embeddable":true,"href":"https:\/\/www.blush-rose.com\/hr\/wp-json\/wp\/v2\/pages\/21550"}],"wp:attachment":[{"href":"https:\/\/www.blush-rose.com\/hr\/wp-json\/wp\/v2\/media?parent=21557"}],"curies":[{"name":"wp","href":"https:\/\/api.w.org\/{rel}","templated":true}]}}