{"id":23225,"date":"2023-07-21T04:16:29","date_gmt":"2023-07-21T04:16:29","guid":{"rendered":"https:\/\/www.blush-rose.com\/product\/flores-de-lirio-de-cala-artificiales-que-florecen-al-por-mayor-para-la-decoracion-de-bodas\/"},"modified":"2024-06-20T07:24:57","modified_gmt":"2024-06-20T07:24:57","slug":"flores-de-lirio-de-cala-artificiales-que-florecen-al-por-mayor-para-la-decoracion-de-bodas","status":"publish","type":"product","link":"https:\/\/www.blush-rose.com\/es\/producto\/flores-de-lirio-de-cala-artificiales-que-florecen-al-por-mayor-para-la-decoracion-de-bodas\/","title":{"rendered":"Flores de lirio de cala artificiales que florecen al por mayor para la decoraci\u00f3n de bodas"},"content":{"rendered":"<p>[et_pb_section fb_built=\u00bb1&#8243; _builder_version=\u00bb4.17.3&#8243; width=\u00bb100%\u00bb max_width=\u00bb100%\u00bb module_alignment=\u00bbcenter\u00bb custom_margin=\u00bb0px||||false|false\u00bb custom_padding=\u00bb0px||||false|false\u00bb global_colors_info=\u00bb{}\u00bb][et_pb_row _builder_version=\u00bb4.17.3&#8243; background_size=\u00bbinitial\u00bb background_position=\u00bbtop_left\u00bb background_repeat=\u00bbrepeat\u00bb width=\u00bb100%\u00bb custom_padding=\u00bb0px||0px||false|false\u00bb global_colors_info=\u00bb{}\u00bb][et_pb_column type=\u00bb4_4&#8243; _builder_version=\u00bb4.16&#8243; custom_padding=\u00bb|||\u00bb global_colors_info=\u00bb{}\u00bb custom_padding__hover=\u00bb|||\u00bb][et_pb_wc_breadcrumb _builder_version=\u00bb4.17.3&#8243; body_line_height=\u00bb1.5em\u00bb global_colors_info=\u00bb{}\u00bb][\/et_pb_wc_breadcrumb][\/et_pb_column][\/et_pb_row][et_pb_row column_structure=\u00bb1_2,1_2&#8243; _builder_version=\u00bb4.17.3&#8243; _module_preset=\u00bbdefault\u00bb width=\u00bb100%\u00bb global_colors_info=\u00bb{}\u00bb][et_pb_column type=\u00bb1_2&#8243; _builder_version=\u00bb4.17.3&#8243; _module_preset=\u00bbdefault\u00bb global_colors_info=\u00bb{}\u00bb][et_pb_wc_images show_sale_badge=\u00bboff\u00bb _builder_version=\u00bb4.17.3&#8243; custom_padding=\u00bb|||0px||\u00bb global_colors_info=\u00bb{}\u00bb][\/et_pb_wc_images][\/et_pb_column][et_pb_column type=\u00bb1_2&#8243; _builder_version=\u00bb4.17.3&#8243; _module_preset=\u00bbdefault\u00bb global_colors_info=\u00bb{}\u00bb][et_pb_text quote_border_weight=\u00bb10px\u00bb quote_border_color=\u00bb#ffd07e\u00bb admin_label=\u00bbText\u00bb _builder_version=\u00bb4.21.0&#8243; _module_preset=\u00bbdefault\u00bb text_font=\u00bb||||||||\u00bb text_text_color=\u00bb#111111&#8243; text_font_size=\u00bb16px\u00bb text_line_height=\u00bb1.8em\u00bb link_font=\u00bb||||||||\u00bb quote_font=\u00bb||||||||\u00bb filter_hue_rotate=\u00bb318deg\u00bb filter_saturate=\u00bb106%\u00bb filter_brightness=\u00bb114%\u00bb filter_contrast=\u00bb97%\u00bb filter_sepia=\u00bb11%\u00bb filter_opacity=\u00bb69%\u00bb hover_enabled=\u00bb0&#8243; locked=\u00bboff\u00bb global_colors_info=\u00bb{}\u00bb sticky_enabled=\u00bb0&#8243;]<\/p>\n<blockquote>\n<h1>Flores de lirio de cala artificiales que florecen al por mayor para la decoraci\u00f3n de bodas<\/h1>\n<ul>\n<li>Altura: 62 cm<\/li>\n<li>Di\u00e1metro de la flor: 8,5 cm. 9 flores, 8 hojas.<\/li>\n<li>Material: Eva<\/li>\n<li>tallo: pl\u00e1stico<\/li>\n<li>300 piezas\/cart\u00f3n<\/li>\n<li>Identificaci\u00f3n: BRSF0203<\/li>\n<\/ul>\n<\/blockquote>\n<p>[\/et_pb_text][et_pb_contact_form captcha=\u00bboff\u00bb email=\u00bbenquiry@blush-rose.com\u00bb custom_message=\u00bbNombre: %%Name%%||et_pb_line_break_holder||Email: %%Email%%||et_pb_line_break_holder||Tel: %%Tel%%||et_pb_line_break_holder||Pa\u00eds: %%Country%%||et_pb_line_break_holder||Descripci\u00f3n: %%Descripci\u00f3n%%\u00bb submit_button_text=\u00bbEnviar Consulta\u00bb module_id=\u00bbet_pb_contact_form_0&#8243; _builder_version=\u00bb4.21.0&#8243; _module_preset=\u00bbdefault\u00bb form_field_background_color=\u00bb#ededed\u00bb title_font=\u00bbAbril Fatface||||||||\u00bb title_font_size=\u00bb24px\u00bb form_field_font=\u00bb||||||||\u00bb form_field_font_size=\u00bb16px\u00bb custom_button=\u00bbon\u00bb button_text_size=\u00bb14px\u00bb button_text_color=\u00bb#2a2a2a\u00bb button_bg_color=\u00bb#e0c588&#8243; button_border_width=\u00bb12px\u00bb button_border_color=\u00bb#e0c588&#8243; button_border_radius=\u00bb30px\u00bb button_letter_spacing=\u00bb2px\u00bb button_font=\u00bbPoppins|600||on|||||\u00bb max_width=\u00bb800px\u00bb module_alignment=\u00bbcenter\u00bb animation_style=\u00bbfade\u00bb border_width_all=\u00bb1px\u00bb border_color_all=\u00bbrgba(0,0,0,0.12)\u00bb form_background_color=\u00bbrgba(255,255,255,0)\u00bb global_colors_info=\u00bb{}\u00bb][et_pb_contact_field field_id=\u00bbName\u00bb field_title=\u00bbNombre\u00bb _builder_version=\u00bb4.17.3&#8243; _module_preset=\u00bbdefault\u00bb global_colors_info=\u00bb{}\u00bb button_text_size__hover_enabled=\u00bboff\u00bb button_one_text_size__hover_enabled=\u00bboff\u00bb button_two_text_size__hover_enabled=\u00bboff\u00bb button_text_color__hover_enabled=\u00bboff\u00bb button_one_text_color__hover_enabled=\u00bboff\u00bb button_two_text_color__hover_enabled=\u00bboff\u00bb button_border_width__hover_enabled=\u00bboff\u00bb button_one_border_width__hover_enabled=\u00bboff\u00bb button_two_border_width__hover_enabled=\u00bboff\u00bb button_border_color__hover_enabled=\u00bboff\u00bb button_one_border_color__hover_enabled=\u00bboff\u00bb button_two_border_color__hover_enabled=\u00bboff\u00bb button_border_radius__hover_enabled=\u00bboff\u00bb button_one_border_radius__hover_enabled=\u00bboff\u00bb button_two_border_radius__hover_enabled=\u00bboff\u00bb button_letter_spacing__hover_enabled=\u00bboff\u00bb button_one_letter_spacing__hover_enabled=\u00bboff\u00bb button_two_letter_spacing__hover_enabled=\u00bboff\u00bb button_bg_color__hover_enabled=\u00bboff\u00bb button_one_bg_color__hover_enabled=\u00bboff\u00bb button_two_bg_color__hover_enabled=\u00bboff\u00bb][\/et_pb_contact_field][et_pb_contact_field field_id=\u00bbEmail\u00bb field_title=\u00bbCorreo electr\u00f3nico\u00bb field_type=\u00bbemail\u00bb _builder_version=\u00bb4.17.3&#8243; _module_preset=\u00bbdefault\u00bb global_colors_info=\u00bb{}\u00bb button_text_size__hover_enabled=\u00bboff\u00bb button_one_text_size__hover_enabled=\u00bboff\u00bb button_two_text_size__hover_enabled=\u00bboff\u00bb button_text_color__hover_enabled=\u00bboff\u00bb button_one_text_color__hover_enabled=\u00bboff\u00bb button_two_text_color__hover_enabled=\u00bboff\u00bb button_border_width__hover_enabled=\u00bboff\u00bb button_one_border_width__hover_enabled=\u00bboff\u00bb button_two_border_width__hover_enabled=\u00bboff\u00bb button_border_color__hover_enabled=\u00bboff\u00bb button_one_border_color__hover_enabled=\u00bboff\u00bb button_two_border_color__hover_enabled=\u00bboff\u00bb button_border_radius__hover_enabled=\u00bboff\u00bb button_one_border_radius__hover_enabled=\u00bboff\u00bb button_two_border_radius__hover_enabled=\u00bboff\u00bb button_letter_spacing__hover_enabled=\u00bboff\u00bb button_one_letter_spacing__hover_enabled=\u00bboff\u00bb button_two_letter_spacing__hover_enabled=\u00bboff\u00bb button_bg_color__hover_enabled=\u00bboff\u00bb button_one_bg_color__hover_enabled=\u00bboff\u00bb button_two_bg_color__hover_enabled=\u00bboff\u00bb][\/et_pb_contact_field][et_pb_contact_field field_id=\u00bbTel\u00bb field_title=\u00bbTel\u00e9fono\u00bb required_mark=\u00bboff\u00bb _builder_version=\u00bb4.17.3&#8243; _module_preset=\u00bbdefault\u00bb global_colors_info=\u00bb{}\u00bb button_text_size__hover_enabled=\u00bboff\u00bb button_one_text_size__hover_enabled=\u00bboff\u00bb button_two_text_size__hover_enabled=\u00bboff\u00bb button_text_color__hover_enabled=\u00bboff\u00bb button_one_text_color__hover_enabled=\u00bboff\u00bb button_two_text_color__hover_enabled=\u00bboff\u00bb button_border_width__hover_enabled=\u00bboff\u00bb button_one_border_width__hover_enabled=\u00bboff\u00bb button_two_border_width__hover_enabled=\u00bboff\u00bb button_border_color__hover_enabled=\u00bboff\u00bb button_one_border_color__hover_enabled=\u00bboff\u00bb button_two_border_color__hover_enabled=\u00bboff\u00bb button_border_radius__hover_enabled=\u00bboff\u00bb button_one_border_radius__hover_enabled=\u00bboff\u00bb button_two_border_radius__hover_enabled=\u00bboff\u00bb button_letter_spacing__hover_enabled=\u00bboff\u00bb button_one_letter_spacing__hover_enabled=\u00bboff\u00bb button_two_letter_spacing__hover_enabled=\u00bboff\u00bb button_bg_color__hover_enabled=\u00bboff\u00bb button_one_bg_color__hover_enabled=\u00bboff\u00bb button_two_bg_color__hover_enabled=\u00bboff\u00bb][\/et_pb_contact_field][et_pb_contact_field field_id=\u00bbCountry\u00bb field_title=\u00bbPa\u00eds\u00bb _builder_version=\u00bb4.17.3&#8243; _module_preset=\u00bbdefault\u00bb global_colors_info=\u00bb{}\u00bb button_text_size__hover_enabled=\u00bboff\u00bb button_one_text_size__hover_enabled=\u00bboff\u00bb button_two_text_size__hover_enabled=\u00bboff\u00bb button_text_color__hover_enabled=\u00bboff\u00bb button_one_text_color__hover_enabled=\u00bboff\u00bb button_two_text_color__hover_enabled=\u00bboff\u00bb button_border_width__hover_enabled=\u00bboff\u00bb button_one_border_width__hover_enabled=\u00bboff\u00bb button_two_border_width__hover_enabled=\u00bboff\u00bb button_border_color__hover_enabled=\u00bboff\u00bb button_one_border_color__hover_enabled=\u00bboff\u00bb button_two_border_color__hover_enabled=\u00bboff\u00bb button_border_radius__hover_enabled=\u00bboff\u00bb button_one_border_radius__hover_enabled=\u00bboff\u00bb button_two_border_radius__hover_enabled=\u00bboff\u00bb button_letter_spacing__hover_enabled=\u00bboff\u00bb button_one_letter_spacing__hover_enabled=\u00bboff\u00bb button_two_letter_spacing__hover_enabled=\u00bboff\u00bb button_bg_color__hover_enabled=\u00bboff\u00bb button_one_bg_color__hover_enabled=\u00bboff\u00bb button_two_bg_color__hover_enabled=\u00bboff\u00bb][\/et_pb_contact_field][et_pb_contact_field field_id=\u00bbDescription\u00bb field_title=\u00bbDescripci\u00f3n\u00bb field_type=\u00bbtext\u00bb fullwidth_field=\u00bbon\u00bb _builder_version=\u00bb4.17.3&#8243; _module_preset=\u00bbdefault\u00bb global_colors_info=\u00bb{}\u00bb button_text_size__hover_enabled=\u00bboff\u00bb button_one_text_size__hover_enabled=\u00bboff\u00bb button_two_text_size__hover_enabled=\u00bboff\u00bb button_text_color__hover_enabled=\u00bboff\u00bb button_one_text_color__hover_enabled=\u00bboff\u00bb button_two_text_color__hover_enabled=\u00bboff\u00bb button_border_width__hover_enabled=\u00bboff\u00bb button_one_border_width__hover_enabled=\u00bboff\u00bb button_two_border_width__hover_enabled=\u00bboff\u00bb button_border_color__hover_enabled=\u00bboff\u00bb button_one_border_color__hover_enabled=\u00bboff\u00bb button_two_border_color__hover_enabled=\u00bboff\u00bb button_border_radius__hover_enabled=\u00bboff\u00bb button_one_border_radius__hover_enabled=\u00bboff\u00bb button_two_border_radius__hover_enabled=\u00bboff\u00bb button_letter_spacing__hover_enabled=\u00bboff\u00bb button_one_letter_spacing__hover_enabled=\u00bboff\u00bb button_two_letter_spacing__hover_enabled=\u00bboff\u00bb button_bg_color__hover_enabled=\u00bboff\u00bb button_one_bg_color__hover_enabled=\u00bboff\u00bb button_two_bg_color__hover_enabled=\u00bboff\u00bb][\/et_pb_contact_field][\/et_pb_contact_form][et_pb_wc_meta show_sku=\u00bboff\u00bb show_categories=\u00bboff\u00bb _builder_version=\u00bb4.21.0&#8243; _module_preset=\u00bbdefault\u00bb global_colors_info=\u00bb{}\u00bb][\/et_pb_wc_meta][\/et_pb_column][\/et_pb_row][et_pb_row _builder_version=\u00bb4.16&#8243; background_size=\u00bbinitial\u00bb background_position=\u00bbtop_left\u00bb background_repeat=\u00bbrepeat\u00bb width=\u00bb100%\u00bb min_height=\u00bb163.3px\u00bb custom_padding=\u00bb||42px|||\u00bb global_colors_info=\u00bb{}\u00bb][et_pb_column type=\u00bb4_4&#8243; _builder_version=\u00bb4.16&#8243; custom_padding=\u00bb|||\u00bb global_colors_info=\u00bb{}\u00bb custom_padding__hover=\u00bb|||\u00bb][et_pb_wc_tabs _builder_version=\u00bb4.17.3&#8243; min_height=\u00bb278.6px\u00bb global_colors_info=\u00bb{}\u00bb] [\/et_pb_wc_tabs][et_pb_wc_upsells _builder_version=\u00bb4.16&#8243; global_colors_info=\u00bb{}\u00bb][\/et_pb_wc_upsells][et_pb_wc_related_products product=\u00bblatest\u00bb posts_number=\u00bb10&#8243; columns_number=\u00bb5&#8243; include_categories=\u00bb106&#8243; show_price=\u00bboff\u00bb show_rating=\u00bboff\u00bb show_sale_badge=\u00bboff\u00bb _builder_version=\u00bb4.21.0&#8243; rating_text_align=\u00bbleft\u00bb product_title_font_size=\u00bb14px\u00bb global_colors_info=\u00bb{}\u00bb][\/et_pb_wc_related_products][\/et_pb_column][\/et_pb_row][\/et_pb_section]<\/p>\n","protected":false},"excerpt":{"rendered":"<p>Flores de lirio de cala artificiales que florecen al por mayor para la decoraci\u00f3n de bodas Altura: 62 cm Di\u00e1metro de la flor: 8,5 cm. 9 flores, 8 hojas. Material: Eva tallo: pl\u00e1stico 300 piezas\/cart\u00f3n Identificaci\u00f3n: BRSF0203<\/p>\n","protected":false},"featured_media":35370,"comment_status":"open","ping_status":"closed","template":"","meta":{"_et_pb_use_builder":"on","_et_pb_old_content":"Del\u00e9itese con el esplendor de nuestros impresionantes lirios de cala artificiales, donde la belleza y la versatilidad se unen para encantar sus sentidos. Cada p\u00e9talo se fija meticulosamente con una tira de pl\u00e1stico en la parte posterior, lo que garantiza que las flores conserven su forma impecable y su cautivadora belleza.\n\nPrep\u00e1rate para dar rienda suelta a tu creatividad, ya que nuestros tallos de flores de seda falsa ofrecen posibilidades ilimitadas. Rec\u00f3rtelos y d\u00f3blelos libremente, personalizando sin esfuerzo los arreglos para que se adapten a sus preferencias. Desde adornar la decoraci\u00f3n de su hogar, los centros de mesa, la cocina, la oficina y el dormitorio hasta adornar hoteles, casas de hu\u00e9spedes y mesas de caf\u00e9 con jarrones, estos ramos de flores de seda elevan sin esfuerzo cualquier espacio con su encanto atemporal. Ya sea una fiesta, un baby shower, una casa de campo, una terraza o un jard\u00edn, nuestras calas artificiales son la elecci\u00f3n perfecta. Brindan un toque elegante a bodas, despedidas de soltera y diversas celebraciones, agregando un aire de sofisticaci\u00f3n y gracia.\n\nEnjoy the convenience of maintenance-free beauty, as our handmade <a href=\"https:\/\/lipu688.oss-us-east-1.aliyuncs.com\/artificial-silk-flowers\/calla-lily\/\">bulk artificial calla lilies<\/a> require no special care. D\u00edgale adi\u00f3s a las alergias al polen y a la necesidad de agua: estas flores eternas exudan encanto durante todo el a\u00f1o.\n\nIncorpore estos lirios de cala de tacto real en sus creaciones florales de bricolaje, desde encantadores pasteles florales hasta conmovedoras tarjetas de felicitaci\u00f3n y cautivadoras coronas. Ofrecen un lienzo encantador para sus expresiones art\u00edsticas, lo que los convierte en opciones ideales para ocasiones como el D\u00eda de San Valent\u00edn, el D\u00eda de la Madre, cumplea\u00f1os, graduaciones o incluso una noche rom\u00e1ntica.\n\nAbrace la belleza de la naturaleza a perpetuidad con nuestros exquisitos lirios de cala artificiales. D\u00e9jate transportar a un para\u00edso floral donde el encanto de las delicadas flores adorna tu entorno durante todo el a\u00f1o. Ya sea para adornar su espacio vital o celebrar momentos especiales, estas flores elegantes y de aspecto natural seguramente dejar\u00e1n una impresi\u00f3n duradera, cautivando corazones e imaginaciones por igual.\n\nIf you are importer, wanting to <a href=\"https:\/\/lipu688.oss-us-east-1.aliyuncs.com\/artificial-silk-flowers\/\">wholesale China bulk artificial flowers<\/a>, please contact email: enquiry@blush-rose.com; whatsapp: +8613920077206","_et_gb_content_width":""},"product_brand":[],"product_cat":[297,334,292],"product_tag":[246],"class_list":{"0":"post-23225","1":"product","2":"type-product","3":"status-publish","4":"has-post-thumbnail","6":"product_cat-boda","7":"product_cat-calla-lily-es","8":"product_cat-sin-categorizar","9":"product_tag-flores-falsas-al-por-mayor-al-por-mayor","11":"first","12":"instock","13":"shipping-taxable","14":"product-type-simple"},"_links":{"self":[{"href":"https:\/\/www.blush-rose.com\/es\/wp-json\/wp\/v2\/product\/23225","targetHints":{"allow":["GET"]}}],"collection":[{"href":"https:\/\/www.blush-rose.com\/es\/wp-json\/wp\/v2\/product"}],"about":[{"href":"https:\/\/www.blush-rose.com\/es\/wp-json\/wp\/v2\/types\/product"}],"replies":[{"embeddable":true,"href":"https:\/\/www.blush-rose.com\/es\/wp-json\/wp\/v2\/comments?post=23225"}],"wp:featuredmedia":[{"embeddable":true,"href":"https:\/\/www.blush-rose.com\/es\/wp-json\/wp\/v2\/media\/35370"}],"wp:attachment":[{"href":"https:\/\/www.blush-rose.com\/es\/wp-json\/wp\/v2\/media?parent=23225"}],"wp:term":[{"taxonomy":"product_brand","embeddable":true,"href":"https:\/\/www.blush-rose.com\/es\/wp-json\/wp\/v2\/product_brand?post=23225"},{"taxonomy":"product_cat","embeddable":true,"href":"https:\/\/www.blush-rose.com\/es\/wp-json\/wp\/v2\/product_cat?post=23225"},{"taxonomy":"product_tag","embeddable":true,"href":"https:\/\/www.blush-rose.com\/es\/wp-json\/wp\/v2\/product_tag?post=23225"}],"curies":[{"name":"wp","href":"https:\/\/api.w.org\/{rel}","templated":true}]}}