{"id":12278,"date":"2023-07-20T08:26:30","date_gmt":"2023-07-20T08:26:30","guid":{"rendered":"https:\/\/www.blush-rose.com\/product\/ramo-de-flores-de-lirio-de-cala-artificial-para-decoracion-al-por-mayor\/"},"modified":"2024-09-12T14:42:48","modified_gmt":"2024-09-12T14:42:48","slug":"ramo-de-flores-de-lirio-de-cala-artificial-para-decoracion-al-por-mayor","status":"publish","type":"product","link":"https:\/\/www.blush-rose.com\/es\/producto\/ramo-de-flores-de-lirio-de-cala-artificial-para-decoracion-al-por-mayor\/","title":{"rendered":"Ramo de flores de lirio de cala artificial para decoraci\u00f3n al por mayor"},"content":{"rendered":"<p>[et_pb_section fb_built=\u00bb1&#8243; _builder_version=\u00bb4.17.3&#8243; width=\u00bb100%\u00bb max_width=\u00bb100%\u00bb module_alignment=\u00bbcenter\u00bb custom_margin=\u00bb0px||||false|false\u00bb custom_padding=\u00bb0px||||false|false\u00bb global_colors_info=\u00bb{}\u00bb][et_pb_row _builder_version=\u00bb4.17.3&#8243; background_size=\u00bbinitial\u00bb background_position=\u00bbtop_left\u00bb background_repeat=\u00bbrepeat\u00bb width=\u00bb100%\u00bb custom_padding=\u00bb0px||0px||false|false\u00bb global_colors_info=\u00bb{}\u00bb][et_pb_column type=\u00bb4_4&#8243; _builder_version=\u00bb4.16&#8243; custom_padding=\u00bb|||\u00bb global_colors_info=\u00bb{}\u00bb custom_padding__hover=\u00bb|||\u00bb][et_pb_wc_breadcrumb _builder_version=\u00bb4.17.3&#8243; body_line_height=\u00bb1.5em\u00bb global_colors_info=\u00bb{}\u00bb][\/et_pb_wc_breadcrumb][\/et_pb_column][\/et_pb_row][et_pb_row column_structure=\u00bb1_2,1_2&#8243; _builder_version=\u00bb4.17.3&#8243; _module_preset=\u00bbdefault\u00bb width=\u00bb100%\u00bb global_colors_info=\u00bb{}\u00bb][et_pb_column type=\u00bb1_2&#8243; _builder_version=\u00bb4.17.3&#8243; _module_preset=\u00bbdefault\u00bb global_colors_info=\u00bb{}\u00bb][et_pb_wc_images show_sale_badge=\u00bboff\u00bb _builder_version=\u00bb4.17.3&#8243; custom_padding=\u00bb|||0px||\u00bb global_colors_info=\u00bb{}\u00bb][\/et_pb_wc_images][\/et_pb_column][et_pb_column type=\u00bb1_2&#8243; _builder_version=\u00bb4.17.3&#8243; _module_preset=\u00bbdefault\u00bb global_colors_info=\u00bb{}\u00bb][et_pb_text quote_border_weight=\u00bb10px\u00bb quote_border_color=\u00bb#ffd07e\u00bb admin_label=\u00bbText\u00bb _builder_version=\u00bb4.21.0&#8243; _module_preset=\u00bbdefault\u00bb text_font=\u00bb||||||||\u00bb text_text_color=\u00bb#111111&#8243; text_font_size=\u00bb16px\u00bb text_line_height=\u00bb1.8em\u00bb link_font=\u00bb||||||||\u00bb quote_font=\u00bb||||||||\u00bb filter_hue_rotate=\u00bb318deg\u00bb filter_saturate=\u00bb106%\u00bb filter_brightness=\u00bb114%\u00bb filter_contrast=\u00bb97%\u00bb filter_sepia=\u00bb11%\u00bb filter_opacity=\u00bb69%\u00bb hover_enabled=\u00bb0&#8243; locked=\u00bboff\u00bb global_colors_info=\u00bb{}\u00bb sticky_enabled=\u00bb0&#8243;]<\/p>\n<blockquote>\n<h1>Ramo de flores de lirio de cala artificial para decoraci\u00f3n al por mayor<\/h1>\n<ul>\n<li>Altura: 57cm<\/li>\n<li>Di\u00e1metro de la flor: 8 cm 7 flores 7 hojas<\/li>\n<li>Material: Eva<\/li>\n<li>tallo: pl\u00e1stico<\/li>\n<li>300 piezas\/cart\u00f3n<\/li>\n<li>ID:BRSF0193<\/li>\n<\/ul>\n<\/blockquote>\n<p>[\/et_pb_text][et_pb_contact_form captcha=\u00bboff\u00bb email=\u00bbenquiry@blush-rose.com\u00bb custom_message=\u00bbNombre: %%Name%%||et_pb_line_break_holder||Email: %%Email%%||et_pb_line_break_holder||Tel: %%Tel%%||et_pb_line_break_holder||Pa\u00eds: %%Country%%||et_pb_line_break_holder||Descripci\u00f3n: %%Descripci\u00f3n%%\u00bb submit_button_text=\u00bbEnviar Consulta\u00bb module_id=\u00bbet_pb_contact_form_0&#8243; _builder_version=\u00bb4.21.0&#8243; _module_preset=\u00bbdefault\u00bb form_field_background_color=\u00bb#ededed\u00bb title_font=\u00bbAbril Fatface||||||||\u00bb title_font_size=\u00bb24px\u00bb form_field_font=\u00bb||||||||\u00bb form_field_font_size=\u00bb16px\u00bb custom_button=\u00bbon\u00bb button_text_size=\u00bb14px\u00bb button_text_color=\u00bb#2a2a2a\u00bb button_bg_color=\u00bb#e0c588&#8243; button_border_width=\u00bb12px\u00bb button_border_color=\u00bb#e0c588&#8243; button_border_radius=\u00bb30px\u00bb button_letter_spacing=\u00bb2px\u00bb button_font=\u00bbPoppins|600||on|||||\u00bb max_width=\u00bb800px\u00bb module_alignment=\u00bbcenter\u00bb animation_style=\u00bbfade\u00bb border_width_all=\u00bb1px\u00bb border_color_all=\u00bbrgba(0,0,0,0.12)\u00bb form_background_color=\u00bbrgba(255,255,255,0)\u00bb global_colors_info=\u00bb{}\u00bb][et_pb_contact_field field_id=\u00bbName\u00bb field_title=\u00bbNombre\u00bb _builder_version=\u00bb4.17.3&#8243; _module_preset=\u00bbdefault\u00bb global_colors_info=\u00bb{}\u00bb button_text_size__hover_enabled=\u00bboff\u00bb button_one_text_size__hover_enabled=\u00bboff\u00bb button_two_text_size__hover_enabled=\u00bboff\u00bb button_text_color__hover_enabled=\u00bboff\u00bb button_one_text_color__hover_enabled=\u00bboff\u00bb button_two_text_color__hover_enabled=\u00bboff\u00bb button_border_width__hover_enabled=\u00bboff\u00bb button_one_border_width__hover_enabled=\u00bboff\u00bb button_two_border_width__hover_enabled=\u00bboff\u00bb button_border_color__hover_enabled=\u00bboff\u00bb button_one_border_color__hover_enabled=\u00bboff\u00bb button_two_border_color__hover_enabled=\u00bboff\u00bb button_border_radius__hover_enabled=\u00bboff\u00bb button_one_border_radius__hover_enabled=\u00bboff\u00bb button_two_border_radius__hover_enabled=\u00bboff\u00bb button_letter_spacing__hover_enabled=\u00bboff\u00bb button_one_letter_spacing__hover_enabled=\u00bboff\u00bb button_two_letter_spacing__hover_enabled=\u00bboff\u00bb button_bg_color__hover_enabled=\u00bboff\u00bb button_one_bg_color__hover_enabled=\u00bboff\u00bb button_two_bg_color__hover_enabled=\u00bboff\u00bb][\/et_pb_contact_field][et_pb_contact_field field_id=\u00bbEmail\u00bb field_title=\u00bbCorreo electr\u00f3nico\u00bb field_type=\u00bbemail\u00bb _builder_version=\u00bb4.17.3&#8243; _module_preset=\u00bbdefault\u00bb global_colors_info=\u00bb{}\u00bb button_text_size__hover_enabled=\u00bboff\u00bb button_one_text_size__hover_enabled=\u00bboff\u00bb button_two_text_size__hover_enabled=\u00bboff\u00bb button_text_color__hover_enabled=\u00bboff\u00bb button_one_text_color__hover_enabled=\u00bboff\u00bb button_two_text_color__hover_enabled=\u00bboff\u00bb button_border_width__hover_enabled=\u00bboff\u00bb button_one_border_width__hover_enabled=\u00bboff\u00bb button_two_border_width__hover_enabled=\u00bboff\u00bb button_border_color__hover_enabled=\u00bboff\u00bb button_one_border_color__hover_enabled=\u00bboff\u00bb button_two_border_color__hover_enabled=\u00bboff\u00bb button_border_radius__hover_enabled=\u00bboff\u00bb button_one_border_radius__hover_enabled=\u00bboff\u00bb button_two_border_radius__hover_enabled=\u00bboff\u00bb button_letter_spacing__hover_enabled=\u00bboff\u00bb button_one_letter_spacing__hover_enabled=\u00bboff\u00bb button_two_letter_spacing__hover_enabled=\u00bboff\u00bb button_bg_color__hover_enabled=\u00bboff\u00bb button_one_bg_color__hover_enabled=\u00bboff\u00bb button_two_bg_color__hover_enabled=\u00bboff\u00bb][\/et_pb_contact_field][et_pb_contact_field field_id=\u00bbTel\u00bb field_title=\u00bbTel\u00e9fono\u00bb required_mark=\u00bboff\u00bb _builder_version=\u00bb4.17.3&#8243; _module_preset=\u00bbdefault\u00bb global_colors_info=\u00bb{}\u00bb button_text_size__hover_enabled=\u00bboff\u00bb button_one_text_size__hover_enabled=\u00bboff\u00bb button_two_text_size__hover_enabled=\u00bboff\u00bb button_text_color__hover_enabled=\u00bboff\u00bb button_one_text_color__hover_enabled=\u00bboff\u00bb button_two_text_color__hover_enabled=\u00bboff\u00bb button_border_width__hover_enabled=\u00bboff\u00bb button_one_border_width__hover_enabled=\u00bboff\u00bb button_two_border_width__hover_enabled=\u00bboff\u00bb button_border_color__hover_enabled=\u00bboff\u00bb button_one_border_color__hover_enabled=\u00bboff\u00bb button_two_border_color__hover_enabled=\u00bboff\u00bb button_border_radius__hover_enabled=\u00bboff\u00bb button_one_border_radius__hover_enabled=\u00bboff\u00bb button_two_border_radius__hover_enabled=\u00bboff\u00bb button_letter_spacing__hover_enabled=\u00bboff\u00bb button_one_letter_spacing__hover_enabled=\u00bboff\u00bb button_two_letter_spacing__hover_enabled=\u00bboff\u00bb button_bg_color__hover_enabled=\u00bboff\u00bb button_one_bg_color__hover_enabled=\u00bboff\u00bb button_two_bg_color__hover_enabled=\u00bboff\u00bb][\/et_pb_contact_field][et_pb_contact_field field_id=\u00bbCountry\u00bb field_title=\u00bbPa\u00eds\u00bb _builder_version=\u00bb4.17.3&#8243; _module_preset=\u00bbdefault\u00bb global_colors_info=\u00bb{}\u00bb button_text_size__hover_enabled=\u00bboff\u00bb button_one_text_size__hover_enabled=\u00bboff\u00bb button_two_text_size__hover_enabled=\u00bboff\u00bb button_text_color__hover_enabled=\u00bboff\u00bb button_one_text_color__hover_enabled=\u00bboff\u00bb button_two_text_color__hover_enabled=\u00bboff\u00bb button_border_width__hover_enabled=\u00bboff\u00bb button_one_border_width__hover_enabled=\u00bboff\u00bb button_two_border_width__hover_enabled=\u00bboff\u00bb button_border_color__hover_enabled=\u00bboff\u00bb button_one_border_color__hover_enabled=\u00bboff\u00bb button_two_border_color__hover_enabled=\u00bboff\u00bb button_border_radius__hover_enabled=\u00bboff\u00bb button_one_border_radius__hover_enabled=\u00bboff\u00bb button_two_border_radius__hover_enabled=\u00bboff\u00bb button_letter_spacing__hover_enabled=\u00bboff\u00bb button_one_letter_spacing__hover_enabled=\u00bboff\u00bb button_two_letter_spacing__hover_enabled=\u00bboff\u00bb button_bg_color__hover_enabled=\u00bboff\u00bb button_one_bg_color__hover_enabled=\u00bboff\u00bb button_two_bg_color__hover_enabled=\u00bboff\u00bb][\/et_pb_contact_field][et_pb_contact_field field_id=\u00bbDescription\u00bb field_title=\u00bbDescripci\u00f3n\u00bb field_type=\u00bbtext\u00bb fullwidth_field=\u00bbon\u00bb _builder_version=\u00bb4.17.3&#8243; _module_preset=\u00bbdefault\u00bb global_colors_info=\u00bb{}\u00bb button_text_size__hover_enabled=\u00bboff\u00bb button_one_text_size__hover_enabled=\u00bboff\u00bb button_two_text_size__hover_enabled=\u00bboff\u00bb button_text_color__hover_enabled=\u00bboff\u00bb button_one_text_color__hover_enabled=\u00bboff\u00bb button_two_text_color__hover_enabled=\u00bboff\u00bb button_border_width__hover_enabled=\u00bboff\u00bb button_one_border_width__hover_enabled=\u00bboff\u00bb button_two_border_width__hover_enabled=\u00bboff\u00bb button_border_color__hover_enabled=\u00bboff\u00bb button_one_border_color__hover_enabled=\u00bboff\u00bb button_two_border_color__hover_enabled=\u00bboff\u00bb button_border_radius__hover_enabled=\u00bboff\u00bb button_one_border_radius__hover_enabled=\u00bboff\u00bb button_two_border_radius__hover_enabled=\u00bboff\u00bb button_letter_spacing__hover_enabled=\u00bboff\u00bb button_one_letter_spacing__hover_enabled=\u00bboff\u00bb button_two_letter_spacing__hover_enabled=\u00bboff\u00bb button_bg_color__hover_enabled=\u00bboff\u00bb button_one_bg_color__hover_enabled=\u00bboff\u00bb button_two_bg_color__hover_enabled=\u00bboff\u00bb][\/et_pb_contact_field][\/et_pb_contact_form][et_pb_wc_meta show_sku=\u00bboff\u00bb show_categories=\u00bboff\u00bb _builder_version=\u00bb4.21.0&#8243; _module_preset=\u00bbdefault\u00bb global_colors_info=\u00bb{}\u00bb][\/et_pb_wc_meta][\/et_pb_column][\/et_pb_row][et_pb_row _builder_version=\u00bb4.16&#8243; background_size=\u00bbinitial\u00bb background_position=\u00bbtop_left\u00bb background_repeat=\u00bbrepeat\u00bb width=\u00bb100%\u00bb min_height=\u00bb163.3px\u00bb custom_padding=\u00bb||42px|||\u00bb global_colors_info=\u00bb{}\u00bb][et_pb_column type=\u00bb4_4&#8243; _builder_version=\u00bb4.16&#8243; custom_padding=\u00bb|||\u00bb global_colors_info=\u00bb{}\u00bb custom_padding__hover=\u00bb|||\u00bb][et_pb_wc_tabs _builder_version=\u00bb4.17.3&#8243; min_height=\u00bb278.6px\u00bb global_colors_info=\u00bb{}\u00bb] [\/et_pb_wc_tabs][et_pb_wc_upsells _builder_version=\u00bb4.16&#8243; global_colors_info=\u00bb{}\u00bb][\/et_pb_wc_upsells][et_pb_wc_related_products product=\u00bblatest\u00bb posts_number=\u00bb10&#8243; columns_number=\u00bb5&#8243; include_categories=\u00bb106&#8243; show_price=\u00bboff\u00bb show_rating=\u00bboff\u00bb show_sale_badge=\u00bboff\u00bb _builder_version=\u00bb4.21.0&#8243; rating_text_align=\u00bbleft\u00bb product_title_font_size=\u00bb14px\u00bb global_colors_info=\u00bb{}\u00bb][\/et_pb_wc_related_products][\/et_pb_column][\/et_pb_row][\/et_pb_section]<\/p>\n","protected":false},"excerpt":{"rendered":"<p>Ramo de flores de lirio de cala artificial para decoraci\u00f3n al por mayor Altura: 57cm Di\u00e1metro de la flor: 8 cm 7 flores 7 hojas Material: Eva tallo: pl\u00e1stico 300 piezas\/cart\u00f3n ID:BRSF0193<\/p>\n","protected":false},"featured_media":35524,"comment_status":"open","ping_status":"closed","template":"","meta":{"_et_pb_use_builder":"on","_et_pb_old_content":"We are a artificial flower cpmpany focusing on <a href=\"https:\/\/lipu688.oss-us-east-1.aliyuncs.com\/artificial-silk-flowers\/calla-lily\/\">wholesale artificial calla lily bulk flowers<\/a>. \u00a1Descubre el mundo encantador de nuestras flores de cala falsas! Cada paquete contiene 7 exquisitos lirios cala que agregar\u00e1n un toque de elegancia a cualquier ambiente. Con una altura de 57 cm y un di\u00e1metro de flor de 8 cm, estas flores realistas son un espect\u00e1culo para la vista. La versatilidad est\u00e1 a tu alcance con estas flores artificiales. Comb\u00ednalos f\u00e1cilmente con diferentes jarrones o botellas para crear impresionantes arreglos florales. Ya sea que se trate de ramos de flores, centros de mesa, bolas de besos, boutonnieres, flores para pasteles o cualquier otra exhibici\u00f3n floral, nuestras flores de l\u00e1tex con un toque real complementan cualquier ocasi\u00f3n. Hechos a mano con sumo cuidado, nuestros lirios de agua est\u00e1n hechos de material PU de alta calidad. Los tallos est\u00e1n meticulosamente enmarcados con alambre y envueltos en pl\u00e1stico, lo que garantiza una apariencia realista que se siente real al tacto. Tenga la seguridad de que el color no se desvanecer\u00e1, incluso despu\u00e9s del lavado, y estas flores de loto de calla artificiales conservar\u00e1n su frescura durante un per\u00edodo prolongado. La flexibilidad se une a la belleza en nuestros falsos lirios de cala. Cada tallo falso se puede recortar y doblar f\u00e1cilmente para lograr la forma y la longitud perfectas. La construcci\u00f3n de alambre interno le permite ajustarlos y cerrarlos con un revestimiento de pl\u00e1stico verde. Si las flores se prensan durante el transporte, le espera un remedio sencillo. Utilice vapor de agua caliente o un secador de cabello con viento caliente, mant\u00e9ngalo presionado durante unos minutos y las flores volver\u00e1n a la vida. Recuerde trabajar con precauci\u00f3n a altas temperaturas, evitando la luz solar directa para las flores blancas de poliuretano para evitar la oxidaci\u00f3n y el amarilleo. Abraza el encanto de la belleza eterna con nuestras flores de lirio de cala falsa, una adici\u00f3n vers\u00e1til y realista a tu fiesta, jard\u00edn, baby shower, oficina o arreglos de mesa en casa. Cree deslumbrantes ramos de flores hechos a mano, escaparates, centros de mesa y arreglos para bodas, todos llenos del encanto de nuestros lirios de cala artificiales hechos a mano. If you are importer, wanting to <a href=\"https:\/\/lipu688.oss-us-east-1.aliyuncs.com\/artificial-silk-flowers\/\">wholesale China artificial flowers<\/a>, please contact email: enquiry@blush-rose.com; whatsapp: +8613920077206","_et_gb_content_width":""},"product_brand":[],"product_cat":[334,292],"product_tag":[],"class_list":{"0":"post-12278","1":"product","2":"type-product","3":"status-publish","4":"has-post-thumbnail","6":"product_cat-calla-lily-es","7":"product_cat-sin-categorizar","9":"first","10":"instock","11":"shipping-taxable","12":"product-type-simple"},"_links":{"self":[{"href":"https:\/\/www.blush-rose.com\/es\/wp-json\/wp\/v2\/product\/12278","targetHints":{"allow":["GET"]}}],"collection":[{"href":"https:\/\/www.blush-rose.com\/es\/wp-json\/wp\/v2\/product"}],"about":[{"href":"https:\/\/www.blush-rose.com\/es\/wp-json\/wp\/v2\/types\/product"}],"replies":[{"embeddable":true,"href":"https:\/\/www.blush-rose.com\/es\/wp-json\/wp\/v2\/comments?post=12278"}],"wp:featuredmedia":[{"embeddable":true,"href":"https:\/\/www.blush-rose.com\/es\/wp-json\/wp\/v2\/media\/35524"}],"wp:attachment":[{"href":"https:\/\/www.blush-rose.com\/es\/wp-json\/wp\/v2\/media?parent=12278"}],"wp:term":[{"taxonomy":"product_brand","embeddable":true,"href":"https:\/\/www.blush-rose.com\/es\/wp-json\/wp\/v2\/product_brand?post=12278"},{"taxonomy":"product_cat","embeddable":true,"href":"https:\/\/www.blush-rose.com\/es\/wp-json\/wp\/v2\/product_cat?post=12278"},{"taxonomy":"product_tag","embeddable":true,"href":"https:\/\/www.blush-rose.com\/es\/wp-json\/wp\/v2\/product_tag?post=12278"}],"curies":[{"name":"wp","href":"https:\/\/api.w.org\/{rel}","templated":true}]}}