{"id":12252,"date":"2023-07-21T03:48:15","date_gmt":"2023-07-21T03:48:15","guid":{"rendered":"https:\/\/www.blush-rose.com\/product\/flores-artificiales-de-lirio-de-cala-floristeria-suministros-a-granel\/"},"modified":"2023-08-14T04:11:38","modified_gmt":"2023-08-14T04:11:38","slug":"flores-artificiales-de-lirio-de-cala-floristeria-suministros-a-granel","status":"publish","type":"product","link":"https:\/\/www.blush-rose.com\/es\/producto\/flores-artificiales-de-lirio-de-cala-floristeria-suministros-a-granel\/","title":{"rendered":"Flores artificiales de lirio de cala, florister\u00eda, suministros a granel"},"content":{"rendered":"<p>[et_pb_section fb_built=\u00bb1&#8243; _builder_version=\u00bb4.17.3&#8243; width=\u00bb100%\u00bb max_width=\u00bb100%\u00bb module_alignment=\u00bbcenter\u00bb custom_margin=\u00bb0px||||false|false\u00bb custom_padding=\u00bb0px||||false|false\u00bb global_colors_info=\u00bb{}\u00bb][et_pb_row _builder_version=\u00bb4.17.3&#8243; background_size=\u00bbinitial\u00bb background_position=\u00bbtop_left\u00bb background_repeat=\u00bbrepeat\u00bb width=\u00bb100%\u00bb custom_padding=\u00bb0px||0px||false|false\u00bb global_colors_info=\u00bb{}\u00bb][et_pb_column type=\u00bb4_4&#8243; _builder_version=\u00bb4.16&#8243; custom_padding=\u00bb|||\u00bb global_colors_info=\u00bb{}\u00bb custom_padding__hover=\u00bb|||\u00bb][et_pb_wc_breadcrumb _builder_version=\u00bb4.17.3&#8243; body_line_height=\u00bb1.5em\u00bb global_colors_info=\u00bb{}\u00bb][\/et_pb_wc_breadcrumb][\/et_pb_column][\/et_pb_row][et_pb_row column_structure=\u00bb1_2,1_2&#8243; _builder_version=\u00bb4.17.3&#8243; _module_preset=\u00bbdefault\u00bb width=\u00bb100%\u00bb global_colors_info=\u00bb{}\u00bb][et_pb_column type=\u00bb1_2&#8243; _builder_version=\u00bb4.17.3&#8243; _module_preset=\u00bbdefault\u00bb global_colors_info=\u00bb{}\u00bb][et_pb_wc_images show_sale_badge=\u00bboff\u00bb _builder_version=\u00bb4.17.3&#8243; custom_padding=\u00bb|||0px||\u00bb global_colors_info=\u00bb{}\u00bb][\/et_pb_wc_images][\/et_pb_column][et_pb_column type=\u00bb1_2&#8243; _builder_version=\u00bb4.17.3&#8243; _module_preset=\u00bbdefault\u00bb global_colors_info=\u00bb{}\u00bb][et_pb_text quote_border_weight=\u00bb10px\u00bb quote_border_color=\u00bb#ffd07e\u00bb admin_label=\u00bbText\u00bb _builder_version=\u00bb4.21.0&#8243; _module_preset=\u00bbdefault\u00bb text_font=\u00bb||||||||\u00bb text_text_color=\u00bb#111111&#8243; text_font_size=\u00bb16px\u00bb text_line_height=\u00bb1.8em\u00bb link_font=\u00bb||||||||\u00bb quote_font=\u00bb||||||||\u00bb filter_hue_rotate=\u00bb318deg\u00bb filter_saturate=\u00bb106%\u00bb filter_brightness=\u00bb114%\u00bb filter_contrast=\u00bb97%\u00bb filter_sepia=\u00bb11%\u00bb filter_opacity=\u00bb69%\u00bb locked=\u00bboff\u00bb global_colors_info=\u00bb{}\u00bb]<\/p>\n<blockquote>\n<h1>Flores artificiales de lirio de cala, florister\u00eda, suministros a granel<\/h1>\n<ul>\n<li>Altura: 62 cm<\/li>\n<li>Di\u00e1metro de la flor: 8,5 cm 5 flores 5 hojas<\/li>\n<li>Material: Eva<\/li>\n<li>tallo: pl\u00e1stico<\/li>\n<li>360 piezas\/cart\u00f3n<\/li>\n<li>ID:BRSF0201<\/li>\n<\/ul>\n<\/blockquote>\n<p>[\/et_pb_text][et_pb_contact_form captcha=\u00bboff\u00bb email=\u00bbenquiry@blush-rose.com\u00bb custom_message=\u00bbNombre: %%Name%%||et_pb_line_break_holder||Email: %%Email%%||et_pb_line_break_holder||Tel: %%Tel%%||et_pb_line_break_holder||Pa\u00eds: %%Country%%||et_pb_line_break_holder||Descripci\u00f3n: %%Descripci\u00f3n%%\u00bb submit_button_text=\u00bbEnviar Consulta\u00bb module_id=\u00bbet_pb_contact_form_0&#8243; _builder_version=\u00bb4.21.0&#8243; _module_preset=\u00bbdefault\u00bb form_field_background_color=\u00bb#ededed\u00bb title_font=\u00bbAbril Fatface||||||||\u00bb title_font_size=\u00bb24px\u00bb form_field_font=\u00bb||||||||\u00bb form_field_font_size=\u00bb16px\u00bb custom_button=\u00bbon\u00bb button_text_size=\u00bb14px\u00bb button_text_color=\u00bb#2a2a2a\u00bb button_bg_color=\u00bb#e0c588&#8243; button_border_width=\u00bb12px\u00bb button_border_color=\u00bb#e0c588&#8243; button_border_radius=\u00bb30px\u00bb button_letter_spacing=\u00bb2px\u00bb button_font=\u00bbPoppins|600||on|||||\u00bb max_width=\u00bb800px\u00bb module_alignment=\u00bbcenter\u00bb animation_style=\u00bbfade\u00bb border_width_all=\u00bb1px\u00bb border_color_all=\u00bbrgba(0,0,0,0.12)\u00bb form_background_color=\u00bbrgba(255,255,255,0)\u00bb global_colors_info=\u00bb{}\u00bb][et_pb_contact_field field_id=\u00bbName\u00bb field_title=\u00bbNombre\u00bb _builder_version=\u00bb4.17.3&#8243; _module_preset=\u00bbdefault\u00bb global_colors_info=\u00bb{}\u00bb button_text_size__hover_enabled=\u00bboff\u00bb button_one_text_size__hover_enabled=\u00bboff\u00bb button_two_text_size__hover_enabled=\u00bboff\u00bb button_text_color__hover_enabled=\u00bboff\u00bb button_one_text_color__hover_enabled=\u00bboff\u00bb button_two_text_color__hover_enabled=\u00bboff\u00bb button_border_width__hover_enabled=\u00bboff\u00bb button_one_border_width__hover_enabled=\u00bboff\u00bb button_two_border_width__hover_enabled=\u00bboff\u00bb button_border_color__hover_enabled=\u00bboff\u00bb button_one_border_color__hover_enabled=\u00bboff\u00bb button_two_border_color__hover_enabled=\u00bboff\u00bb button_border_radius__hover_enabled=\u00bboff\u00bb button_one_border_radius__hover_enabled=\u00bboff\u00bb button_two_border_radius__hover_enabled=\u00bboff\u00bb button_letter_spacing__hover_enabled=\u00bboff\u00bb button_one_letter_spacing__hover_enabled=\u00bboff\u00bb button_two_letter_spacing__hover_enabled=\u00bboff\u00bb button_bg_color__hover_enabled=\u00bboff\u00bb button_one_bg_color__hover_enabled=\u00bboff\u00bb button_two_bg_color__hover_enabled=\u00bboff\u00bb][\/et_pb_contact_field][et_pb_contact_field field_id=\u00bbEmail\u00bb field_title=\u00bbCorreo electr\u00f3nico\u00bb field_type=\u00bbemail\u00bb _builder_version=\u00bb4.17.3&#8243; _module_preset=\u00bbdefault\u00bb global_colors_info=\u00bb{}\u00bb button_text_size__hover_enabled=\u00bboff\u00bb button_one_text_size__hover_enabled=\u00bboff\u00bb button_two_text_size__hover_enabled=\u00bboff\u00bb button_text_color__hover_enabled=\u00bboff\u00bb button_one_text_color__hover_enabled=\u00bboff\u00bb button_two_text_color__hover_enabled=\u00bboff\u00bb button_border_width__hover_enabled=\u00bboff\u00bb button_one_border_width__hover_enabled=\u00bboff\u00bb button_two_border_width__hover_enabled=\u00bboff\u00bb button_border_color__hover_enabled=\u00bboff\u00bb button_one_border_color__hover_enabled=\u00bboff\u00bb button_two_border_color__hover_enabled=\u00bboff\u00bb button_border_radius__hover_enabled=\u00bboff\u00bb button_one_border_radius__hover_enabled=\u00bboff\u00bb button_two_border_radius__hover_enabled=\u00bboff\u00bb button_letter_spacing__hover_enabled=\u00bboff\u00bb button_one_letter_spacing__hover_enabled=\u00bboff\u00bb button_two_letter_spacing__hover_enabled=\u00bboff\u00bb button_bg_color__hover_enabled=\u00bboff\u00bb button_one_bg_color__hover_enabled=\u00bboff\u00bb button_two_bg_color__hover_enabled=\u00bboff\u00bb][\/et_pb_contact_field][et_pb_contact_field field_id=\u00bbTel\u00bb field_title=\u00bbTel\u00e9fono\u00bb required_mark=\u00bboff\u00bb _builder_version=\u00bb4.17.3&#8243; _module_preset=\u00bbdefault\u00bb global_colors_info=\u00bb{}\u00bb button_text_size__hover_enabled=\u00bboff\u00bb button_one_text_size__hover_enabled=\u00bboff\u00bb button_two_text_size__hover_enabled=\u00bboff\u00bb button_text_color__hover_enabled=\u00bboff\u00bb button_one_text_color__hover_enabled=\u00bboff\u00bb button_two_text_color__hover_enabled=\u00bboff\u00bb button_border_width__hover_enabled=\u00bboff\u00bb button_one_border_width__hover_enabled=\u00bboff\u00bb button_two_border_width__hover_enabled=\u00bboff\u00bb button_border_color__hover_enabled=\u00bboff\u00bb button_one_border_color__hover_enabled=\u00bboff\u00bb button_two_border_color__hover_enabled=\u00bboff\u00bb button_border_radius__hover_enabled=\u00bboff\u00bb button_one_border_radius__hover_enabled=\u00bboff\u00bb button_two_border_radius__hover_enabled=\u00bboff\u00bb button_letter_spacing__hover_enabled=\u00bboff\u00bb button_one_letter_spacing__hover_enabled=\u00bboff\u00bb button_two_letter_spacing__hover_enabled=\u00bboff\u00bb button_bg_color__hover_enabled=\u00bboff\u00bb button_one_bg_color__hover_enabled=\u00bboff\u00bb button_two_bg_color__hover_enabled=\u00bboff\u00bb][\/et_pb_contact_field][et_pb_contact_field field_id=\u00bbCountry\u00bb field_title=\u00bbPa\u00eds\u00bb _builder_version=\u00bb4.17.3&#8243; _module_preset=\u00bbdefault\u00bb global_colors_info=\u00bb{}\u00bb button_text_size__hover_enabled=\u00bboff\u00bb button_one_text_size__hover_enabled=\u00bboff\u00bb button_two_text_size__hover_enabled=\u00bboff\u00bb button_text_color__hover_enabled=\u00bboff\u00bb button_one_text_color__hover_enabled=\u00bboff\u00bb button_two_text_color__hover_enabled=\u00bboff\u00bb button_border_width__hover_enabled=\u00bboff\u00bb button_one_border_width__hover_enabled=\u00bboff\u00bb button_two_border_width__hover_enabled=\u00bboff\u00bb button_border_color__hover_enabled=\u00bboff\u00bb button_one_border_color__hover_enabled=\u00bboff\u00bb button_two_border_color__hover_enabled=\u00bboff\u00bb button_border_radius__hover_enabled=\u00bboff\u00bb button_one_border_radius__hover_enabled=\u00bboff\u00bb button_two_border_radius__hover_enabled=\u00bboff\u00bb button_letter_spacing__hover_enabled=\u00bboff\u00bb button_one_letter_spacing__hover_enabled=\u00bboff\u00bb button_two_letter_spacing__hover_enabled=\u00bboff\u00bb button_bg_color__hover_enabled=\u00bboff\u00bb button_one_bg_color__hover_enabled=\u00bboff\u00bb button_two_bg_color__hover_enabled=\u00bboff\u00bb][\/et_pb_contact_field][et_pb_contact_field field_id=\u00bbDescription\u00bb field_title=\u00bbDescripci\u00f3n\u00bb field_type=\u00bbtext\u00bb fullwidth_field=\u00bbon\u00bb _builder_version=\u00bb4.17.3&#8243; _module_preset=\u00bbdefault\u00bb global_colors_info=\u00bb{}\u00bb button_text_size__hover_enabled=\u00bboff\u00bb button_one_text_size__hover_enabled=\u00bboff\u00bb button_two_text_size__hover_enabled=\u00bboff\u00bb button_text_color__hover_enabled=\u00bboff\u00bb button_one_text_color__hover_enabled=\u00bboff\u00bb button_two_text_color__hover_enabled=\u00bboff\u00bb button_border_width__hover_enabled=\u00bboff\u00bb button_one_border_width__hover_enabled=\u00bboff\u00bb button_two_border_width__hover_enabled=\u00bboff\u00bb button_border_color__hover_enabled=\u00bboff\u00bb button_one_border_color__hover_enabled=\u00bboff\u00bb button_two_border_color__hover_enabled=\u00bboff\u00bb button_border_radius__hover_enabled=\u00bboff\u00bb button_one_border_radius__hover_enabled=\u00bboff\u00bb button_two_border_radius__hover_enabled=\u00bboff\u00bb button_letter_spacing__hover_enabled=\u00bboff\u00bb button_one_letter_spacing__hover_enabled=\u00bboff\u00bb button_two_letter_spacing__hover_enabled=\u00bboff\u00bb button_bg_color__hover_enabled=\u00bboff\u00bb button_one_bg_color__hover_enabled=\u00bboff\u00bb button_two_bg_color__hover_enabled=\u00bboff\u00bb][\/et_pb_contact_field][\/et_pb_contact_form][et_pb_wc_meta show_sku=\u00bboff\u00bb show_categories=\u00bboff\u00bb _builder_version=\u00bb4.21.0&#8243; _module_preset=\u00bbdefault\u00bb global_colors_info=\u00bb{}\u00bb][\/et_pb_wc_meta][\/et_pb_column][\/et_pb_row][et_pb_row _builder_version=\u00bb4.16&#8243; background_size=\u00bbinitial\u00bb background_position=\u00bbtop_left\u00bb background_repeat=\u00bbrepeat\u00bb width=\u00bb100%\u00bb min_height=\u00bb163.3px\u00bb custom_padding=\u00bb||42px|||\u00bb global_colors_info=\u00bb{}\u00bb][et_pb_column type=\u00bb4_4&#8243; _builder_version=\u00bb4.16&#8243; custom_padding=\u00bb|||\u00bb global_colors_info=\u00bb{}\u00bb custom_padding__hover=\u00bb|||\u00bb][et_pb_wc_tabs _builder_version=\u00bb4.17.3&#8243; min_height=\u00bb278.6px\u00bb global_colors_info=\u00bb{}\u00bb] [\/et_pb_wc_tabs][et_pb_wc_upsells _builder_version=\u00bb4.16&#8243; global_colors_info=\u00bb{}\u00bb][\/et_pb_wc_upsells][et_pb_wc_related_products product=\u00bblatest\u00bb posts_number=\u00bb10&#8243; columns_number=\u00bb5&#8243; include_categories=\u00bb106&#8243; show_price=\u00bboff\u00bb show_rating=\u00bboff\u00bb show_sale_badge=\u00bboff\u00bb _builder_version=\u00bb4.21.0&#8243; rating_text_align=\u00bbleft\u00bb product_title_font_size=\u00bb14px\u00bb global_colors_info=\u00bb{}\u00bb][\/et_pb_wc_related_products][\/et_pb_column][\/et_pb_row][\/et_pb_section]<\/p>\n","protected":false},"excerpt":{"rendered":"<p>Flores artificiales de lirio de cala, florister\u00eda, suministros a granel Altura: 62 cm Di\u00e1metro de la flor: 8,5 cm 5 flores 5 hojas Material: Eva tallo: pl\u00e1stico 360 piezas\/cart\u00f3n ID:BRSF0201<\/p>\n","protected":false},"featured_media":35392,"comment_status":"open","ping_status":"closed","template":"","meta":{"_et_pb_use_builder":"on","_et_pb_old_content":"Ingrese a un mundo de encanto bot\u00e1nico con nuestras flores de lirio de cala artificiales de alta calidad. Fabricado con material EVA de primera calidad, cada flor emana una apariencia notablemente realista, con p\u00e9talos suaves y completos que imitan la gracia y el encanto de los lirios de cala reales. Los tallos est\u00e1n h\u00e1bilmente envueltos con pl\u00e1stico, lo que garantiza la robustez y brinda la flexibilidad para ajustar los \u00e1ngulos para una personalizaci\u00f3n sin esfuerzo.\r\n\r\nSum\u00e9rjase en la belleza de estas exquisitas flores, ya que cada lirio de cala se eleva a una altura de flor de 62 cm con un delicioso di\u00e1metro de flor de 8,5 cm. Con 5 cabezas y 5 hojas que adornan cada tallo, estos falsos lirios de cala crean una vista fascinante que cautivar\u00e1 tus sentidos.\r\n\r\nPrep\u00e1rate para dar rienda suelta a tu creatividad con nuestros lirios de cala ensamblados y recortados por ti mismo. Mezcla y combina estas bellezas artificiales con otras flores para dise\u00f1ar arreglos cautivadores. Para un toque adicional de elegancia, incluso puede infundir algunos lirios de cala reales entre las flores, envolviendo su espacio con una fragancia celestial que realza la atm\u00f3sfera festiva.\r\n\r\nEstos vers\u00e1tiles <a href=\"https:\/\/lipu688.oss-us-east-1.aliyuncs.com\/es\/flores-de-seda-artificiales\/lirio-de-cala\/\">lirio de cala artificial<\/a> demuestran ser una decoraci\u00f3n perfecta para todo el a\u00f1o, ideales para realzar cualquier ocasi\u00f3n o espacio con un estilo europeo cl\u00e1sico. Agregan un toque de sofisticaci\u00f3n a bodas, fiestas y reuniones en el jard\u00edn. Adem\u00e1s, estas flores encantadoras encuentran su lugar como pieza central en hogares, hoteles y otros entornos, dando vida y encanto a los alrededores.\r\n\r\nAbraza la belleza eterna y el encanto de nuestros lirios de cala artificiales, ya que aportan un toque de naturaleza a tus espacios sin la preocupaci\u00f3n de los cambios de estaci\u00f3n. Con su apariencia realista, estas delicadas flores crean un ambiente et\u00e9reo que dejar\u00e1 una impresi\u00f3n duradera en cualquiera que las contemple.\r\n\r\nTransforma cualquier entorno en un para\u00edso floral con nuestras exquisitas flores de lirio de cala. Experimente la alegr\u00eda de decorar con estas flores elegantes y de aspecto natural, celebrando los momentos m\u00e1s preciados de la vida con un toque eterno de belleza y gracia.\r\n\r\nSi es importador y desea vender al por mayor <a href=\"https:\/\/lipu688.oss-us-east-1.aliyuncs.com\/es\/flores-de-seda-artificiales\/\">flores artificiales de seda<\/a>, comun\u00edquese con el correo electr\u00f3nico: enquiry@blush-rose.com; WhatsApp: +8613920077206","_et_gb_content_width":""},"product_brand":[],"product_cat":[334,292],"product_tag":[252],"class_list":{"0":"post-12252","1":"product","2":"type-product","3":"status-publish","4":"has-post-thumbnail","6":"product_cat-calla-lily-es","7":"product_cat-sin-categorizar","8":"product_tag-flores-de-seda-al-por-mayor","10":"first","11":"instock","12":"shipping-taxable","13":"product-type-simple"},"_links":{"self":[{"href":"https:\/\/www.blush-rose.com\/es\/wp-json\/wp\/v2\/product\/12252","targetHints":{"allow":["GET"]}}],"collection":[{"href":"https:\/\/www.blush-rose.com\/es\/wp-json\/wp\/v2\/product"}],"about":[{"href":"https:\/\/www.blush-rose.com\/es\/wp-json\/wp\/v2\/types\/product"}],"replies":[{"embeddable":true,"href":"https:\/\/www.blush-rose.com\/es\/wp-json\/wp\/v2\/comments?post=12252"}],"wp:featuredmedia":[{"embeddable":true,"href":"https:\/\/www.blush-rose.com\/es\/wp-json\/wp\/v2\/media\/35392"}],"wp:attachment":[{"href":"https:\/\/www.blush-rose.com\/es\/wp-json\/wp\/v2\/media?parent=12252"}],"wp:term":[{"taxonomy":"product_brand","embeddable":true,"href":"https:\/\/www.blush-rose.com\/es\/wp-json\/wp\/v2\/product_brand?post=12252"},{"taxonomy":"product_cat","embeddable":true,"href":"https:\/\/www.blush-rose.com\/es\/wp-json\/wp\/v2\/product_cat?post=12252"},{"taxonomy":"product_tag","embeddable":true,"href":"https:\/\/www.blush-rose.com\/es\/wp-json\/wp\/v2\/product_tag?post=12252"}],"curies":[{"name":"wp","href":"https:\/\/api.w.org\/{rel}","templated":true}]}}