{"id":21358,"date":"2023-02-15T02:34:21","date_gmt":"2023-02-15T02:34:21","guid":{"rendered":"https:\/\/www.blush-rose.com\/politica-de-privacidad\/"},"modified":"2024-05-06T23:38:53","modified_gmt":"2024-05-06T23:38:53","slug":"politica-de-privacidad","status":"publish","type":"page","link":"https:\/\/www.blush-rose.com\/es\/politica-de-privacidad\/","title":{"rendered":"pol\u00edtica de privacidad"},"content":{"rendered":"\n\n[et_pb_section fb_built=\u00bb1&#8243; theme_builder_area=\u00bbpost_content\u00bb _builder_version=\u00bb4.17.3&#8243; _module_preset=\u00bbdefault\u00bb][et_pb_row _builder_version=\u00bb4.17.3&#8243; _module_preset=\u00bbdefault\u00bb theme_builder_area=\u00bbpost_content\u00bb][et_pb_column _builder_version=\u00bb4.17.3&#8243; _module_preset=\u00bbdefault\u00bb type=\u00bb4_4&#8243; theme_builder_area=\u00bbpost_content\u00bb][et_pb_text _builder_version=\u00bb4.17.3&#8243; _module_preset=\u00bbdefault\u00bb theme_builder_area=\u00bbpost_content\u00bb hover_enabled=\u00bb0&#8243; sticky_enabled=\u00bb0&#8243;]\n          <div class=\"et_pb_module et_pb_text et_pb_text_0 et_pb_text_align_left et_pb_bg_layout_light\" style=\"box-sizing: border-box; margin: 0px 0px 29.7px; padding: 0px; border: 0px; outline: 0px; font-size: 14px; text-size-adjust: 100%; vertical-align: baseline; background: 50% center \/ cover no-repeat #ffffff; position: relative; animation-timing-function: linear; animation-duration: 0.2s; overflow-wrap: break-word; text-align: left; color: #666666; font-family: 'Open Sans', Arial, sans-serif; font-style: normal; font-variant-ligatures: normal; font-variant-caps: normal; font-weight: 500; letter-spacing: normal; orphans: 2; text-indent: 0px; text-transform: none; white-space: normal; widows: 2; word-spacing: 0px; -webkit-text-stroke-width: 0px; text-decoration-thickness: initial; text-decoration-style: initial; text-decoration-color: initial;\">\n            \n\n            <div class=\"et_pb_text_inner\" style=\"box-sizing: border-box; margin: 0px; padding: 0px; border: 0px; outline: 0px; font-size: 14px; text-size-adjust: 100%; vertical-align: baseline; background: 0px 0px; position: relative;\">\n              \n\n              <h4 style=\"box-sizing: border-box; margin: 0px; padding: 0px 0px 10px; border: 0px; outline: 0px; font-size: 18px; text-size-adjust: 100%; vertical-align: baseline; background: 0px 0px; color: #51a3cc !important; line-height: 1em; font-weight: bold;\">pol\u00edtica de privacidad<\/h4>\n              \n\n              <p style=\"box-sizing: border-box; margin: 0px; padding: 0px; border: 0px; outline: 0px; font-size: 14px; text-size-adjust: 100%; vertical-align: baseline; background: 0px 0px;\">Esta declaraci\u00f3n de privacidad se le proporciona para explicar qu\u00e9 informaci\u00f3n BLUSH ROSE recopila de usted a trav\u00e9s del uso de este sitio web (en adelante, \u00abSitio\u00bb) y c\u00f3mo utiliza esta informaci\u00f3n.<\/p>\n              \n\n            <\/div>\n            \n\n          <\/div>\n          \n\n          <div class=\"et_pb_module et_pb_text et_pb_text_1 et_pb_text_align_left et_pb_bg_layout_light\" style=\"box-sizing: border-box; margin: 0px 0px 29.7px; padding: 0px; border: 0px; outline: 0px; font-size: 14px; text-size-adjust: 100%; vertical-align: baseline; background: 50% center \/ cover no-repeat #ffffff; position: relative; animation-timing-function: linear; animation-duration: 0.2s; overflow-wrap: break-word; text-align: left; color: #666666; font-family: 'Open Sans', Arial, sans-serif; font-style: normal; font-variant-ligatures: normal; font-variant-caps: normal; font-weight: 500; letter-spacing: normal; orphans: 2; text-indent: 0px; text-transform: none; white-space: normal; widows: 2; word-spacing: 0px; -webkit-text-stroke-width: 0px; text-decoration-thickness: initial; text-decoration-style: initial; text-decoration-color: initial;\">\n            \n\n            <div class=\"et_pb_text_inner\" style=\"box-sizing: border-box; margin: 0px; padding: 0px; border: 0px; outline: 0px; font-size: 14px; text-size-adjust: 100%; vertical-align: baseline; background: 0px 0px; position: relative;\">\n              \n\n              <h4 style=\"box-sizing: border-box; margin: 0px; padding: 0px 0px 10px; border: 0px; outline: 0px; font-size: 18px; text-size-adjust: 100%; vertical-align: baseline; background: 0px 0px; color: #51a3cc !important; line-height: 1em; font-weight: bold;\">Informacion personal<\/h4>\n              \n\n              <p style=\"box-sizing: border-box; margin: 0px; padding: 0px 0px 1em; border: 0px; outline: 0px; font-size: 14px; text-size-adjust: 100%; vertical-align: baseline; background: 0px 0px;\">Generalmente, puede navegar por este Sitio sin proporcionar su nombre ni otra informaci\u00f3n personal. A veces, el Sitio puede necesitar su informaci\u00f3n personal. Por ejemplo, necesitamos su direcci\u00f3n de correo electr\u00f3nico, nombre e informaci\u00f3n de contacto cuando nos env\u00eda un correo electr\u00f3nico o se registra para obtener una suscripci\u00f3n gratuita; Necesitamos su nombre, sexo, edad y experiencia educativa cuando solicita un trabajo en nuestro sitio web. Es posible que necesitemos dicha informaci\u00f3n para realizar una transacci\u00f3n o brindar un mejor servicio.<\/p>\n              \n\n              <p style=\"box-sizing: border-box; margin: 0px; padding: 0px; border: 0px; outline: 0px; font-size: 14px; text-size-adjust: 100%; vertical-align: baseline; background: 0px 0px;\">Cuando visita este Sitio, autom\u00e1ticamente recopila cierta informaci\u00f3n sobre usted y su solicitud (por ejemplo, su direcci\u00f3n de Protocolo de Internet (\u201cIP\u201d), el contenido que solicita) y otra informaci\u00f3n proporcionada por su navegador (por ejemplo, nombre del navegador, sitio de referencia). ). Esta informaci\u00f3n puede usarse para mejorar el contenido y la utilidad de este Sitio, para comprender su uso del Sitio y para personalizar el contenido seg\u00fan su uso. No conectamos esta informaci\u00f3n con sus datos personales.<\/p>\n              \n\n            <\/div>\n            \n\n          <\/div>\n          \n\n          <div class=\"et_pb_module et_pb_text et_pb_text_2 et_pb_text_align_left et_pb_bg_layout_light\" style=\"box-sizing: border-box; margin: 0px 0px 29.7px; padding: 0px; border: 0px; outline: 0px; font-size: 14px; text-size-adjust: 100%; vertical-align: baseline; background: 50% center \/ cover no-repeat #ffffff; position: relative; animation-timing-function: linear; animation-duration: 0.2s; overflow-wrap: break-word; text-align: left; color: #666666; font-family: 'Open Sans', Arial, sans-serif; font-style: normal; font-variant-ligatures: normal; font-variant-caps: normal; font-weight: 500; letter-spacing: normal; orphans: 2; text-indent: 0px; text-transform: none; white-space: normal; widows: 2; word-spacing: 0px; -webkit-text-stroke-width: 0px; text-decoration-thickness: initial; text-decoration-style: initial; text-decoration-color: initial;\">\n            \n\n            <div class=\"et_pb_text_inner\" style=\"box-sizing: border-box; margin: 0px; padding: 0px; border: 0px; outline: 0px; font-size: 14px; text-size-adjust: 100%; vertical-align: baseline; background: 0px 0px; position: relative;\">\n              \n\n              <h4 style=\"box-sizing: border-box; margin: 0px; padding: 0px 0px 10px; border: 0px; outline: 0px; font-size: 18px; text-size-adjust: 100%; vertical-align: baseline; background: 0px 0px; color: #51a3cc !important; line-height: 1em; font-weight: bold;\">Galletas<\/h4>\n              \n\n              <p style=\"box-sizing: border-box; margin: 0px; padding: 0px; border: 0px; outline: 0px; font-size: 14px; text-size-adjust: 100%; vertical-align: baseline; background: 0px 0px;\">Cuando visite este Sitio, le enviaremos una cookie. Una cookie almacena un peque\u00f1o archivo de datos en su computadora. Este archivo nos permite reconocerle cada vez que nos visita. Las cookies nos ayudan de muchas maneras, por ejemplo, guardando su regi\u00f3n y preferencia de idioma y con el fin de recopilar datos no personales.<br style=\"box-sizing: border-box;\">Si no permite que este sitio web utilice cookies, es posible que ciertas funciones o secciones del Sitio no est\u00e9n disponibles para usted o no funcionen como se esperaba. Las cookies tambi\u00e9n se pueden eliminar o bloquear siguiendo las instrucciones de ayuda de su navegador.<\/p>\n              \n\n            <\/div>\n            \n\n          <\/div>\n          \n\n          <div class=\"et_pb_module et_pb_text et_pb_text_3 et_pb_text_align_left et_pb_bg_layout_light\" style=\"box-sizing: border-box; margin: 0px 0px 29.7px; padding: 0px; border: 0px; outline: 0px; font-size: 14px; text-size-adjust: 100%; vertical-align: baseline; background: 50% center \/ cover no-repeat #ffffff; position: relative; animation-timing-function: linear; animation-duration: 0.2s; overflow-wrap: break-word; text-align: left; color: #666666; font-family: 'Open Sans', Arial, sans-serif; font-style: normal; font-variant-ligatures: normal; font-variant-caps: normal; font-weight: 500; letter-spacing: normal; orphans: 2; text-indent: 0px; text-transform: none; white-space: normal; widows: 2; word-spacing: 0px; -webkit-text-stroke-width: 0px; text-decoration-thickness: initial; text-decoration-style: initial; text-decoration-color: initial;\">\n            \n\n            <div class=\"et_pb_text_inner\" style=\"box-sizing: border-box; margin: 0px; padding: 0px; border: 0px; outline: 0px; font-size: 14px; text-size-adjust: 100%; vertical-align: baseline; background: 0px 0px; position: relative;\">\n              \n\n              <h4 style=\"box-sizing: border-box; margin: 0px; padding: 0px 0px 10px; border: 0px; outline: 0px; font-size: 18px; text-size-adjust: 100%; vertical-align: baseline; background: 0px 0px; color: #51a3cc !important; line-height: 1em; font-weight: bold;\">Seguridad<\/h4>\n              \n\n              <p style=\"box-sizing: border-box; margin: 0px; padding: 0px; border: 0px; outline: 0px; font-size: 14px; text-size-adjust: 100%; vertical-align: baseline; background: 0px 0px;\">BLUSH ROSE utiliza medidas de seguridad razonables dise\u00f1adas para proteger su informaci\u00f3n. Los servidores, donde se almacena la informaci\u00f3n personal, est\u00e1n protegidos con contrase\u00f1a y firewall, y el acceso est\u00e1 limitado a aquellos empleados y contratistas independientes que necesiten saberlo y solo para los fines identificados anteriormente. Mantenemos medidas de seguridad destinadas a proteger la seguridad, integridad y privacidad de estos servidores y de su informaci\u00f3n personal.<\/p>\n              \n\n            <\/div>\n            \n\n          <\/div>\n          \n\n          <div class=\"et_pb_module et_pb_text et_pb_text_4 et_pb_text_align_left et_pb_bg_layout_light\" style=\"box-sizing: border-box; margin: 0px 0px 29.7px; padding: 0px; border: 0px; outline: 0px; font-size: 14px; text-size-adjust: 100%; vertical-align: baseline; background: 50% center \/ cover no-repeat #ffffff; position: relative; animation-timing-function: linear; animation-duration: 0.2s; overflow-wrap: break-word; text-align: left; color: #666666; font-family: 'Open Sans', Arial, sans-serif; font-style: normal; font-variant-ligatures: normal; font-variant-caps: normal; font-weight: 500; letter-spacing: normal; orphans: 2; text-indent: 0px; text-transform: none; white-space: normal; widows: 2; word-spacing: 0px; -webkit-text-stroke-width: 0px; text-decoration-thickness: initial; text-decoration-style: initial; text-decoration-color: initial;\">\n            \n\n            <div class=\"et_pb_text_inner\" style=\"box-sizing: border-box; margin: 0px; padding: 0px; border: 0px; outline: 0px; font-size: 14px; text-size-adjust: 100%; vertical-align: baseline; background: 0px 0px; position: relative;\">\n              \n\n              <h4 style=\"box-sizing: border-box; margin: 0px; padding: 0px 0px 10px; border: 0px; outline: 0px; font-size: 18px; text-size-adjust: 100%; vertical-align: baseline; background: 0px 0px; color: #51a3cc !important; line-height: 1em; font-weight: bold;\">Enlaces de terceros<\/h4>\n              \n\n              <p style=\"box-sizing: border-box; margin: 0px; padding: 0px; border: 0px; outline: 0px; font-size: 14px; text-size-adjust: 100%; vertical-align: baseline; background: 0px 0px;\">Es posible que existan sitios web de terceros a los que pueda vincularse desde este sitio web. Por ejemplo, le permitimos vincularse a Facebook, Twitter y varios otros sitios de redes sociales desde este sitio web. Sin embargo, YUTANI Group no tiene control sobre estos sitios web vinculados y cada uno tiene pr\u00e1cticas de privacidad y recopilaci\u00f3n de datos independientes, independientes de YUTANI Group. Estos sitios web de terceros pueden rastrear su actividad de navegaci\u00f3n en este sitio web, as\u00ed como en otros sitios que visite. YUTANI Group no tiene ninguna responsabilidad por estas pol\u00edticas o acciones independientes y no es responsable de las pr\u00e1cticas de privacidad o el contenido de dichos sitios web. Estos sitios web vinculados son s\u00f3lo para su comodidad y, por lo tanto, usted accede a ellos bajo su propia responsabilidad.<\/p>\n              \n\n            <\/div>\n            \n\n          <\/div>\n          \n\n          <div class=\"et_pb_module et_pb_text et_pb_text_5 et_pb_text_align_left et_pb_bg_layout_light\" style=\"box-sizing: border-box; margin: 0px 0px 29.7px; padding: 0px; border: 0px; outline: 0px; font-size: 14px; text-size-adjust: 100%; vertical-align: baseline; background: 50% center \/ cover no-repeat #ffffff; position: relative; animation-timing-function: linear; animation-duration: 0.2s; overflow-wrap: break-word; text-align: left; color: #666666; font-family: 'Open Sans', Arial, sans-serif; font-style: normal; font-variant-ligatures: normal; font-variant-caps: normal; font-weight: 500; letter-spacing: normal; orphans: 2; text-indent: 0px; text-transform: none; white-space: normal; widows: 2; word-spacing: 0px; -webkit-text-stroke-width: 0px; text-decoration-thickness: initial; text-decoration-style: initial; text-decoration-color: initial;\">\n            \n\n            <div class=\"et_pb_text_inner\" style=\"box-sizing: border-box; margin: 0px; padding: 0px; border: 0px; outline: 0px; font-size: 14px; text-size-adjust: 100%; vertical-align: baseline; background: 0px 0px; position: relative;\">\n              \n\n              <h4 style=\"box-sizing: border-box; margin: 0px; padding: 0px 0px 10px; border: 0px; outline: 0px; font-size: 18px; text-size-adjust: 100%; vertical-align: baseline; background: 0px 0px; color: #51a3cc !important; line-height: 1em; font-weight: bold;\">Descargo de responsabilidad<\/h4>\n              \n\n              <p style=\"box-sizing: border-box; margin: 0px; padding: 0px; border: 0px; outline: 0px; font-size: 14px; text-size-adjust: 100%; vertical-align: baseline; background: 0px 0px;\">En los siguientes casos, este sitio web no asume ninguna responsabilidad.<\/p>\n              \n\n              <ol style=\"box-sizing: border-box; margin: 0px; padding: 0px 0px 1em; border: 0px; outline: 0px; font-size: 14px; text-size-adjust: 100%; vertical-align: baseline; background: 0px 0px; list-style: inside decimal; line-height: 26px;\">\n                \n\n                <li style=\"box-sizing: border-box; margin: 0px; padding: 0px; border: 0px; outline: 0px; font-size: 14px; text-size-adjust: 100%; vertical-align: baseline; background: 0px 0px;\">Divulgamos informaci\u00f3n a autoridades policiales, agencias gubernamentales o terceros autorizados por la ley, en respuesta a una solicitud verificada relacionada con una investigaci\u00f3n criminal o supuesta actividad ilegal, o cualquier otra actividad que pueda exponernos a nosotros, a usted o a cualquier otro usuario del sitio web. a la responsabilidad legal. En tales eventos, divulgaremos informaci\u00f3n que consideremos relevante y necesaria para la investigaci\u00f3n o indagaci\u00f3n.<\/li>\n                \n\n                <li style=\"box-sizing: border-box; margin: 0px; padding: 0px; border: 0px; outline: 0px; font-size: 14px; text-size-adjust: 100%; vertical-align: baseline; background: 0px 0px;\">Cualquier divulgaci\u00f3n de datos personales causada por compartir cuentas registradas con otros o informar a otros de su contrase\u00f1a o por otros motivos personales.<\/li>\n                \n\n                <li style=\"box-sizing: border-box; margin: 0px; padding: 0px; border: 0px; outline: 0px; font-size: 14px; text-size-adjust: 100%; vertical-align: baseline; background: 0px 0px;\">\n                  <span style=\"box-sizing: border-box; margin: 0px; padding: 0px; border: 0px; outline: 0px; font-size: 14px; text-size-adjust: 100%; vertical-align: baseline; background: 0px 0px;\">Cualquier dato personal es divulgado, perdido, robado y manipulado por virus inform\u00e1ticos o por cierre temporal de la red causado por factores irresistibles.<\/span>\n                <\/li>\n                \n\n                <li style=\"box-sizing: border-box; margin: 0px; padding: 0px; border: 0px; outline: 0px; font-size: 14px; text-size-adjust: 100%; vertical-align: baseline; background: 0px 0px;\">Los datos personales son divulgados por otros sitios web vinculados a este Sitio Web y cualquier disputa legal y consecuencia que surja de los mismos.<\/li>\n                \n\n                <li style=\"box-sizing: border-box; margin: 0px; padding: 0px; border: 0px; outline: 0px; font-size: 14px; text-size-adjust: 100%; vertical-align: baseline; background: 0px 0px;\">Otras causas que conduzcan a la divulgaci\u00f3n de datos personales por culpa nuestra.<\/li>\n                \n\n              <\/ol>\n              \n\n            <\/div>\n            \n\n          <\/div>\n          \n\n          <div class=\"et_pb_module et_pb_text et_pb_text_6 et_pb_text_align_left et_pb_bg_layout_light\" style=\"box-sizing: border-box; margin: 0px; padding: 0px; border: 0px; outline: 0px; font-size: 14px; text-size-adjust: 100%; vertical-align: baseline; background: 50% center \/ cover no-repeat #ffffff; position: relative; animation-timing-function: linear; animation-duration: 0.2s; overflow-wrap: break-word; text-align: left; color: #666666; font-family: 'Open Sans', Arial, sans-serif; font-style: normal; font-variant-ligatures: normal; font-variant-caps: normal; font-weight: 500; letter-spacing: normal; orphans: 2; text-indent: 0px; text-transform: none; white-space: normal; widows: 2; word-spacing: 0px; -webkit-text-stroke-width: 0px; text-decoration-thickness: initial; text-decoration-style: initial; text-decoration-color: initial;\">\n            \n\n            <div class=\"et_pb_text_inner\" style=\"box-sizing: border-box; margin: 0px; padding: 0px; border: 0px; outline: 0px; font-size: 14px; text-size-adjust: 100%; vertical-align: baseline; background: 0px 0px; position: relative;\">\n              \n\n              <h4 style=\"box-sizing: border-box; margin: 0px; padding: 0px 0px 10px; border: 0px; outline: 0px; font-size: 18px; text-size-adjust: 100%; vertical-align: baseline; background: 0px 0px; color: #51a3cc !important; line-height: 1em; font-weight: bold;\">Leyes aplicables<\/h4>\n              \n\n              <p style=\"box-sizing: border-box; margin: 0px; padding: 0px 0px 1em; border: 0px; outline: 0px; font-size: 14px; text-size-adjust: 100%; vertical-align: baseline; background: 0px 0px;\">Cualquier controversia o demanda que surja de o est\u00e9 relacionada con esta pol\u00edtica de privacidad se resolver\u00e1 seg\u00fan la ley de la Rep\u00fablica Popular China.<\/p>\n              \n\n              <p style=\"box-sizing: border-box; margin: 0px; padding: 0px; border: 0px; outline: 0px; font-size: 14px; text-size-adjust: 100%; vertical-align: baseline; background: 0px 0px;\">BLUSH ROSE tiene derecho a explicar, revisar y actualizar la pol\u00edtica de privacidad.<\/p>\n              \n\n            <\/div>\n            \n\n          <\/div>\n        [\/et_pb_text][\/et_pb_column][\/et_pb_row][\/et_pb_section]\n\n","protected":false},"excerpt":{"rendered":"<p>pol\u00edtica de privacidad Esta declaraci\u00f3n de privacidad se le proporciona para explicar qu\u00e9 informaci\u00f3n BLUSH ROSE recopila de usted a trav\u00e9s del uso de este sitio web (en adelante, \u00abSitio\u00bb) y c\u00f3mo utiliza esta informaci\u00f3n. Informacion personal Generalmente, puede navegar por este Sitio sin proporcionar su nombre ni otra informaci\u00f3n personal. A veces, el Sitio [&hellip;]<\/p>\n","protected":false},"author":1,"featured_media":0,"parent":0,"menu_order":0,"comment_status":"closed","ping_status":"closed","template":"","meta":{"_et_pb_use_builder":"on","_et_pb_old_content":"","_et_gb_content_width":"","footnotes":""},"class_list":["post-21358","page","type-page","status-publish","hentry"],"_links":{"self":[{"href":"https:\/\/www.blush-rose.com\/es\/wp-json\/wp\/v2\/pages\/21358","targetHints":{"allow":["GET"]}}],"collection":[{"href":"https:\/\/www.blush-rose.com\/es\/wp-json\/wp\/v2\/pages"}],"about":[{"href":"https:\/\/www.blush-rose.com\/es\/wp-json\/wp\/v2\/types\/page"}],"author":[{"embeddable":true,"href":"https:\/\/www.blush-rose.com\/es\/wp-json\/wp\/v2\/users\/1"}],"replies":[{"embeddable":true,"href":"https:\/\/www.blush-rose.com\/es\/wp-json\/wp\/v2\/comments?post=21358"}],"version-history":[{"count":1,"href":"https:\/\/www.blush-rose.com\/es\/wp-json\/wp\/v2\/pages\/21358\/revisions"}],"predecessor-version":[{"id":21359,"href":"https:\/\/www.blush-rose.com\/es\/wp-json\/wp\/v2\/pages\/21358\/revisions\/21359"}],"wp:attachment":[{"href":"https:\/\/www.blush-rose.com\/es\/wp-json\/wp\/v2\/media?parent=21358"}],"curies":[{"name":"wp","href":"https:\/\/api.w.org\/{rel}","templated":true}]}}