{"id":21356,"date":"2023-02-15T03:36:39","date_gmt":"2023-02-15T03:36:39","guid":{"rendered":"https:\/\/www.blush-rose.com\/mision\/"},"modified":"2024-05-06T23:33:31","modified_gmt":"2024-05-06T23:33:31","slug":"mision","status":"publish","type":"page","link":"https:\/\/www.blush-rose.com\/es\/mision\/","title":{"rendered":"Misi\u00f3n"},"content":{"rendered":"\n[et_pb_section fb_built=\u00bb1&#8243; _builder_version=\u00bb4.17.3&#8243; _module_preset=\u00bbdefault\u00bb global_colors_info=\u00bb{}\u00bb theme_builder_area=\u00bbpost_content\u00bb][et_pb_row _builder_version=\u00bb4.17.3&#8243; _module_preset=\u00bbdefault\u00bb global_colors_info=\u00bb{}\u00bb theme_builder_area=\u00bbpost_content\u00bb][et_pb_column type=\u00bb4_4&#8243; _builder_version=\u00bb4.17.3&#8243; _module_preset=\u00bbdefault\u00bb global_colors_info=\u00bb{}\u00bb theme_builder_area=\u00bbpost_content\u00bb][et_pb_text _builder_version=\u00bb4.17.3&#8243; _module_preset=\u00bbdefault\u00bb hover_enabled=\u00bb0&#8243; global_colors_info=\u00bb{}\u00bb theme_builder_area=\u00bbpost_content\u00bb sticky_enabled=\u00bb0&#8243;]<div class=\"et_pb_module et_pb_text et_pb_text_0 et_pb_text_align_left et_pb_bg_layout_light\" style=\"box-sizing: border-box; margin: 0px 0px 29.7px; padding: 0px; border: 0px; outline: 0px; font-size: 14px; text-size-adjust: 100%; vertical-align: baseline; background: 50% center \/ cover no-repeat #ffffff; position: relative; animation-timing-function: linear; animation-duration: 0.2s; overflow-wrap: break-word; text-align: left; color: #666666; font-family: 'Open Sans', Arial, sans-serif; font-style: normal; font-variant-ligatures: normal; font-variant-caps: normal; font-weight: 500; letter-spacing: normal; orphans: 2; text-indent: 0px; text-transform: none; white-space: normal; widows: 2; word-spacing: 0px; -webkit-text-stroke-width: 0px; text-decoration-thickness: initial; text-decoration-style: initial; text-decoration-color: initial;\">\n            \n\n            <div class=\"et_pb_text_inner\" style=\"box-sizing: border-box; margin: 0px; padding: 0px; border: 0px; outline: 0px; font-size: 14px; text-size-adjust: 100%; vertical-align: baseline; background: 0px 0px; position: relative;\">\n              \n\n              <h4 style=\"box-sizing: border-box; margin: 0px; padding: 0px 0px 10px; border: 0px; outline: 0px; font-size: 18px; text-size-adjust: 100%; vertical-align: baseline; background: 0px 0px; color: #51a3cc !important; line-height: 1em; font-weight: bold;\">Misi\u00f3n<\/h4>\n              \n\n            <\/div>\n            \n\n          <\/div>\n          \n\n          <div class=\"et_pb_module et_pb_text et_pb_text_6 et_pb_text_align_left et_pb_bg_layout_light\" style=\"box-sizing: border-box; margin: 0px; padding: 0px; border: 0px; outline: 0px; font-size: 14px; text-size-adjust: 100%; vertical-align: baseline; background: 50% center \/ cover no-repeat #ffffff; position: relative; animation-timing-function: linear; animation-duration: 0.2s; overflow-wrap: break-word; text-align: left; color: #666666; font-family: 'Open Sans', Arial, sans-serif; font-style: normal; font-variant-ligatures: normal; font-variant-caps: normal; font-weight: 500; letter-spacing: normal; orphans: 2; text-indent: 0px; text-transform: none; white-space: normal; widows: 2; word-spacing: 0px; -webkit-text-stroke-width: 0px; text-decoration-thickness: initial; text-decoration-style: initial; text-decoration-color: initial;\">\n            \n\n            <div class=\"et_pb_text_inner\" style=\"box-sizing: border-box; margin: 0px; padding: 0px; border: 0px; outline: 0px; font-size: 14px; text-size-adjust: 100%; vertical-align: baseline; background: 0px 0px; position: relative;\">\n              \n\n              <p>Llevar al mundo las principales flores y plantas artificiales de China<\/p>\n              \n\n              <p>BLUSH ROSE es fabricante y mayorista, pero no minorista, de campos de flores. Blush-rose.com es un promotor de los principales fabricantes de China, pero no un verdadero sitio de compras en l\u00ednea. Con la autorizaci\u00f3n de los principales fabricantes originales de China, BLUSH ROSE se dedica a conectar a profesionales de abastecimiento global y productos con licencia de fabricaci\u00f3n china a trav\u00e9s de un sitio en l\u00ednea, para llevar los mejores fabricantes y productos florales artificiales de China al mundo.<\/p>\n              \n\n              <p>Los empleados principales de BLUSH ROSE provienen de empresas manufactureras o de cadenas de suministro en la industria de las flores artificiales y tienen m\u00e1s de 10 a\u00f1os de experiencia laboral. El equipo, bajo los principios de BLUSH ROSE Strict Selection (QSS), solo trabaja profundamente con los fabricantes l\u00edderes en cada campo de productos de subdivisi\u00f3n, para garantizar productos con la mejor calidad, el costo m\u00e1s competitivo y el servicio m\u00e1s confiable.<\/p>\n              \n\n              <p>Sea su proveedor confiable en China<\/p>\n              \n\n              <p>Con una experiencia persistente en los campos de la industria y un amplio apoyo de los principales fabricantes locales de China, BLUSH ROSE tambi\u00e9n puede ofrecer una gran cantidad de productos m\u00e1s all\u00e1 de los campos de bajo voltaje.<\/p>\n              \n\n              <p>Desde la flor hasta la planta, desde la materia prima hasta el env\u00edo, BLUSH ROSE ser\u00e1 su socio m\u00e1s confiable en China.<\/p>\n              \n\n            <\/div>\n            \n\n          <\/div>[\/et_pb_text][\/et_pb_column][\/et_pb_row][\/et_pb_section]\n","protected":false},"excerpt":{"rendered":"<p>Misi\u00f3n<\/p>\n","protected":false},"author":1,"featured_media":0,"parent":0,"menu_order":0,"comment_status":"closed","ping_status":"closed","template":"","meta":{"_et_pb_use_builder":"on","_et_pb_old_content":"","_et_gb_content_width":"","footnotes":""},"class_list":["post-21356","page","type-page","status-publish","hentry"],"_links":{"self":[{"href":"https:\/\/www.blush-rose.com\/es\/wp-json\/wp\/v2\/pages\/21356","targetHints":{"allow":["GET"]}}],"collection":[{"href":"https:\/\/www.blush-rose.com\/es\/wp-json\/wp\/v2\/pages"}],"about":[{"href":"https:\/\/www.blush-rose.com\/es\/wp-json\/wp\/v2\/types\/page"}],"author":[{"embeddable":true,"href":"https:\/\/www.blush-rose.com\/es\/wp-json\/wp\/v2\/users\/1"}],"replies":[{"embeddable":true,"href":"https:\/\/www.blush-rose.com\/es\/wp-json\/wp\/v2\/comments?post=21356"}],"version-history":[{"count":1,"href":"https:\/\/www.blush-rose.com\/es\/wp-json\/wp\/v2\/pages\/21356\/revisions"}],"predecessor-version":[{"id":21357,"href":"https:\/\/www.blush-rose.com\/es\/wp-json\/wp\/v2\/pages\/21356\/revisions\/21357"}],"wp:attachment":[{"href":"https:\/\/www.blush-rose.com\/es\/wp-json\/wp\/v2\/media?parent=21356"}],"curies":[{"name":"wp","href":"https:\/\/api.w.org\/{rel}","templated":true}]}}